{"id":13189,"date":"2024-10-28T20:47:28","date_gmt":"2024-10-28T20:47:28","guid":{"rendered":"https:\/\/puregrowshop.com\/zyme-caps-25-caps-green-planet-nutrients\/"},"modified":"2025-12-27T20:15:46","modified_gmt":"2025-12-27T20:15:46","slug":"zyme-caps-25-caps-green-planet-nutrients","status":"publish","type":"product","link":"https:\/\/puregrowshop.com\/fr\/zyme-caps-25-caps-green-planet-nutrients\/","title":{"rendered":"Zyme Caps  25 Caps. Green Planet Nutrients"},"content":{"rendered":"<p>Zyme Caps de Green Planet es un producto altamente concentrado en capsulas y que aporta a nuestro medio de cultivo un gran n\u00famero de enzimas para conseguir un mejor desarrollo de nuestras plantas de marihuana. Ha sido elaborado a partir de 19 enzimas de distintos tipos que intervienen sobre las ra\u00edces y el sustrato. Estas enzimas degradan todo el material org\u00e1nico que encontramos casi en su totalidad en la zona de las ra\u00edces muertas de la planta y lo convierte en numerosos nutrientes que son muy f\u00e1cil de asimilar. De esta manera conseguiremos que nuestros cultivos est\u00e9n prevenidos contra el ataque de hongos pat\u00f3genos y por lo tanto conseguiremos un crecimiento de nuestras plantas mucho m\u00e1s saludable.<\/p>\n<p>Este complejo enzim\u00e1tico contiene una serie de enzimas como la Pectinase, la Cellulasa y la Hemicellulase entre otras que act\u00faan directamente sobre el metabolismo de nuestras plantas consiguiendo una asimilaci\u00f3n m\u00e1s eficaz de todos los nutrientes y convirtiendo todas las ra\u00edces muertas en az\u00facares. Podremos utilizar este producto para conseguir revitalizar sustratos ya utilizados en plantaciones anteriores y dejarlo totalmente oxigenado y acondicionado para futuros cultivos.<\/p>\n<p>Con estas capsulas conseguiremos un crecimiento poderoso y saludable de nuestras plantas de marihuana en todo tipo de cultivos y nos ofrecer\u00e1 grandes resultados en sustratos de tierra, de fibra de coco, en cultivos hidrop\u00f3nicos y en cultivos aerop\u00f3nicos. Al contrario que otros productos similares Zyme Caps al estar concentrado en capsulas es m\u00e1s efectivo y duradero que otros complejos enzim\u00e1ticos l\u00edquidos.<\/p>\n<p>Aunque Zyme Caps nos ofrece grandes resultados con todo tipo de abonos y aditivos de cualquier marca, para conseguir sacar el m\u00e1ximo partido a nuestros cultivos de marihuana, te recomendamos combinarlo con la gama de abonos y aditivos de Green Planet. Este aditivo lo podemos utilizar una o dos veces a la semana junto a nuestro abono de nutrici\u00f3n b\u00e1sico tanto en el periodo de crecimiento como en el periodo de floraci\u00f3n.<\/p>\n<p>Funciones y caracter\u00edsticas de Zyme Caps de Green Planet (25 Caps \u2013 100 Caps \u2013 250 Caps):<br \/>   &#8211; Descompone el material muerto de las ra\u00edces en nuestros cultivos<br \/>   &#8211; Transforma el material org\u00e1nico muerto en nutrientes de f\u00e1cil asimilaci\u00f3n<br \/>   &#8211; Evita el ataque de hongos pat\u00f3genos<br \/>   &#8211; Revitaliza y acondiciona el sustrato ya utilizado<br \/>   &#8211; Conseguimos un crecimiento m\u00e1s vigoroso y saludable de nuestras plantas de marihuana<br \/>   &#8211; Ideal para todo tipo de cultivos (tierra, coco, hidropon\u00eda y aerop\u00f3nia)<\/p>\n<p>Composici\u00f3n de Zyme Caps de Green Planet (25 Caps \u2013 100 Caps \u2013 250 Caps):<br \/>   &#8211; NPK 0.15-0.15-0.14<br \/>   &#8211; Nitr\u00f3geno 0.15%<br \/>   &#8211; F\u00f3sforo 0.15%<br \/>   &#8211; Potasio 0.14%<\/p>\n<p>Dosificaci\u00f3n de Zyme Caps de Green Planet (25 Caps \u2013 100 Caps \u2013 250 Caps):<br \/>   &#8211; Se puede utilizar tanto en el periodo de crecimiento como en el de floraci\u00f3n<br \/>   &#8211; Tendremos que a\u00f1adir una capsula cada 40 litros de agua y esperar a que se disuelva por completo<br \/>   &#8211; Tambi\u00e9n podemos abrir la capsula y vaciar su contenido en el agua de riego directamente para que el proceso sea m\u00e1s de disoluci\u00f3n sea m\u00e1s r\u00e1pido.<br \/>   &#8211; Utilizar medidores de PH y de EC en nuestros medios de cultivo para conseguir los mejores resultados posibles en nuestras cosechas<\/p>\n","protected":false},"excerpt":{"rendered":"<p>Zyme Caps de Green Planet es un producto en capsulas que aporta numerosas enzimas que se encargan de descomponer todos los restos muertos de la planta y las ra\u00edces, convirti\u00e9ndolos en nutrientes muy f\u00e1cil de asimilar.<\/p>\n","protected":false},"featured_media":13188,"comment_status":"open","ping_status":"closed","template":"","meta":{"_bst_post_transparent":"","_bst_post_title":"","_bst_post_layout":"","_bst_post_sidebar_id":"","_bst_post_content_style":"","_bst_post_vertical_padding":"","_bst_post_feature":"","_bst_post_feature_position":"","_bst_post_header":false,"_bst_post_footer":false},"pwb-brand":[173],"product_brand":[],"product_cat":[39],"product_tag":[],"class_list":{"0":"post-13189","1":"product","2":"type-product","3":"status-publish","4":"has-post-thumbnail","6":"pwb-brand-green-planet-nutrients","7":"product_cat-fertilizantes","9":"first","10":"outofstock","11":"sale","12":"taxable","13":"shipping-taxable","14":"purchasable","15":"product-type-simple","16":"entry","17":"content-bg","18":"loop-entry"},"brands":[{"id":173,"name":"Green Planet Nutrients","slug":"green-planet-nutrients"}],"_links":{"self":[{"href":"https:\/\/puregrowshop.com\/fr\/wp-json\/wp\/v2\/product\/13189","targetHints":{"allow":["GET"]}}],"collection":[{"href":"https:\/\/puregrowshop.com\/fr\/wp-json\/wp\/v2\/product"}],"about":[{"href":"https:\/\/puregrowshop.com\/fr\/wp-json\/wp\/v2\/types\/product"}],"replies":[{"embeddable":true,"href":"https:\/\/puregrowshop.com\/fr\/wp-json\/wp\/v2\/comments?post=13189"}],"wp:featuredmedia":[{"embeddable":true,"href":"https:\/\/puregrowshop.com\/fr\/wp-json\/wp\/v2\/media\/13188"}],"wp:attachment":[{"href":"https:\/\/puregrowshop.com\/fr\/wp-json\/wp\/v2\/media?parent=13189"}],"wp:term":[{"taxonomy":"pwb-brand","embeddable":true,"href":"https:\/\/puregrowshop.com\/fr\/wp-json\/wp\/v2\/pwb-brand?post=13189"},{"taxonomy":"product_brand","embeddable":true,"href":"https:\/\/puregrowshop.com\/fr\/wp-json\/wp\/v2\/product_brand?post=13189"},{"taxonomy":"product_cat","embeddable":true,"href":"https:\/\/puregrowshop.com\/fr\/wp-json\/wp\/v2\/product_cat?post=13189"},{"taxonomy":"product_tag","embeddable":true,"href":"https:\/\/puregrowshop.com\/fr\/wp-json\/wp\/v2\/product_tag?post=13189"}],"curies":[{"name":"wp","href":"https:\/\/api.w.org\/{rel}","templated":true}]}}