{"id":13181,"date":"2024-10-28T20:47:26","date_gmt":"2024-10-28T20:47:26","guid":{"rendered":"https:\/\/puregrowshop.com\/pro-cal-1-lt-green-planet-nutrients\/"},"modified":"2025-12-27T20:15:46","modified_gmt":"2025-12-27T20:15:46","slug":"pro-cal-1-lt-green-planet-nutrients","status":"publish","type":"product","link":"https:\/\/puregrowshop.com\/fr\/pro-cal-1-lt-green-planet-nutrients\/","title":{"rendered":"Pro &#8211; Cal  1 lt. Green Planet Nutrients"},"content":{"rendered":"<p>Pro-Cal de Green Planet es un potente aditivo que aporta un extra de calcio y de magnesio a nuestras plantas de marihuana durante todo su ciclo vital. Adem\u00e1s del calcio y del magnesio este producto esta enriquecido con hierro y con nitr\u00f3geno, con el que estimularemos el desarrollo de nuestras plantas y con los que potenciaremos todos los procesos naturales de las mismas.<\/p>\n<p>Estos dos elementos tienen un papel fundamental en nuestros cultivos, ya que el calcio se encarga de regular el desarrollo de las c\u00e9lulas y la divisi\u00f3n celular y de eliminar la aglomeraci\u00f3n de desechos o residuos, mientras que el magnesio sirve como estimulante para la producci\u00f3n de la clorofila y tiene un papel fundamental en el transporte de energ\u00eda a todas partes de la planta. El Hierro tambi\u00e9n tiene influye en gran medida en la s\u00edntesis de la clorofila.<\/p>\n<p>La mayor\u00eda de los cultivadores utilizan este producto cuando utilizan aguas blandas en sus cultivos de marihuana, ya que las plantas cultivadas con este tipo de aguas suelen tener muchas carencias tanto de calcio como de magnesio que a la larga pueden afectar a la producci\u00f3n final de cogollos. Es un aditivo fundamental para todos aquellos que cultivan en sustrato de coco.<\/p>\n<p>Con Pro-Cal conseguiremos un aumento considerable tanto en el tama\u00f1o como en el peso de nuestras plantas y actuar\u00e1 de revitalizante en aquellas plantas que sufran alg\u00fan tipo de carencia y presenten hojas amarillentas, recuperando su verdor original en muy poco tiempo.<\/p>\n<p>Para conseguir un total desarrollo de nuestras plantas de marihuana tanto en el periodo de crecimiento como en el de floraci\u00f3n deberemos combinar este aditivo con los abonos y aditivos de Green Planet como por ejemplo, Hydro Fuel Grow, Hydro Fuel Bloom, Massive o Finisher entre otros. De esta manera conseguiremos unas plantas m\u00e1s sanas y fuertes con una producci\u00f3n de cogollos mucho m\u00e1s abundante.<\/p>\n<p>Funciones y caracter\u00edsticas de Pro-Cal de Green Planet (1 L):<br \/>   &#8211; Aporta grandes dosis de calcio, magnesio y hierro<br \/>   &#8211; Regulamos el crecimiento y la divisi\u00f3n celular<br \/>   &#8211; Elimina la acumulaci\u00f3n de desechos o residuos<br \/>   &#8211; Incrementa la producci\u00f3n de clorofila<br \/>   &#8211; Favorece el transporte de nutrientes a todas partes de la planta<br \/>   &#8211; Conseguimos un aumento de la densidad de nuestras plantas<br \/>   &#8211; Recupera el color verde intenso de las plantas con hojas amarillentas<\/p>\n<p>Composici\u00f3n de Pro-Cal de Green Planet (1 L):<br \/>   &#8211; NPK 1.1-0-0<br \/>   &#8211; Nitr\u00f3geno 1,1 %<br \/>   &#8211; F\u00f3sforo 0%<br \/>   &#8211; Potasio 0%<br \/>   &#8211; Nitrato de Calcio<br \/>   &#8211; Nitrato de Magnesio<br \/>   &#8211; Hierro EDDHA<br \/>   &#8211; Hierro EDTA<br \/>   &#8211; \u00c1cido F\u00falvico<\/p>\n<p>Dosificaci\u00f3n de Pro-Cal de Green Planet (1 L):<br \/>   &#8211; Mover muy bien el producto antes de su aplicaci\u00f3n<br \/>   &#8211; Se utiliza durante todo el ciclo vital<br \/>   &#8211; Durante el periodo de crecimiento tendremos que a\u00f1adir una dosis de 1.5 ml por cada litro de agua de riego<br \/>   &#8211; Durante el periodo de floraci\u00f3n a\u00f1adiremos una dosis de 2.5 ml por cada litro de agua de riego<br \/>   &#8211; Tendremos que dejar de utilizar Pro-Cal cuando vayamos a efectuar el lavado de ra\u00edces<br \/>   &#8211; Utilizar medidores de PH y de EC en nuestros medios de cultivo para conseguir los mejores resultados posibles en nuestras cosechas<\/p>\n","protected":false},"excerpt":{"rendered":"<p>Pro-Cal de Green Planet es un aditivo que aporta a nuestros cultivos de marihuana un extra de calcio, hierro y magnesio durante todo el ciclo, ideal para cultivos en los que utilizamos aguas blandas que puedan tener carencias de estos elementos.<\/p>\n","protected":false},"featured_media":13180,"comment_status":"open","ping_status":"closed","template":"","meta":{"_bst_post_transparent":"","_bst_post_title":"","_bst_post_layout":"","_bst_post_sidebar_id":"","_bst_post_content_style":"","_bst_post_vertical_padding":"","_bst_post_feature":"","_bst_post_feature_position":"","_bst_post_header":false,"_bst_post_footer":false},"pwb-brand":[173],"product_brand":[],"product_cat":[76],"product_tag":[],"class_list":{"0":"post-13181","1":"product","2":"type-product","3":"status-publish","4":"has-post-thumbnail","6":"pwb-brand-green-planet-nutrients","7":"product_cat-estimulantes-floracion","9":"first","10":"instock","11":"sale","12":"taxable","13":"shipping-taxable","14":"purchasable","15":"product-type-simple","16":"entry","17":"content-bg","18":"loop-entry"},"brands":[{"id":173,"name":"Green Planet Nutrients","slug":"green-planet-nutrients"}],"_links":{"self":[{"href":"https:\/\/puregrowshop.com\/fr\/wp-json\/wp\/v2\/product\/13181","targetHints":{"allow":["GET"]}}],"collection":[{"href":"https:\/\/puregrowshop.com\/fr\/wp-json\/wp\/v2\/product"}],"about":[{"href":"https:\/\/puregrowshop.com\/fr\/wp-json\/wp\/v2\/types\/product"}],"replies":[{"embeddable":true,"href":"https:\/\/puregrowshop.com\/fr\/wp-json\/wp\/v2\/comments?post=13181"}],"wp:featuredmedia":[{"embeddable":true,"href":"https:\/\/puregrowshop.com\/fr\/wp-json\/wp\/v2\/media\/13180"}],"wp:attachment":[{"href":"https:\/\/puregrowshop.com\/fr\/wp-json\/wp\/v2\/media?parent=13181"}],"wp:term":[{"taxonomy":"pwb-brand","embeddable":true,"href":"https:\/\/puregrowshop.com\/fr\/wp-json\/wp\/v2\/pwb-brand?post=13181"},{"taxonomy":"product_brand","embeddable":true,"href":"https:\/\/puregrowshop.com\/fr\/wp-json\/wp\/v2\/product_brand?post=13181"},{"taxonomy":"product_cat","embeddable":true,"href":"https:\/\/puregrowshop.com\/fr\/wp-json\/wp\/v2\/product_cat?post=13181"},{"taxonomy":"product_tag","embeddable":true,"href":"https:\/\/puregrowshop.com\/fr\/wp-json\/wp\/v2\/product_tag?post=13181"}],"curies":[{"name":"wp","href":"https:\/\/api.w.org\/{rel}","templated":true}]}}