{"id":13179,"date":"2024-10-28T20:47:25","date_gmt":"2024-10-28T20:47:25","guid":{"rendered":"https:\/\/puregrowshop.com\/ocean-magic-4-lt-green-planet-nutrients\/"},"modified":"2025-12-27T20:15:46","modified_gmt":"2025-12-27T20:15:46","slug":"ocean-magic-4-lt-green-planet-nutrients","status":"publish","type":"product","link":"https:\/\/puregrowshop.com\/fr\/ocean-magic-4-lt-green-planet-nutrients\/","title":{"rendered":"Ocean Magic  4 lt. Green Planet Nutrients"},"content":{"rendered":"<p>Ocean Magic de Green Planet es un espectacular aditivo de origen org\u00e1nico que ha sido elaborado a partir de extractos de algas marinas Kelp, procedentes del norte del oc\u00e9ano atl\u00e1ntico, donde son conservadas en bajas temperaturas para que mantengan intactos todos los nutrientes y minerales que posee. La gran cantidad de macro y micro nutrientes que aporta a nuestro medio de cultivo, acompa\u00f1ados de numerosos amino\u00e1cidos, enzimas y estimulantes de crecimiento naturales, son fundamentales para conseguir un desarrollo m\u00e1s r\u00e1pido y vigoroso de nuestras plantas de marihuana durante su etapa vegetativa.<\/p>\n<p>Las algas Kelp contienen una gran cantidad de auxinas y citoquininas que se encarga de regular de manera totalmente biol\u00f3gica el crecimiento de algunas plantas, adem\u00e1s de aportar numerosas mejoras fisiol\u00f3gicas a nuestras plantas de marihuana.<\/p>\n<p>Este producto es totalmente org\u00e1nico y se disuelve por completo en nuestra agua de riego, as\u00ed que es ideal para su utilizaci\u00f3n en agricultura ecol\u00f3gica. Se puede utilizar mediante pulverizaci\u00f3n foliar, actuando como revitalizador y recuperando a las plantas que han sufrido alguna enfermedad o han padecido estr\u00e9s. Tambi\u00e9n funciona perfectamente como abono ligero para proporcionar un crecimiento optimo en los primeros d\u00edas de vida a plantas j\u00f3venes y esquejes.<\/p>\n<p>Tenemos que recordar que Ocean Magic es un aditivo de crecimiento que aporta a nuestras plantas numerosos nutrientes de forma equilibrada que estimularan el desarrollo del sistema radicular y favorecer\u00e1n una gran formaci\u00f3n de hojas, pero que debe ir acompa\u00f1ado de un abono de crecimiento b\u00e1sico como por ejemplo Hydro Fuel Grow para conseguir el mejor crecimiento posible de nuestras plantas de marihuana<\/p>\n<p>En definitiva estamos ante un potente estimulador de crecimiento a base de algas marinas con el que nuestras plantas crecer\u00e1n sanas y fuertes, preparadas para afrontar el periodo de floraci\u00f3n con totales garant\u00edas y conseguir unas cosechas muy productivas de m\u00e1xima calidad.<\/p>\n<p>Funciones y caracter\u00edsticas de Ocean Magic de Green Planet (1 L):<br \/>   &#8211; Aporta numerosos macro y micro nutrientes que favorecen el crecimiento<br \/>   &#8211; Estimula el desarrollo de ra\u00edces<br \/>   &#8211; Estimula la formaci\u00f3n de hojas<br \/>   &#8211; Proporciona un crecimiento vigoroso y saludable<br \/>   &#8211; Act\u00faa como revitalizante aplicado mediante pulverizaci\u00f3n foliar<br \/>   &#8211; Funciona como abono ligero para esquejes y plantas j\u00f3venes<br \/>   &#8211; Mejora la absorci\u00f3n y la asimilaci\u00f3n de nutrientes<br \/>   &#8211; Ideal para su uso el cultivos hidrop\u00f3nicos<\/p>\n<p>Composici\u00f3n de Ocean Magic de Green Planet (1 L):<br \/>   &#8211; NPK 0.2-0.2-3<br \/>   &#8211; Nitr\u00f3geno 0,2%<br \/>   &#8211; F\u00f3sforo 0,2%<br \/>   &#8211; Potasio 3%<\/p>\n<p>Dosificaci\u00f3n de Ocean Magic de Green Planet (1 L):<br \/>   &#8211; Mover muy bien el producto antes de su aplicaci\u00f3n<br \/>   &#8211; Se utiliza durante el periodo de crecimiento<br \/>   &#8211; Aplicar una dosis de 1 a 2 ml por cada litro de agua de riego en plantas j\u00f3venes y esquejes durante las dos primeras semanas<br \/>   &#8211; Aplicar una dosis de 5 ml por cada litro de agua pulverizado sobre las hojas una vez a la semana<br \/>   &#8211; Utilizar medidores de PH y de EC en nuestros medios de cultivo para conseguir los mejores resultados posibles en nuestras cosechas<\/p>\n","protected":false},"excerpt":{"rendered":"<p>Ocean Magic de Green Planet es un potente estimulador de crecimiento completamente org\u00e1nico elaborado a partir de extractos de algas marinas, amino\u00e1cidos y enzimas con los que adelantamos el crecimiento de nuestras plantas de marihuana.<\/p>\n","protected":false},"featured_media":13178,"comment_status":"open","ping_status":"closed","template":"","meta":{"_bst_post_transparent":"","_bst_post_title":"","_bst_post_layout":"","_bst_post_sidebar_id":"","_bst_post_content_style":"","_bst_post_vertical_padding":"","_bst_post_feature":"","_bst_post_feature_position":"","_bst_post_header":false,"_bst_post_footer":false},"pwb-brand":[173],"product_brand":[],"product_cat":[76],"product_tag":[],"class_list":{"0":"post-13179","1":"product","2":"type-product","3":"status-publish","4":"has-post-thumbnail","6":"pwb-brand-green-planet-nutrients","7":"product_cat-estimulantes-floracion","8":"product_shipping_class-entre-1-kg-y-5-kg","10":"first","11":"instock","12":"sale","13":"taxable","14":"shipping-taxable","15":"purchasable","16":"product-type-simple","17":"entry","18":"content-bg","19":"loop-entry"},"brands":[{"id":173,"name":"Green Planet Nutrients","slug":"green-planet-nutrients"}],"_links":{"self":[{"href":"https:\/\/puregrowshop.com\/fr\/wp-json\/wp\/v2\/product\/13179","targetHints":{"allow":["GET"]}}],"collection":[{"href":"https:\/\/puregrowshop.com\/fr\/wp-json\/wp\/v2\/product"}],"about":[{"href":"https:\/\/puregrowshop.com\/fr\/wp-json\/wp\/v2\/types\/product"}],"replies":[{"embeddable":true,"href":"https:\/\/puregrowshop.com\/fr\/wp-json\/wp\/v2\/comments?post=13179"}],"wp:featuredmedia":[{"embeddable":true,"href":"https:\/\/puregrowshop.com\/fr\/wp-json\/wp\/v2\/media\/13178"}],"wp:attachment":[{"href":"https:\/\/puregrowshop.com\/fr\/wp-json\/wp\/v2\/media?parent=13179"}],"wp:term":[{"taxonomy":"pwb-brand","embeddable":true,"href":"https:\/\/puregrowshop.com\/fr\/wp-json\/wp\/v2\/pwb-brand?post=13179"},{"taxonomy":"product_brand","embeddable":true,"href":"https:\/\/puregrowshop.com\/fr\/wp-json\/wp\/v2\/product_brand?post=13179"},{"taxonomy":"product_cat","embeddable":true,"href":"https:\/\/puregrowshop.com\/fr\/wp-json\/wp\/v2\/product_cat?post=13179"},{"taxonomy":"product_tag","embeddable":true,"href":"https:\/\/puregrowshop.com\/fr\/wp-json\/wp\/v2\/product_tag?post=13179"}],"curies":[{"name":"wp","href":"https:\/\/api.w.org\/{rel}","templated":true}]}}