{"id":13147,"date":"2024-10-28T20:47:18","date_gmt":"2024-10-28T20:47:18","guid":{"rendered":"https:\/\/puregrowshop.com\/karbo-boost-600-gr-green-planet-nutrients\/"},"modified":"2025-12-27T20:29:12","modified_gmt":"2025-12-27T20:29:12","slug":"karbo-boost-600-gr-green-planet-nutrients","status":"publish","type":"product","link":"https:\/\/puregrowshop.com\/fr\/karbo-boost-600-gr-green-planet-nutrients\/","title":{"rendered":"Karbo Boost   600 gr. Green Planet Nutrients"},"content":{"rendered":"<p>Karbo Boost es un poderoso aditivo en polvo de Green Planet que aporta una gran cantidad de hidratos de carbono simples y compuestos a nuestras plantas de marihuana durante el periodo de floraci\u00f3n. Este aditivo ha sido elaborado a partir de hidratos de carbono que a pesar de venir en polvo se disuelven a la perfecci\u00f3n en el agua y son fundamentales para aportar un extra de energ\u00eda a nuestro medio de cultivo durante la floraci\u00f3n y servir de apoyo a la hora de que nuestras plantas realicen todos sus procesos naturales. Adem\u00e1s este producto proporciona una gran cantidad de nutrientes a todos los microorganismos benignos que se encuentran en el sustrato de nuestro medio de cultivo.<\/p>\n<p>Aunque nuestras plantas producen hidratos de carbono durante la fotos\u00edntesis, en la floraci\u00f3n consumen mucha energ\u00eda para realizar sus procesos naturales y este aditivo aporta muchos m\u00e1s hidratos de carbono que aumentan la producci\u00f3n de az\u00facares y almidones que proporcionan una dosis de energ\u00eda extra que mejorar\u00e1n la producci\u00f3n de nuestras plantas de marihuana y aumentar\u00e1n el nivel de nuestras cosechas.<\/p>\n<p>Este producto es compatible con cualquier abono de floraci\u00f3n b\u00e1sico y con todos los aditivos de floraci\u00f3n, aunque si lo combinamos con la l\u00ednea de productos de Green Planet conseguiremos una espectacular creaci\u00f3n de cogollos mucho m\u00e1s grandes y pesados. Pero no solo aumentaremos el tama\u00f1o de los cogollos, si no que se crear\u00e1 una gran cantidad de aceites esenciales que ser\u00e1n los encargados de proporcionar un sabor mucho m\u00e1s deliciosos y unas fragancias m\u00e1s exquisitas.<\/p>\n<p>Karbo Boost es un producto muy f\u00e1cil de utilizar y tendremos que aplicarlo una vez que se haya formado nuestros cogollos, pudiendo ser utilizado en cultivos con cualquier sistema de riego ya que es un producto completamente soluble en agua de riego y conseguiremos grandes resultados en nuestras cosechas en cualquier tipo de cultivo, ya sea en sustrato de tierra, de fibra de coco, en cultivos hidrop\u00f3nicos y aerop\u00f3nicos.<\/p>\n<p>Funciones y caracter\u00edsticas de Karbo Boost de Green Planet (60 gr \u2013 600 gr \u2013 1 kg):<br \/>   &#8211; Aporta una gran cantidad de hidratos de carbono simples y compuestos<br \/>   &#8211; Aporta un extra de energ\u00eda para realizar todos los procesos naturales<br \/>   &#8211; Estimula la floraci\u00f3n de nuestras plantas de marihuana<br \/>   &#8211; Aumenta la producci\u00f3n de az\u00facares, almidones y aceites esenciales<br \/>   &#8211; Aumenta el tama\u00f1o y el peso de los cogollos<br \/>   &#8211; Mejora el sabor y el aroma<br \/>   &#8211; V\u00e1lido para cualquier sistema de riego<br \/>   &#8211; V\u00e1lido para todo tipo de cultivos (tierra, coco, hidropon\u00eda y aerop\u00f3nia)<\/p>\n<p>Composici\u00f3n de Karbo Boost de Green Planet (60 gr \u2013 600 gr \u2013 1 kg):<br \/>   &#8211; NPK 0.25-0.26-0.55<br \/>   &#8211; Nitr\u00f3geno 0,25%<br \/>   &#8211; F\u00f3sforo 0,26%<br \/>   &#8211; Potasio 0,55%<br \/>   &#8211; Hidratos de Carbono simples y compuestos.<\/p>\n<p>Dosificaci\u00f3n de Karbo Boost de Green Planet (60 gr \u2013 600 gr \u2013 1 kg):<br \/>   &#8211; Mover muy bien el producto antes de su aplicaci\u00f3n<br \/>   &#8211; Es un producto altamente concentrado<br \/>   &#8211; Se utiliza durante el periodo de floraci\u00f3n una vez ya formados los cogollos y dejaremos de usarlo cuando queden entre 7 y 10 d\u00edas antes de la cosecha<br \/>   &#8211; A\u00f1adimos una dosis de 0.3 gramos por cada litro de agua de riego<br \/>   &#8211; Utilizar medidores de PH y de EC en nuestros medios de cultivo para conseguir los mejores resultados posibles en nuestras cosechas<\/p>\n","protected":false},"excerpt":{"rendered":"<p>Karbo Boost de Green Planet es un espectacular aditivo que aporta a nuestras plantas de marihuana durante la floraci\u00f3n una gran cantidad de hidratos de carbono que proporcionan un plus de energ\u00eda para conseguir cosechas m\u00e1s abundantes y de mayor calidad.<\/p>\n","protected":false},"featured_media":13146,"comment_status":"open","ping_status":"closed","template":"","meta":{"_bst_post_transparent":"","_bst_post_title":"","_bst_post_layout":"","_bst_post_sidebar_id":"","_bst_post_content_style":"","_bst_post_vertical_padding":"","_bst_post_feature":"","_bst_post_feature_position":"","_bst_post_header":false,"_bst_post_footer":false},"pwb-brand":[173],"product_brand":[],"product_cat":[39],"product_tag":[],"class_list":{"0":"post-13147","1":"product","2":"type-product","3":"status-publish","4":"has-post-thumbnail","6":"pwb-brand-green-planet-nutrients","7":"product_cat-fertilizantes","9":"first","10":"instock","11":"sale","12":"taxable","13":"shipping-taxable","14":"purchasable","15":"product-type-simple","16":"entry","17":"content-bg","18":"loop-entry"},"brands":[{"id":173,"name":"Green Planet Nutrients","slug":"green-planet-nutrients"}],"_links":{"self":[{"href":"https:\/\/puregrowshop.com\/fr\/wp-json\/wp\/v2\/product\/13147","targetHints":{"allow":["GET"]}}],"collection":[{"href":"https:\/\/puregrowshop.com\/fr\/wp-json\/wp\/v2\/product"}],"about":[{"href":"https:\/\/puregrowshop.com\/fr\/wp-json\/wp\/v2\/types\/product"}],"replies":[{"embeddable":true,"href":"https:\/\/puregrowshop.com\/fr\/wp-json\/wp\/v2\/comments?post=13147"}],"wp:featuredmedia":[{"embeddable":true,"href":"https:\/\/puregrowshop.com\/fr\/wp-json\/wp\/v2\/media\/13146"}],"wp:attachment":[{"href":"https:\/\/puregrowshop.com\/fr\/wp-json\/wp\/v2\/media?parent=13147"}],"wp:term":[{"taxonomy":"pwb-brand","embeddable":true,"href":"https:\/\/puregrowshop.com\/fr\/wp-json\/wp\/v2\/pwb-brand?post=13147"},{"taxonomy":"product_brand","embeddable":true,"href":"https:\/\/puregrowshop.com\/fr\/wp-json\/wp\/v2\/product_brand?post=13147"},{"taxonomy":"product_cat","embeddable":true,"href":"https:\/\/puregrowshop.com\/fr\/wp-json\/wp\/v2\/product_cat?post=13147"},{"taxonomy":"product_tag","embeddable":true,"href":"https:\/\/puregrowshop.com\/fr\/wp-json\/wp\/v2\/product_tag?post=13147"}],"curies":[{"name":"wp","href":"https:\/\/api.w.org\/{rel}","templated":true}]}}