{"id":13145,"date":"2024-10-28T20:47:17","date_gmt":"2024-10-28T20:47:17","guid":{"rendered":"https:\/\/puregrowshop.com\/hydro-fuel-grow-ab-23-lt-green-planet-nutrients\/"},"modified":"2025-12-27T20:15:28","modified_gmt":"2025-12-27T20:15:28","slug":"hydro-fuel-grow-ab-23-lt-green-planet-nutrients","status":"publish","type":"product","link":"https:\/\/puregrowshop.com\/fr\/hydro-fuel-grow-ab-23-lt-green-planet-nutrients\/","title":{"rendered":"Hydro Fuel Grow A+B 23 lt. Green Planet Nutrients"},"content":{"rendered":"<p>Hydro Fuel Grow A&#038;B es un abono de nutrici\u00f3n b\u00e1sico de Green Planet que utilizamos para alimentar a nuestras plantas de marihuana durante el periodo de crecimiento y conseguir espectaculares resultados. Este abono ha sido elaborado por la marca canadienses a partir de las materias primas m\u00e1s puras por lo que nuestros cultivos estar\u00e1n siempre libres de desechos o de residuos. Sin ninguna duda podemos decir que estamos ante uno de los mejores abonos de crecimiento de todo el mercado.<\/p>\n<p>Con este producto aportamos a nuestros cultivos de marihuana todos los macronutrientes y los micronutrientes que nuestras plantas necesitan para conseguir un espectacular desarrollo del sistema radicular, lo que proporcionara una mejore absorci\u00f3n y asimilaci\u00f3n de todos los nutrientes, consiguiendo de esta manera un crecimiento de nuestras plantas potente y saludable. A diferencia que otros abonos de crecimiento b\u00e1sicos, este ha sido elaborado en dos partes debido a que algunos ingredientes de los que se componen al contactar entre ellos pueden anularse y dejar de ser efectivos. Por eso este producto se ha dividido en dos envases A y B.<\/p>\n<p>A la hora de aplicar este abono no podremos a\u00f1adir conjuntamente las soluciones A y B, sino que primero tendremos que a\u00f1adir la soluci\u00f3n A y removerlo muy bien hasta que quede completamente disuelto y a continuaci\u00f3n a\u00f1adir la soluci\u00f3n B. Hydro Fuel Grow A&#038;B proporciona un inicio espectacular de nuestras plantas que luego en la floraci\u00f3n tendremos que complementarlo con Hydro Fuel Bloom A&#038;B.<\/p>\n<p>Podremos conseguir grandes cosechas con este abono tanto en todo tipo de cultivos, ya sean en superficie de tierra, de coco, en cultivos hidrop\u00f3nicos y aerop\u00f3nicos, donde nuestras plantas de marihuana tendr\u00e1n un desarrollo vigoroso y muy saludable.<\/p>\n<p>Para optimizar al m\u00e1ximo los resultados de nuestra cosecha es muy recomendable complementar este abono con los aditivos de crecimiento de Green Planet como pueden ser Aussie Tonic, Pro Cal y GPH Humic Acid, obteniendo de esta manera un desarrollo espectacular de nuestras plantas y un crecimiento vigoroso y saludable.<\/p>\n<p>Funciones y caracter\u00edsticas de Hydro Fuel Grow A&#038;B de Green Planet:<br \/>   &#8211; Aporta n\u00fameros micro y macro nutrientes al medio de cultivo<br \/>   &#8211; Estimula el desarrollo de las ra\u00edces<br \/>   &#8211; Proporciona un crecimiento vigoroso y saludable<br \/>   &#8211; Favorece la absorci\u00f3n y la asimilaci\u00f3n de nutrientes<br \/>   &#8211; V\u00e1lido para cultivos en tierra, coco, hidrop\u00f3nicos y aerop\u00f3nicos<br \/>   &#8211; Composici\u00f3n de Hydro Fuel Grow A&#038;B de Green Planet:<\/p>\n<p>Hydro Fuel Grow A: NPK 3.63-0-2.01<br \/>   &#8211; Nitr\u00f3geno 3.63%<br \/>   &#8211; F\u00f3sforo 0%<br \/>   &#8211; Potasio 2.01%<br \/>   &#8211; Hydro Fuel Grow B: NPK 0.75-0.725-2.01<br \/>   &#8211; Nitr\u00f3geno 0.75%<br \/>   &#8211; F\u00f3sforo 0.725%<br \/>   &#8211; Potasio 2.01%<\/p>\n<p>Dosificaci\u00f3n de Hydro Fuel Grow A&#038;B de Green Planet:<br \/>   &#8211; Mover muy bien el producto antes de su aplicaci\u00f3n<br \/>   &#8211; Producto dividido en dos envases A y B<br \/>   &#8211; Utilizar durante el periodo de crecimiento<br \/>   &#8211; Primero tendremos que aplicar la dosis correspondiente del envase A mezclada correctamente con el agua de riego y a continuaci\u00f3n aplicar la dosis del envase B<br \/>   &#8211; Aplicar una dosis de 1 ml de cada por cada litro de agua para semillas y esquejes<br \/>   &#8211; A\u00f1adir una dosis de 3 ml de cada envase por cada litro de agua en las primeras semanas de crecimiento<br \/>   &#8211; Subir la dosis a 3.5 ml de cada envase por litro de agua las siguientes semanas hasta llegar a la floraci\u00f3n<br \/>   &#8211; Utilizar medidores de PH y de EC en nuestros medios de cultivo para conseguir los mejores resultados posibles en nuestras cosechas<\/p>\n","protected":false},"excerpt":{"rendered":"<p>Hydro Fuel Grow A&#038;B de Green Planet es uno de los mejores abonos de crecimiento del mercado. Est\u00e1 dividido en dos partes y nos proporciona un crecimiento muy vigoroso y saludable con espectaculares plantas en todo tipo de cultivos.<\/p>\n","protected":false},"featured_media":13144,"comment_status":"open","ping_status":"closed","template":"","meta":{"_bst_post_transparent":"","_bst_post_title":"","_bst_post_layout":"","_bst_post_sidebar_id":"","_bst_post_content_style":"","_bst_post_vertical_padding":"","_bst_post_feature":"","_bst_post_feature_position":"","_bst_post_header":false,"_bst_post_footer":false},"pwb-brand":[173],"product_brand":[],"product_cat":[39],"product_tag":[],"class_list":{"0":"post-13145","1":"product","2":"type-product","3":"status-publish","4":"has-post-thumbnail","6":"pwb-brand-green-planet-nutrients","7":"product_cat-fertilizantes","9":"first","10":"instock","11":"sale","12":"taxable","13":"shipping-taxable","14":"purchasable","15":"product-type-simple","16":"entry","17":"content-bg","18":"loop-entry"},"brands":[{"id":173,"name":"Green Planet Nutrients","slug":"green-planet-nutrients"}],"_links":{"self":[{"href":"https:\/\/puregrowshop.com\/fr\/wp-json\/wp\/v2\/product\/13145","targetHints":{"allow":["GET"]}}],"collection":[{"href":"https:\/\/puregrowshop.com\/fr\/wp-json\/wp\/v2\/product"}],"about":[{"href":"https:\/\/puregrowshop.com\/fr\/wp-json\/wp\/v2\/types\/product"}],"replies":[{"embeddable":true,"href":"https:\/\/puregrowshop.com\/fr\/wp-json\/wp\/v2\/comments?post=13145"}],"wp:featuredmedia":[{"embeddable":true,"href":"https:\/\/puregrowshop.com\/fr\/wp-json\/wp\/v2\/media\/13144"}],"wp:attachment":[{"href":"https:\/\/puregrowshop.com\/fr\/wp-json\/wp\/v2\/media?parent=13145"}],"wp:term":[{"taxonomy":"pwb-brand","embeddable":true,"href":"https:\/\/puregrowshop.com\/fr\/wp-json\/wp\/v2\/pwb-brand?post=13145"},{"taxonomy":"product_brand","embeddable":true,"href":"https:\/\/puregrowshop.com\/fr\/wp-json\/wp\/v2\/product_brand?post=13145"},{"taxonomy":"product_cat","embeddable":true,"href":"https:\/\/puregrowshop.com\/fr\/wp-json\/wp\/v2\/product_cat?post=13145"},{"taxonomy":"product_tag","embeddable":true,"href":"https:\/\/puregrowshop.com\/fr\/wp-json\/wp\/v2\/product_tag?post=13145"}],"curies":[{"name":"wp","href":"https:\/\/api.w.org\/{rel}","templated":true}]}}