{"id":13105,"date":"2024-10-28T20:47:06","date_gmt":"2024-10-28T20:47:06","guid":{"rendered":"https:\/\/puregrowshop.com\/bud-booster-1-kg-green-planet-nutrients\/"},"modified":"2025-12-27T20:29:04","modified_gmt":"2025-12-27T20:29:04","slug":"bud-booster-1-kg-green-planet-nutrients","status":"publish","type":"product","link":"https:\/\/puregrowshop.com\/fr\/bud-booster-1-kg-green-planet-nutrients\/","title":{"rendered":"Bud Booster  1 Kg. Green Planet Nutrients"},"content":{"rendered":"<p>Bud Booster es un potent\u00edsimo estimulador de floraci\u00f3n de Green Planet, que aportara a nuestros cultivos de marihuana una gran cantidad de f\u00f3sforo y potasio con el conseguiremos cosechas m\u00e1s productivas y sobre todo de m\u00e1s calidad. Este aditivo de floraci\u00f3n sobresale entre los dem\u00e1s aditivos de otras marcas, gracias a la gran cantidad de macronutrientes primarios que contiene y que aporta al sustrato, que en todo momento ser\u00e1n absorbidos y digeridos por nuestras plantas con total facilidad. Durante la etapa de engorde de los cogollos, con el uso de este producto conseguiremos aumentar el tama\u00f1o y la densidad de los mismos, potenciando tanto el sabor como el aroma.<br \/>Su alto contenido tanto en f\u00f3sforo como en potasio nos ayudara a conseguir unos resultados profesionales en nuestras cosechas, ya que estos dos elementos son fundamentales para las plantas de marihuana durante el periodo de floraci\u00f3n. El f\u00f3sforo juega un papel muy importante en todos los procesos naturales de nuestras plantas y aporta un extra de energ\u00eda para afrontar dichos procesos. Adem\u00e1s act\u00faa como estimulante en la producci\u00f3n de ra\u00edces y de flores, influyendo de manera directa a la estructura de nuestras plantas de marihuana. Tambi\u00e9n se encarga de favorecer el trasporte de nutrientes a todas las partes de la plantas, siendo un apoyo fundamental en la fotos\u00edntesis.<br \/>Con el potasio, lo que conseguimos es mejorar la extracci\u00f3n de agua y de nutrientes del sustrato de nuestro medio de cultivo, adem\u00e1s de la digesti\u00f3n de nuestras plantas a trav\u00e9s de la t\u00e9cnica de osmosis. Donde realmente tiene un papel protagonista es en la formaci\u00f3n de almidones y az\u00facares, que se traducir\u00e1 m\u00e1s tarde en un aumento considerable del tama\u00f1o de los cogollos y en una espectacular mejora del sabor y del aroma.<br \/>Bud Booster es un aditivo en polvo completamente soluble en nuestro agua de riego, de manera que todos los nutrientes ser\u00e1n absorbidos por nuestro medio de cultivo y asimilados de inmediato. Os tenemos que recordar que este producto es un aditivo por lo que tendremos que combinarlo en todo momento con nuestro abono de floraci\u00f3n b\u00e1sico para conseguir los mejores resultados en nuestros cultivos de marihuana.<\/p>\n<p>Funciones y caracter\u00edsticas de Bud Booster de Green Planet (60 gr \u2013 500 gr \u2013 1 kg):<br \/>   &#8211; Aumenta la producci\u00f3n de az\u00facares y almidones<br \/>   &#8211; Estimula la formaci\u00f3n de ra\u00edces y de flores<br \/>   &#8211; Favorece la absorci\u00f3n y el transporte de los nutrientes<br \/>   &#8211; Conseguimos mejorar el sabor y el aroma de nuestros cogollos<br \/>   &#8211; Aumentamos el tama\u00f1o y el peso de los cogollos<br \/>   &#8211; Conseguimos cosechas m\u00e1s productivas<\/p>\n<p>Composici\u00f3n de Bud Booster de Green Planet (60 gr \u2013 500 gr \u2013 1 kg):<br \/>   &#8211; NPK 0-50-34<br \/>   &#8211; Nitr\u00f3geno 0%<br \/>   &#8211; F\u00f3sforo 50%<br \/>   &#8211; Potasio 34%<\/p>\n<p>Dosificaci\u00f3n de Bud Booster de Green Planet (60 gr \u2013 500 gr \u2013 1 kg):<br \/>   &#8211; Mover muy bien el producto antes de su aplicaci\u00f3n<br \/>   &#8211; Utilizar en el periodo de floraci\u00f3n<br \/>   &#8211; Aplicar una dosis de 0.3 gramos por cada litro de agua de riego a partir de la segunda semana de floraci\u00f3n y mantener la dosis hasta la cuarta semana<br \/>   &#8211; Utilizar medidores de PH y de EC en nuestros medios de cultivo para conseguir los mejores resultados posibles en nuestras cosechas<br \/>   &#8211; Para cualquier duda en su aplicaci\u00f3n consultar las tablas de cultivo de Green Planet<\/p>\n","protected":false},"excerpt":{"rendered":"<p>Bud Booster de Green Planet es un espectacular estimulador de floraci\u00f3n, que aporta grandes cantidades de f\u00f3sforo y de potasio a nuestras plantas de marihuana, aumentando el tama\u00f1o de nuestros cogollos y sobre todo la calidad de nuestras cosechas.<\/p>\n","protected":false},"featured_media":13104,"comment_status":"open","ping_status":"closed","template":"","meta":{"_bst_post_transparent":"","_bst_post_title":"","_bst_post_layout":"","_bst_post_sidebar_id":"","_bst_post_content_style":"","_bst_post_vertical_padding":"","_bst_post_feature":"","_bst_post_feature_position":"","_bst_post_header":false,"_bst_post_footer":false},"pwb-brand":[173],"product_brand":[],"product_cat":[76],"product_tag":[],"class_list":{"0":"post-13105","1":"product","2":"type-product","3":"status-publish","4":"has-post-thumbnail","6":"pwb-brand-green-planet-nutrients","7":"product_cat-estimulantes-floracion","9":"first","10":"instock","11":"sale","12":"taxable","13":"shipping-taxable","14":"purchasable","15":"product-type-simple","16":"entry","17":"content-bg","18":"loop-entry"},"brands":[{"id":173,"name":"Green Planet Nutrients","slug":"green-planet-nutrients"}],"_links":{"self":[{"href":"https:\/\/puregrowshop.com\/fr\/wp-json\/wp\/v2\/product\/13105","targetHints":{"allow":["GET"]}}],"collection":[{"href":"https:\/\/puregrowshop.com\/fr\/wp-json\/wp\/v2\/product"}],"about":[{"href":"https:\/\/puregrowshop.com\/fr\/wp-json\/wp\/v2\/types\/product"}],"replies":[{"embeddable":true,"href":"https:\/\/puregrowshop.com\/fr\/wp-json\/wp\/v2\/comments?post=13105"}],"wp:featuredmedia":[{"embeddable":true,"href":"https:\/\/puregrowshop.com\/fr\/wp-json\/wp\/v2\/media\/13104"}],"wp:attachment":[{"href":"https:\/\/puregrowshop.com\/fr\/wp-json\/wp\/v2\/media?parent=13105"}],"wp:term":[{"taxonomy":"pwb-brand","embeddable":true,"href":"https:\/\/puregrowshop.com\/fr\/wp-json\/wp\/v2\/pwb-brand?post=13105"},{"taxonomy":"product_brand","embeddable":true,"href":"https:\/\/puregrowshop.com\/fr\/wp-json\/wp\/v2\/product_brand?post=13105"},{"taxonomy":"product_cat","embeddable":true,"href":"https:\/\/puregrowshop.com\/fr\/wp-json\/wp\/v2\/product_cat?post=13105"},{"taxonomy":"product_tag","embeddable":true,"href":"https:\/\/puregrowshop.com\/fr\/wp-json\/wp\/v2\/product_tag?post=13105"}],"curies":[{"name":"wp","href":"https:\/\/api.w.org\/{rel}","templated":true}]}}