{"id":13097,"date":"2024-10-28T20:47:04","date_gmt":"2024-10-28T20:47:04","guid":{"rendered":"https:\/\/puregrowshop.com\/aussie-tonic-23-lt-green-planet-nutrients\/"},"modified":"2025-12-27T20:15:10","modified_gmt":"2025-12-27T20:15:10","slug":"aussie-tonic-23-lt-green-planet-nutrients","status":"publish","type":"product","link":"https:\/\/puregrowshop.com\/fr\/aussie-tonic-23-lt-green-planet-nutrients\/","title":{"rendered":"Aussie Tonic 23 lt. Green Planet Nutrients"},"content":{"rendered":"<p>Aussie Tonic es un espectacular multivitam\u00ednico de Green Planet que adem\u00e1s de vitaminas tambi\u00e9n aporta hormonas a nuestras plantas de marihuana con la misi\u00f3n de acabar con las situaciones de estr\u00e9s que puedan tener. Adem\u00e1s refuerzan las paredes celulares de nuestras plantas y mejoran sus sistemas inmunol\u00f3gicos por lo que ser\u00e1n mucho m\u00e1s resistentes al ataque de plagas o de insectos. Todo este conjunto de vitaminas se encarga de eliminar el estr\u00e9s que pueden sufrir nuestras plantas por los trasplantes, por falta de humedad o sequ\u00eda, por una mala nutrici\u00f3n y por el ataque de insectos, plagas y hongos.<\/p>\n<p>Este producto aporta una serie de vitaminas de la familia B que se encargan de reducir el estr\u00e9s y ayudan a renovar las ra\u00edces como puede ser la B1. La B2 es una coenzima que aumenta la resistencia contra el ataque de los hongos y las plagas, la B6 estimula el sistema inmunol\u00f3gico de nuestras plantas y la B12 interviene directamente en todos los procesos naturales. Aussie Tonic tambi\u00e9n contiene \u00e1cidos asc\u00f3rbicos que son unos potentes antioxidantes que aumentan la resistencia de nuestras plantas contra la irrupci\u00f3n de hongos, plagas o enfermedades y ayudan a impedir los da\u00f1os que se pueden producir por el impacto de los rayos solares, adem\u00e1s de aumentar la posibilidad de transformar la energ\u00eda solar en carbohidratos.<\/p>\n<p>Es un producto muy f\u00e1cil de utilizar que a\u00f1adiremos a nuestro medio de cultivo durante todo el ciclo vital, salvo en las dos primeras semanas del periodo de floraci\u00f3n que intentaremos provocar una situaci\u00f3n de estr\u00e9s para que tengan un floraci\u00f3n m\u00e1s temprana.<\/p>\n<p>En definitiva con Aussie Tonic, mantenemos a nuestras plantas de marihuana mucho m\u00e1s saludables y vigorosas, pero s\u00ed queremos conseguir el mejor desarrollo posible, es muy recomendable combinar este complejo vitam\u00ednico con Hydro Fuel Grow y con Hydro Fuel Bloom, tambi\u00e9n de Green Planet, aunque con abonos de nutrici\u00f3n base de otras marcas tambi\u00e9n funcionan muy bien.<\/p>\n<p>Funciones y caracter\u00edsticas de Aussie Tonic de Green Planet :<br \/>   &#8211; Aporta numerosas vitaminas y hormonas a nuestras plantas de marihuana<br \/>   &#8211; Refuerza las paredes celulares y protege contra el ataque de plagas y el estr\u00e9s<br \/>   &#8211; Ayuda a renovar las ra\u00edces<br \/>   &#8211; Conseguiremos plantas con m\u00e1s vitalidad y m\u00e1s salud<\/p>\n<p>Composici\u00f3n de Aussie Tonic de Green Planet:<br \/>   &#8211; \u00c1cido asc\u00f3rbico<br \/>   &#8211; Vitamina B1<br \/>   &#8211; Vitamina B2<br \/>   &#8211; Vitamina B6<br \/>   &#8211; Vitamina B12<br \/>   &#8211; Vitamina C<br \/>   &#8211; Vitamina D3<br \/>   &#8211; \u00c1cido Naphthaleleacetico<\/p>\n<p>Dosificaci\u00f3n de Aussie Tonic de Green Planet:<br \/>Mover muy bien el producto antes de su aplicaci\u00f3n<br \/>Se utiliza durante todo el ciclo vital (salvo las dos primeras semanas de floraci\u00f3n)<br \/>Aplicar una dosis de 0.5 a 1 ml por cada litro de agua para esquejes y semillas<br \/>Durante el periodo de crecimiento aplicar de 1 a 2 ml por cada litro de agua<br \/>Durante el periodo de floraci\u00f3n aplicar de 1.5 a 2 ml por cada litro de agua<br \/>Utilizar medidores de PH y de EC en nuestros medios de cultivo para conseguir los mejores resultados posibles en nuestras cosechas<br \/>Para cualquier duda en su aplicaci\u00f3n consultar las tablas de cultivo de Green Planet<\/p>\n","protected":false},"excerpt":{"rendered":"<p>Aussie Tonic es un espectacular multivitam\u00ednico de Green Planet que adem\u00e1s de vitaminas tambi\u00e9n aporta hormonas a nuestras plantas de marihuana con la misi\u00f3n de acabar con las situaciones de estr\u00e9s que puedan tener. <\/p>\n","protected":false},"featured_media":13096,"comment_status":"open","ping_status":"closed","template":"","meta":{"_bst_post_transparent":"","_bst_post_title":"","_bst_post_layout":"","_bst_post_sidebar_id":"","_bst_post_content_style":"","_bst_post_vertical_padding":"","_bst_post_feature":"","_bst_post_feature_position":"","_bst_post_header":false,"_bst_post_footer":false},"pwb-brand":[173],"product_brand":[],"product_cat":[39],"product_tag":[],"class_list":{"0":"post-13097","1":"product","2":"type-product","3":"status-publish","4":"has-post-thumbnail","6":"pwb-brand-green-planet-nutrients","7":"product_cat-fertilizantes","8":"product_shipping_class-entre-20-kg-y-30-kg","10":"first","11":"instock","12":"sale","13":"taxable","14":"shipping-taxable","15":"purchasable","16":"product-type-simple","17":"entry","18":"content-bg","19":"loop-entry"},"brands":[{"id":173,"name":"Green Planet Nutrients","slug":"green-planet-nutrients"}],"_links":{"self":[{"href":"https:\/\/puregrowshop.com\/fr\/wp-json\/wp\/v2\/product\/13097","targetHints":{"allow":["GET"]}}],"collection":[{"href":"https:\/\/puregrowshop.com\/fr\/wp-json\/wp\/v2\/product"}],"about":[{"href":"https:\/\/puregrowshop.com\/fr\/wp-json\/wp\/v2\/types\/product"}],"replies":[{"embeddable":true,"href":"https:\/\/puregrowshop.com\/fr\/wp-json\/wp\/v2\/comments?post=13097"}],"wp:featuredmedia":[{"embeddable":true,"href":"https:\/\/puregrowshop.com\/fr\/wp-json\/wp\/v2\/media\/13096"}],"wp:attachment":[{"href":"https:\/\/puregrowshop.com\/fr\/wp-json\/wp\/v2\/media?parent=13097"}],"wp:term":[{"taxonomy":"pwb-brand","embeddable":true,"href":"https:\/\/puregrowshop.com\/fr\/wp-json\/wp\/v2\/pwb-brand?post=13097"},{"taxonomy":"product_brand","embeddable":true,"href":"https:\/\/puregrowshop.com\/fr\/wp-json\/wp\/v2\/product_brand?post=13097"},{"taxonomy":"product_cat","embeddable":true,"href":"https:\/\/puregrowshop.com\/fr\/wp-json\/wp\/v2\/product_cat?post=13097"},{"taxonomy":"product_tag","embeddable":true,"href":"https:\/\/puregrowshop.com\/fr\/wp-json\/wp\/v2\/product_tag?post=13097"}],"curies":[{"name":"wp","href":"https:\/\/api.w.org\/{rel}","templated":true}]}}