{"id":13077,"date":"2024-10-28T20:46:59","date_gmt":"2024-10-28T20:46:59","guid":{"rendered":"https:\/\/puregrowshop.com\/flawless-finish-5-lt-advanced-nutrients\/"},"modified":"2026-01-24T09:25:35","modified_gmt":"2026-01-24T09:25:35","slug":"flawless-finish-5-lt-advanced-nutrients","status":"publish","type":"product","link":"https:\/\/puregrowshop.com\/fr\/flawless-finish-5-lt-advanced-nutrients\/","title":{"rendered":"Flawless Finish  5 lt. Advanced Nutrients"},"content":{"rendered":"<p>Descubra el poder de &quot;Flawless Finish 5 lt. Advanced Nutrients&quot;, un fertilizante premium dise\u00f1ado para maximizar el rendimiento de sus cultivos. Este producto avanzado es esencial para cultivadores que buscan optimizar la calidad y el sabor de sus plantas en la etapa final de crecimiento.<\/p>\n<ul>\n<li>Formato de 5 litros, ideal para grandes \u00e1reas de cultivo.<\/li>\n<li>Dise\u00f1ado espec\u00edficamente para la fase de enjuague de las plantas.<\/li>\n<li>F\u00f3rmula equilibrada que elimina residuos y mejora la pureza del producto final.<\/li>\n<li>Compatible con todos los medios de cultivo: tierra, coco y sistemas hidrop\u00f3nicos.<\/li>\n<li>Garantiza un acabado impecable, realzando el sabor y aroma natural de los cultivos.<\/li>\n<\/ul>\n<p>Este fertilizante es indispensable durante las \u00faltimas etapas del ciclo de vida de la planta, asegurando que sus cultivos alcancen su m\u00e1ximo potencial sin dejar residuos qu\u00edmicos. Su uso resulta en una cosecha con sabores m\u00e1s intensos y aromas m\u00e1s puros, mejorando la experiencia del consumidor final.<\/p>\n<p>El producto est\u00e1 elaborado con ingredientes de alta calidad, asegurando la salud de sus plantas. Para obtener los mejores resultados, siga las instrucciones de dosificaci\u00f3n proporcionadas en el envase y almacene en un lugar fresco y seco. &quot;Flawless Finish 5 lt. Advanced Nutrients&quot; es la elecci\u00f3n perfecta para cultivadores profesionales comprometidos con la excelencia en cada cosecha.<\/p>\n","protected":false},"excerpt":{"rendered":"<div><b>Composicion:<\/b><\/div>\n<div>Nitrogeno:0%<\/div>\n<div>Fosforo: 0%<\/div>\n<div>Potasio:0%<\/div>\n<div><\/div>\n<div>&nbsp;Este aditivo elimina de tus plantas los contaminantes, los metales pesados y las sales de los fertilizantes para que cuando maduren las flores \u00e9stas mantengan intacto su aroma. Un tratamiento con agentes quelantes y un r\u00e9gimen de ayuno eliminan las toxinas del medio nutritivo y permiten a las plantas eliminar los nutrientes almacenados antes de la cosecha. Los quelatos persiguen y capturan los iones elementales. Los quelatos estabilizados y el sulfato de magnesio retiran los nitratos y los sulfatos. Una proporci\u00f3n m\u00e1s alta de C:N en condiciones ideales favorece un mayor contenido de az\u00facar en la maduraci\u00f3n de las flores. Las flores absorben la cantidad correcta de magnesio para impulsar la maduraci\u00f3n. Expulsa el nitr\u00f3geno en el momento oportuno para mantener el tama\u00f1o de la cosecha.<\/div>\n<div><\/div>\n<div><\/div>\n<div><\/div>\n<div>Flawless Finish\u00ae es apto para su uso con diversos medios de cultivo hidrop\u00f3nicos y con todos los sistemas de fertilizaci\u00f3n continua, como aerop\u00f3nicos, riego por goteo, NFT, Ebb &amp; Flow y DWC.<\/div>\n","protected":false},"featured_media":13076,"comment_status":"open","ping_status":"closed","template":"","meta":{"_bst_post_transparent":"","_bst_post_title":"","_bst_post_layout":"","_bst_post_sidebar_id":"","_bst_post_content_style":"","_bst_post_vertical_padding":"","_bst_post_feature":"","_bst_post_feature_position":"","_bst_post_header":false,"_bst_post_footer":false},"pwb-brand":[172],"product_brand":[],"product_cat":[39],"product_tag":[],"class_list":{"0":"post-13077","1":"product","2":"type-product","3":"status-publish","4":"has-post-thumbnail","6":"pwb-brand-advanced-nutrients","7":"product_cat-fertilizantes","9":"first","10":"instock","11":"sale","12":"taxable","13":"shipping-taxable","14":"purchasable","15":"product-type-simple","16":"entry","17":"content-bg","18":"loop-entry"},"brands":[{"id":172,"name":"Advanced Nutrients","slug":"advanced-nutrients"}],"_links":{"self":[{"href":"https:\/\/puregrowshop.com\/fr\/wp-json\/wp\/v2\/product\/13077","targetHints":{"allow":["GET"]}}],"collection":[{"href":"https:\/\/puregrowshop.com\/fr\/wp-json\/wp\/v2\/product"}],"about":[{"href":"https:\/\/puregrowshop.com\/fr\/wp-json\/wp\/v2\/types\/product"}],"replies":[{"embeddable":true,"href":"https:\/\/puregrowshop.com\/fr\/wp-json\/wp\/v2\/comments?post=13077"}],"wp:featuredmedia":[{"embeddable":true,"href":"https:\/\/puregrowshop.com\/fr\/wp-json\/wp\/v2\/media\/13076"}],"wp:attachment":[{"href":"https:\/\/puregrowshop.com\/fr\/wp-json\/wp\/v2\/media?parent=13077"}],"wp:term":[{"taxonomy":"pwb-brand","embeddable":true,"href":"https:\/\/puregrowshop.com\/fr\/wp-json\/wp\/v2\/pwb-brand?post=13077"},{"taxonomy":"product_brand","embeddable":true,"href":"https:\/\/puregrowshop.com\/fr\/wp-json\/wp\/v2\/product_brand?post=13077"},{"taxonomy":"product_cat","embeddable":true,"href":"https:\/\/puregrowshop.com\/fr\/wp-json\/wp\/v2\/product_cat?post=13077"},{"taxonomy":"product_tag","embeddable":true,"href":"https:\/\/puregrowshop.com\/fr\/wp-json\/wp\/v2\/product_tag?post=13077"}],"curies":[{"name":"wp","href":"https:\/\/api.w.org\/{rel}","templated":true}]}}