{"id":13043,"date":"2024-10-28T20:46:49","date_gmt":"2024-10-28T20:46:49","guid":{"rendered":"https:\/\/puregrowshop.com\/organic-tea-bigmike-10-lt-advanced-nutrients\/"},"modified":"2025-12-27T20:14:52","modified_gmt":"2025-12-27T20:14:52","slug":"organic-tea-bigmike-10-lt-advanced-nutrients","status":"publish","type":"product","link":"https:\/\/puregrowshop.com\/fr\/organic-tea-bigmike-10-lt-advanced-nutrients\/","title":{"rendered":"Organic Tea BigMike 10 lt. Advanced Nutrients"},"content":{"rendered":"<p>Descubre el poder del &quot;Organic Tea Big Mike 10 lt. Advanced Nutrients&quot;, un fertilizante org\u00e1nico de alta calidad dise\u00f1ado para maximizar el potencial de tus plantas. Especialmente formulado para satisfacer las demandas de los cultivadores m\u00e1s exigentes, este producto es ideal para aquellos que buscan un crecimiento vigoroso y saludable.<\/p>\n<ul>\n<li>Peso: 11.5 kg.<\/li>\n<li>Volumen: 10 litros.<\/li>\n<li>Fabricado con ingredientes 100% org\u00e1nicos.<\/li>\n<li>Compatible con una amplia variedad de plantas.<\/li>\n<li>F\u00e1cil de aplicar y dosificar.<\/li>\n<\/ul>\n<p>Los beneficios de este fertilizante son innumerables. &quot;Organic Tea Big Mike&quot; nutre tus plantas de manera efectiva, promoviendo un crecimiento robusto y una floraci\u00f3n espl\u00e9ndida. Su f\u00f3rmula avanzada mejora la absorci\u00f3n de nutrientes, lo que se traduce en un aumento notable de la resistencia y vitalidad de las plantas.<\/p>\n<p>Este producto est\u00e1 compuesto por materiales org\u00e1nicos de alta calidad que aseguran un impacto positivo en el medio ambiente. Se recomienda almacenar en un lugar fresco y seco para mantener su efectividad. Ideal para jardineros que valoran la sostenibilidad y la excelencia en el cuidado de sus cultivos.<\/p>\n","protected":false},"excerpt":{"rendered":"<p><b>Composicion:<\/b><\/p>\n<p>Nitrogeno<b>: <\/b>3%<\/p>\n<p>Fosforo: 2%<\/p>\n<p>Potasio: 5%<\/p>\n<p><\/p>\n<p>Este fertilizante org\u00e1nico con certificaci\u00f3n OMRI y CDFA-OIM est\u00e1 compuesto de ingredientes que potencian tus plantas<\/p>\n<ul>\n<li>Hidrolizado de prote\u00edna de pescado y de soja. Juntos ofrecen un <span style='text-decoration: underline;'>amplio espectro de elementos biodisponibles<\/span>,<br \/> lo que proporciona las condiciones ideales para ayudar a tus plantas a <br \/>construir una estructura \u00f3ptima para el crecimiento y la floraci\u00f3n.<\/li>\n<li>Harina de alfalfa fraccionada que crea las condiciones perfectas para la <span style='text-decoration: underline;'>Produccion de clorofila<\/span>. As\u00ed, tus plantas pueden absorber m\u00e1s CO2 y optimizar la fotos\u00edntesis.<\/li>\n<\/ul>\n<ul>\n<li>Una amplia gama de vitaminas para mantener los procesos de crecimiento equilibrados.<\/li>\n<li><\/li>\n<\/ul>\n<p><\/p>\n<p>Adem\u00e1s, el t\u00e9 libera nutrientes gradualmente garantizando que <br \/>permanezcan disponibles para su absorci\u00f3n a lo largo de todo el ciclo de<br \/> cultivo.<\/p>\n<p><\/p>\n<p><\/p>\n<p><\/p>\n<ul>\n<li>Se mezcla f\u00e1cilmente con los fertilizantes tradicionales y enmiendas de suelo.<\/li>\n<li>No atasca el sistema ni deja malos olores en el cultivo.<\/li>\n<\/ul>\n","protected":false},"featured_media":13042,"comment_status":"open","ping_status":"closed","template":"","meta":{"_bst_post_transparent":"","_bst_post_title":"","_bst_post_layout":"","_bst_post_sidebar_id":"","_bst_post_content_style":"","_bst_post_vertical_padding":"","_bst_post_feature":"","_bst_post_feature_position":"","_bst_post_header":false,"_bst_post_footer":false},"pwb-brand":[172],"product_brand":[],"product_cat":[39],"product_tag":[],"class_list":{"0":"post-13043","1":"product","2":"type-product","3":"status-publish","4":"has-post-thumbnail","6":"pwb-brand-advanced-nutrients","7":"product_cat-fertilizantes","8":"product_shipping_class-entre-10-kg-y-20-kg","10":"first","11":"instock","12":"sale","13":"taxable","14":"shipping-taxable","15":"purchasable","16":"product-type-simple","17":"entry","18":"content-bg","19":"loop-entry"},"brands":[{"id":172,"name":"Advanced Nutrients","slug":"advanced-nutrients"}],"_links":{"self":[{"href":"https:\/\/puregrowshop.com\/fr\/wp-json\/wp\/v2\/product\/13043","targetHints":{"allow":["GET"]}}],"collection":[{"href":"https:\/\/puregrowshop.com\/fr\/wp-json\/wp\/v2\/product"}],"about":[{"href":"https:\/\/puregrowshop.com\/fr\/wp-json\/wp\/v2\/types\/product"}],"replies":[{"embeddable":true,"href":"https:\/\/puregrowshop.com\/fr\/wp-json\/wp\/v2\/comments?post=13043"}],"wp:featuredmedia":[{"embeddable":true,"href":"https:\/\/puregrowshop.com\/fr\/wp-json\/wp\/v2\/media\/13042"}],"wp:attachment":[{"href":"https:\/\/puregrowshop.com\/fr\/wp-json\/wp\/v2\/media?parent=13043"}],"wp:term":[{"taxonomy":"pwb-brand","embeddable":true,"href":"https:\/\/puregrowshop.com\/fr\/wp-json\/wp\/v2\/pwb-brand?post=13043"},{"taxonomy":"product_brand","embeddable":true,"href":"https:\/\/puregrowshop.com\/fr\/wp-json\/wp\/v2\/product_brand?post=13043"},{"taxonomy":"product_cat","embeddable":true,"href":"https:\/\/puregrowshop.com\/fr\/wp-json\/wp\/v2\/product_cat?post=13043"},{"taxonomy":"product_tag","embeddable":true,"href":"https:\/\/puregrowshop.com\/fr\/wp-json\/wp\/v2\/product_tag?post=13043"}],"curies":[{"name":"wp","href":"https:\/\/api.w.org\/{rel}","templated":true}]}}