{"id":13041,"date":"2024-10-28T20:46:49","date_gmt":"2024-10-28T20:46:49","guid":{"rendered":"https:\/\/puregrowshop.com\/organic-tea-bigmike-5-lt-advanced-nutrients\/"},"modified":"2025-12-27T20:14:52","modified_gmt":"2025-12-27T20:14:52","slug":"organic-tea-bigmike-5-lt-advanced-nutrients","status":"publish","type":"product","link":"https:\/\/puregrowshop.com\/fr\/organic-tea-bigmike-5-lt-advanced-nutrients\/","title":{"rendered":"Organic Tea BigMike  5 lt. Advanced Nutrients"},"content":{"rendered":"<p>Descubre el poder del &quot;Organic Tea Big Mike 5 lt. Advanced Nutrients&quot;, el fertilizante org\u00e1nico premium dise\u00f1ado para maximizar el crecimiento y salud de tus plantas. Este producto es ideal para los cultivadores que buscan resultados excepcionales de manera natural y sostenible.<\/p>\n<ul>\n<li>Peso: 5.3 litros, proporcionando una cantidad generosa para m\u00faltiples aplicaciones.<\/li>\n<li>Formulado con nutrientes avanzados que promueven un crecimiento vigoroso.<\/li>\n<li>100% org\u00e1nico, asegurando un impacto ambiental m\u00ednimo mientras optimiza la salud del suelo.<\/li>\n<li>Compatible con una amplia variedad de plantas, desde hortalizas hasta plantas ornamentales.<\/li>\n<\/ul>\n<p>Los beneficios de &quot;Organic Tea Big Mike&quot; son inigualables. Mejora la absorci\u00f3n de nutrientes y fortalece el sistema inmunol\u00f3gico de las plantas, promoviendo un crecimiento m\u00e1s r\u00e1pido y resistente. Su uso regular puede mejorar la floraci\u00f3n y el rendimiento general del cultivo.<\/p>\n<p>Este fertilizante est\u00e1 compuesto de ingredientes naturales cuidadosamente seleccionados, garantizando una nutrici\u00f3n balanceada. Para obtener los mejores resultados, agitar bien antes de usar y aplicar seg\u00fan las instrucciones del fabricante. Con &quot;Organic Tea Big Mike&quot;, tus plantas recibir\u00e1n el cuidado y la nutrici\u00f3n que merecen, propiciando un jard\u00edn exuberante y saludable.<\/p>\n","protected":false},"excerpt":{"rendered":"<p><b>Composicion:<\/b><\/p>\n<p>Nitrogeno<b>: <\/b>3%<\/p>\n<p>Fosforo: 2%<\/p>\n<p>Potasio: 5%<\/p>\n<p><\/p>\n<p>Este fertilizante org\u00e1nico con certificaci\u00f3n OMRI y CDFA-OIM est\u00e1 compuesto de ingredientes que potencian tus plantas<\/p>\n<ul>\n<li>Hidrolizado de prote\u00edna de pescado y de soja. Juntos ofrecen un <span style='text-decoration: underline;'>amplio espectro de elementos biodisponibles<\/span>,<br \/> lo que proporciona las condiciones ideales para ayudar a tus plantas a <br \/>construir una estructura \u00f3ptima para el crecimiento y la floraci\u00f3n.<\/li>\n<li>Harina de alfalfa fraccionada que crea las condiciones perfectas para la <span style='text-decoration: underline;'>Produccion de clorofila<\/span>. As\u00ed, tus plantas pueden absorber m\u00e1s CO2 y optimizar la fotos\u00edntesis.<\/li>\n<\/ul>\n<ul>\n<li>Una amplia gama de vitaminas para mantener los procesos de crecimiento equilibrados.<\/li>\n<li><\/li>\n<\/ul>\n<p><\/p>\n<p>Adem\u00e1s, el t\u00e9 libera nutrientes gradualmente garantizando que permanezcan disponibles para su absorci\u00f3n a lo largo de todo el ciclo de cultivo.<\/p>\n<p><\/p>\n<p><\/p>\n<p><\/p>\n<ul>\n<li>Se mezcla f\u00e1cilmente con los fertilizantes tradicionales y enmiendas de suelo.<\/li>\n<li>No atasca el sistema ni deja malos olores en el cultivo.<\/li>\n<\/ul>\n<p><\/p>\n","protected":false},"featured_media":13040,"comment_status":"open","ping_status":"closed","template":"","meta":{"_bst_post_transparent":"","_bst_post_title":"","_bst_post_layout":"","_bst_post_sidebar_id":"","_bst_post_content_style":"","_bst_post_vertical_padding":"","_bst_post_feature":"","_bst_post_feature_position":"","_bst_post_header":false,"_bst_post_footer":false},"pwb-brand":[172],"product_brand":[],"product_cat":[39],"product_tag":[],"class_list":{"0":"post-13041","1":"product","2":"type-product","3":"status-publish","4":"has-post-thumbnail","6":"pwb-brand-advanced-nutrients","7":"product_cat-fertilizantes","9":"first","10":"instock","11":"sale","12":"taxable","13":"shipping-taxable","14":"purchasable","15":"product-type-simple","16":"entry","17":"content-bg","18":"loop-entry"},"brands":[{"id":172,"name":"Advanced Nutrients","slug":"advanced-nutrients"}],"_links":{"self":[{"href":"https:\/\/puregrowshop.com\/fr\/wp-json\/wp\/v2\/product\/13041","targetHints":{"allow":["GET"]}}],"collection":[{"href":"https:\/\/puregrowshop.com\/fr\/wp-json\/wp\/v2\/product"}],"about":[{"href":"https:\/\/puregrowshop.com\/fr\/wp-json\/wp\/v2\/types\/product"}],"replies":[{"embeddable":true,"href":"https:\/\/puregrowshop.com\/fr\/wp-json\/wp\/v2\/comments?post=13041"}],"wp:featuredmedia":[{"embeddable":true,"href":"https:\/\/puregrowshop.com\/fr\/wp-json\/wp\/v2\/media\/13040"}],"wp:attachment":[{"href":"https:\/\/puregrowshop.com\/fr\/wp-json\/wp\/v2\/media?parent=13041"}],"wp:term":[{"taxonomy":"pwb-brand","embeddable":true,"href":"https:\/\/puregrowshop.com\/fr\/wp-json\/wp\/v2\/pwb-brand?post=13041"},{"taxonomy":"product_brand","embeddable":true,"href":"https:\/\/puregrowshop.com\/fr\/wp-json\/wp\/v2\/product_brand?post=13041"},{"taxonomy":"product_cat","embeddable":true,"href":"https:\/\/puregrowshop.com\/fr\/wp-json\/wp\/v2\/product_cat?post=13041"},{"taxonomy":"product_tag","embeddable":true,"href":"https:\/\/puregrowshop.com\/fr\/wp-json\/wp\/v2\/product_tag?post=13041"}],"curies":[{"name":"wp","href":"https:\/\/api.w.org\/{rel}","templated":true}]}}