{"id":13039,"date":"2024-10-28T20:46:48","date_gmt":"2024-10-28T20:46:48","guid":{"rendered":"https:\/\/puregrowshop.com\/organic-tea-bigmike-1-lt-advanced-nutrients\/"},"modified":"2025-12-27T20:14:52","modified_gmt":"2025-12-27T20:14:52","slug":"organic-tea-bigmike-1-lt-advanced-nutrients","status":"publish","type":"product","link":"https:\/\/puregrowshop.com\/fr\/organic-tea-bigmike-1-lt-advanced-nutrients\/","title":{"rendered":"Organic Tea BigMike  1 lt. Advanced Nutrients"},"content":{"rendered":"<p>Presentamos el &quot;Organic Tea Big Mike 1 lt.&quot; de Advanced Nutrients, un fertilizante org\u00e1nico de calidad superior dise\u00f1ado para maximizar el potencial de tus plantas. Este producto es ideal para quienes buscan una opci\u00f3n natural y efectiva para nutrir sus cultivos, asegurando un crecimiento saludable y vigoroso.<\/p>\n<ul>\n<li>Composici\u00f3n 100% org\u00e1nica para un cuidado natural.<\/li>\n<li>Formato de 1 litro, suficiente para cubrir una amplia \u00e1rea de cultivo.<\/li>\n<li>Rico en nutrientes esenciales que promueven un desarrollo \u00f3ptimo de las plantas.<\/li>\n<li>F\u00e1cil de usar, compatible con diversos tipos de cultivo y sistemas de riego.<\/li>\n<\/ul>\n<p>El &quot;Organic Tea Big Mike&quot; mejora la salud del suelo y estimula el crecimiento microbiol\u00f3gico, lo que resulta en plantas m\u00e1s fuertes y resistentes. Es apto tanto para cultivo en interiores como exteriores, y contribuye a un incremento en la producci\u00f3n de flores y frutos.<\/p>\n<p>Elaborado con ingredientes naturales de alta calidad, este fertilizante es seguro para el medio ambiente y f\u00e1cil de aplicar. Simplemente dil\u00fayelo en agua seg\u00fan las instrucciones y apl\u00edcalo directamente en el suelo o sistema de riego. Transforma tu jard\u00edn con el poder de lo org\u00e1nico y experimenta la diferencia.<\/p>\n","protected":false},"excerpt":{"rendered":"<p><b>Composicion:<\/b><\/p>\n<p>Nitrogeno<b>: <\/b>3%<\/p>\n<p>Fosforo: 2%<\/p>\n<p>Potasio: 5%<\/p>\n<p><\/p>\n<p>Este fertilizante org\u00e1nico con certificaci\u00f3n OMRI y CDFA-OIM est\u00e1 compuesto de ingredientes que potencian tus plantas<\/p>\n<ul>\n<li>Hidrolizado de prote\u00edna de pescado y de soja. Juntos ofrecen un <span style='text-decoration: underline;'>amplio espectro de elementos biodisponibles<\/span>,<br \/> lo que proporciona las condiciones ideales para ayudar a tus plantas a <br \/>construir una estructura \u00f3ptima para el crecimiento y la floraci\u00f3n.<\/li>\n<li>Harina de alfalfa fraccionada que crea las condiciones perfectas para la <span style='text-decoration: underline;'>Produccion de clorofila<\/span>. As\u00ed, tus plantas pueden absorber m\u00e1s CO2 y optimizar la fotos\u00edntesis.<\/li>\n<\/ul>\n<ul>\n<li>Una amplia gama de vitaminas para mantener los procesos de crecimiento equilibrados.<\/li>\n<li><\/li>\n<\/ul>\n<p><\/p>\n<p>Adem\u00e1s, el t\u00e9 libera nutrientes gradualmente garantizando que <br \/>permanezcan disponibles para su absorci\u00f3n a lo largo de todo el ciclo de<br \/> cultivo.<\/p>\n<p><\/p>\n<p><\/p>\n<p><\/p>\n<ul>\n<li>Se mezcla f\u00e1cilmente con los fertilizantes tradicionales y enmiendas de suelo.<\/li>\n<li>No atasca el sistema ni deja malos olores en el cultivo.<\/li>\n<\/ul>\n","protected":false},"featured_media":13038,"comment_status":"open","ping_status":"closed","template":"","meta":{"_bst_post_transparent":"","_bst_post_title":"","_bst_post_layout":"","_bst_post_sidebar_id":"","_bst_post_content_style":"","_bst_post_vertical_padding":"","_bst_post_feature":"","_bst_post_feature_position":"","_bst_post_header":false,"_bst_post_footer":false},"pwb-brand":[172],"product_brand":[],"product_cat":[39],"product_tag":[],"class_list":{"0":"post-13039","1":"product","2":"type-product","3":"status-publish","4":"has-post-thumbnail","6":"pwb-brand-advanced-nutrients","7":"product_cat-fertilizantes","9":"first","10":"instock","11":"sale","12":"taxable","13":"shipping-taxable","14":"purchasable","15":"product-type-simple","16":"entry","17":"content-bg","18":"loop-entry"},"brands":[{"id":172,"name":"Advanced Nutrients","slug":"advanced-nutrients"}],"_links":{"self":[{"href":"https:\/\/puregrowshop.com\/fr\/wp-json\/wp\/v2\/product\/13039","targetHints":{"allow":["GET"]}}],"collection":[{"href":"https:\/\/puregrowshop.com\/fr\/wp-json\/wp\/v2\/product"}],"about":[{"href":"https:\/\/puregrowshop.com\/fr\/wp-json\/wp\/v2\/types\/product"}],"replies":[{"embeddable":true,"href":"https:\/\/puregrowshop.com\/fr\/wp-json\/wp\/v2\/comments?post=13039"}],"wp:featuredmedia":[{"embeddable":true,"href":"https:\/\/puregrowshop.com\/fr\/wp-json\/wp\/v2\/media\/13038"}],"wp:attachment":[{"href":"https:\/\/puregrowshop.com\/fr\/wp-json\/wp\/v2\/media?parent=13039"}],"wp:term":[{"taxonomy":"pwb-brand","embeddable":true,"href":"https:\/\/puregrowshop.com\/fr\/wp-json\/wp\/v2\/pwb-brand?post=13039"},{"taxonomy":"product_brand","embeddable":true,"href":"https:\/\/puregrowshop.com\/fr\/wp-json\/wp\/v2\/product_brand?post=13039"},{"taxonomy":"product_cat","embeddable":true,"href":"https:\/\/puregrowshop.com\/fr\/wp-json\/wp\/v2\/product_cat?post=13039"},{"taxonomy":"product_tag","embeddable":true,"href":"https:\/\/puregrowshop.com\/fr\/wp-json\/wp\/v2\/product_tag?post=13039"}],"curies":[{"name":"wp","href":"https:\/\/api.w.org\/{rel}","templated":true}]}}