{"id":13033,"date":"2024-10-28T20:46:47","date_gmt":"2024-10-28T20:46:47","guid":{"rendered":"https:\/\/puregrowshop.com\/hammerhead-5-lt-advanced-nutrients\/"},"modified":"2025-12-27T20:14:41","modified_gmt":"2025-12-27T20:14:41","slug":"hammerhead-5-lt-advanced-nutrients","status":"publish","type":"product","link":"https:\/\/puregrowshop.com\/fr\/hammerhead-5-lt-advanced-nutrients\/","title":{"rendered":"Hammerhead  5 Lt. Advanced Nutrients"},"content":{"rendered":"<p>Descubra el poder del &quot;Hammerhead 5 Lt. Advanced Nutrients&quot;, un fertilizante especializado dise\u00f1ado para maximizar el potencial de sus plantas en cada etapa de su crecimiento. Ideal para cultivadores exigentes que buscan resultados superiores, este producto es su aliado perfecto para un desarrollo vigoroso y saludable.<\/p>\n<ul>\n<li>F\u00f3rmula avanzada que optimiza la absorci\u00f3n de nutrientes.<\/li>\n<li>Contenido de 5 litros, suficiente para varios ciclos de cultivo.<\/li>\n<li>Peso total de 5.3 kg, f\u00e1cil de manejar y almacenar.<\/li>\n<li>Compatible con una amplia gama de plantas, desde ornamentales hasta comestibles.<\/li>\n<li>Mejora notablemente el rendimiento y la calidad de sus cultivos.<\/li>\n<\/ul>\n<p>Gracias a su composici\u00f3n equilibrada, &quot;Hammerhead 5 Lt. Advanced Nutrients&quot; asegura un suministro constante de nutrientes esenciales, promoviendo un crecimiento robusto y una floraci\u00f3n exuberante. Su aplicaci\u00f3n regular mejora la resistencia de las plantas al estr\u00e9s y las plagas, garantizando una cosecha abundante y de alta calidad.<\/p>\n<p>Elaborado con materiales de primera calidad, este fertilizante es seguro para el medio ambiente y f\u00e1cil de aplicar siguiendo las instrucciones detalladas en el envase. Aproveche al m\u00e1ximo sus esfuerzos de cultivo con este producto de vanguardia y vea c\u00f3mo sus plantas prosperan como nunca antes.<\/p>\n","protected":false},"excerpt":{"rendered":"<p><b>Composicion:<\/b><\/p>\n<p>Pentoxido de Fosforo (P2O5) = 4%<\/p>\n<p>Oxido de Potasio (K2O) = 12%<\/p>\n<p><\/p>\n<p>Hammerhead es un <br \/>potenciador, rigurosamente investigado<br \/> y testado en el tipo de planta que cultivas. Con la proporci\u00f3n PK ideal<br \/> de 1:3&nbsp; Hammerhead impulsa la producci\u00f3n <br \/>floral para recompensarte con una cosecha exuberante, potente y <br \/>considerable.<\/p>\n<p><\/p>\n<ul>\n<li>El citrato de potasio maximiza la absorci\u00f3n de los nutrientes sin la toxicidad de los quelantes comunes.<\/li>\n<\/ul>\n<p><\/p>\n<p><span class='pgr-directions'><strong><br \/><\/strong><\/span><\/p>\n<p><span class='pgr-directions'><strong>Atencion:<\/strong> HammerHead ha sido especialmente dise\u00f1ado para combinarse con nuestra base de la <span style='text-decoration: underline;'><a href='https:\/\/www.advancednutrients.com\/es\/products\/sensi-terra-series\/' data-cmp-ab='2'>serie Sensi Terra\u2122<\/a><\/span>.<br \/> Tambi\u00e9n es completamente compatible con todos los nutrientes base <br \/>Perfect Base de pH, as\u00ed como con todos los nutrientes y suplementos <br \/>Perfect Base sin pH y todos los nutrientes base y suplementos de la <br \/>competencia.<\/span><\/p>\n<p><span class='pgr-directions'><br \/><\/span><\/p>\n<p><\/p>\n<p><span class='pgr-directions'><strong>Nota:<\/strong> En Advanced <br \/>Nutrients, no utilizamos paclobutrazol, daminozida ni cualquier otro <br \/>regulador prohibido del crecimiento de las plantas en nuestros <br \/>productos.<\/span><\/p>\n","protected":false},"featured_media":13032,"comment_status":"open","ping_status":"closed","template":"","meta":{"_bst_post_transparent":"","_bst_post_title":"","_bst_post_layout":"","_bst_post_sidebar_id":"","_bst_post_content_style":"","_bst_post_vertical_padding":"","_bst_post_feature":"","_bst_post_feature_position":"","_bst_post_header":false,"_bst_post_footer":false},"pwb-brand":[172],"product_brand":[],"product_cat":[39],"product_tag":[],"class_list":{"0":"post-13033","1":"product","2":"type-product","3":"status-publish","4":"has-post-thumbnail","6":"pwb-brand-advanced-nutrients","7":"product_cat-fertilizantes","9":"first","10":"instock","11":"sale","12":"taxable","13":"shipping-taxable","14":"purchasable","15":"product-type-simple","16":"entry","17":"content-bg","18":"loop-entry"},"brands":[{"id":172,"name":"Advanced Nutrients","slug":"advanced-nutrients"}],"_links":{"self":[{"href":"https:\/\/puregrowshop.com\/fr\/wp-json\/wp\/v2\/product\/13033","targetHints":{"allow":["GET"]}}],"collection":[{"href":"https:\/\/puregrowshop.com\/fr\/wp-json\/wp\/v2\/product"}],"about":[{"href":"https:\/\/puregrowshop.com\/fr\/wp-json\/wp\/v2\/types\/product"}],"replies":[{"embeddable":true,"href":"https:\/\/puregrowshop.com\/fr\/wp-json\/wp\/v2\/comments?post=13033"}],"wp:featuredmedia":[{"embeddable":true,"href":"https:\/\/puregrowshop.com\/fr\/wp-json\/wp\/v2\/media\/13032"}],"wp:attachment":[{"href":"https:\/\/puregrowshop.com\/fr\/wp-json\/wp\/v2\/media?parent=13033"}],"wp:term":[{"taxonomy":"pwb-brand","embeddable":true,"href":"https:\/\/puregrowshop.com\/fr\/wp-json\/wp\/v2\/pwb-brand?post=13033"},{"taxonomy":"product_brand","embeddable":true,"href":"https:\/\/puregrowshop.com\/fr\/wp-json\/wp\/v2\/product_brand?post=13033"},{"taxonomy":"product_cat","embeddable":true,"href":"https:\/\/puregrowshop.com\/fr\/wp-json\/wp\/v2\/product_cat?post=13033"},{"taxonomy":"product_tag","embeddable":true,"href":"https:\/\/puregrowshop.com\/fr\/wp-json\/wp\/v2\/product_tag?post=13033"}],"curies":[{"name":"wp","href":"https:\/\/api.w.org\/{rel}","templated":true}]}}