{"id":13031,"date":"2024-10-28T20:46:46","date_gmt":"2024-10-28T20:46:46","guid":{"rendered":"https:\/\/puregrowshop.com\/hammerhead-1-lt-advanced-nutrients\/"},"modified":"2025-12-27T20:14:41","modified_gmt":"2025-12-27T20:14:41","slug":"hammerhead-1-lt-advanced-nutrients","status":"publish","type":"product","link":"https:\/\/puregrowshop.com\/fr\/hammerhead-1-lt-advanced-nutrients\/","title":{"rendered":"Hammerhead  1 Lt. Advanced Nutrients"},"content":{"rendered":"<p>Presentamos el &quot;Hammerhead 1 Lt. Advanced Nutrients&quot;, un fertilizante de \u00faltima generaci\u00f3n dise\u00f1ado para maximizar el rendimiento de tus cultivos. Este producto es ideal para los cultivadores que buscan resultados excepcionales y un desarrollo \u00f3ptimo de sus plantas.<\/p>\n<ul>\n<li>Formato: 1 litro<\/li>\n<li>Peso total: 1.2 kg<\/li>\n<li>Categor\u00eda: Fertilizantes de alto rendimiento<\/li>\n<li>Composici\u00f3n equilibrada para un crecimiento vigoroso<\/li>\n<li>Compatible con diferentes tipos de cultivo<\/li>\n<\/ul>\n<p>El Hammerhead 1 Lt. Advanced Nutrients potencia el crecimiento y la floraci\u00f3n de tus plantas, asegurando que reciban los nutrientes necesarios en cada etapa de su desarrollo. Este fertilizante fomenta una absorci\u00f3n eficiente de nutrientes, lo que se traduce en cosechas m\u00e1s abundantes y saludables. Su uso regular garantiza un equilibrio perfecto en el suelo, mejorando la estructura radicular y la resistencia de las plantas.<\/p>\n<p>Fabricado con ingredientes de alta calidad, este producto es f\u00e1cil de aplicar y se adapta a diversas condiciones de cultivo. Para obtener los mejores resultados, siga las instrucciones de uso proporcionadas en el envase. Descubre el poder de Hammerhead y lleva tus cultivos al siguiente nivel de productividad.<\/p>\n","protected":false},"excerpt":{"rendered":"<p><b>Composicion:<\/b><\/p>\n<p>Pentoxido de Fosforo (P2O5) = 4%<\/p>\n<p>Oxido de Potasio (K2O) = 12%<\/p>\n<p><\/p>\n<p>Hammerhead es un <br \/>potenciador, rigurosamente investigado<br \/> y testado en el tipo de planta que cultivas. Con la proporci\u00f3n PK ideal<br \/> de 1:3&nbsp; Hammerhead impulsa la producci\u00f3n <br \/>floral para recompensarte con una cosecha exuberante, potente y <br \/>considerable.<\/p>\n<p><\/p>\n<ul>\n<li>El citrato de potasio maximiza la absorci\u00f3n de los nutrientes sin la toxicidad de los quelantes comunes.<\/li>\n<\/ul>\n<p><\/p>\n<p><span class='pgr-directions'><strong><br \/><\/strong><\/span><\/p>\n<p><span class='pgr-directions'><strong>Atencion:<\/strong> HammerHead ha sido especialmente dise\u00f1ado para combinarse con nuestra base de la <span style='text-decoration: underline;'><a href='https:\/\/www.advancednutrients.com\/es\/products\/sensi-terra-series\/' data-cmp-ab='2'>serie Sensi Terra\u2122<\/a><\/span>.<br \/> Tambi\u00e9n es completamente compatible con todos los nutrientes base <br \/>Perfect Base de pH, as\u00ed como con todos los nutrientes y suplementos <br \/>Perfect Base sin pH y todos los nutrientes base y suplementos de la <br \/>competencia.<\/span><\/p>\n<p><span class='pgr-directions'><strong><br \/><\/strong><\/span><\/p>\n<p><span class='pgr-directions'><strong>Nota:<\/strong> En Advanced <br \/>Nutrients, no utilizamos paclobutrazol, daminozida ni cualquier otro <br \/>regulador prohibido del crecimiento de las plantas en nuestros <br \/>productos.<\/span><\/p>\n","protected":false},"featured_media":13030,"comment_status":"open","ping_status":"closed","template":"","meta":{"_bst_post_transparent":"","_bst_post_title":"","_bst_post_layout":"","_bst_post_sidebar_id":"","_bst_post_content_style":"","_bst_post_vertical_padding":"","_bst_post_feature":"","_bst_post_feature_position":"","_bst_post_header":false,"_bst_post_footer":false},"pwb-brand":[172],"product_brand":[],"product_cat":[39],"product_tag":[],"class_list":{"0":"post-13031","1":"product","2":"type-product","3":"status-publish","4":"has-post-thumbnail","6":"pwb-brand-advanced-nutrients","7":"product_cat-fertilizantes","9":"first","10":"instock","11":"sale","12":"taxable","13":"shipping-taxable","14":"purchasable","15":"product-type-simple","16":"entry","17":"content-bg","18":"loop-entry"},"brands":[{"id":172,"name":"Advanced Nutrients","slug":"advanced-nutrients"}],"_links":{"self":[{"href":"https:\/\/puregrowshop.com\/fr\/wp-json\/wp\/v2\/product\/13031","targetHints":{"allow":["GET"]}}],"collection":[{"href":"https:\/\/puregrowshop.com\/fr\/wp-json\/wp\/v2\/product"}],"about":[{"href":"https:\/\/puregrowshop.com\/fr\/wp-json\/wp\/v2\/types\/product"}],"replies":[{"embeddable":true,"href":"https:\/\/puregrowshop.com\/fr\/wp-json\/wp\/v2\/comments?post=13031"}],"wp:featuredmedia":[{"embeddable":true,"href":"https:\/\/puregrowshop.com\/fr\/wp-json\/wp\/v2\/media\/13030"}],"wp:attachment":[{"href":"https:\/\/puregrowshop.com\/fr\/wp-json\/wp\/v2\/media?parent=13031"}],"wp:term":[{"taxonomy":"pwb-brand","embeddable":true,"href":"https:\/\/puregrowshop.com\/fr\/wp-json\/wp\/v2\/pwb-brand?post=13031"},{"taxonomy":"product_brand","embeddable":true,"href":"https:\/\/puregrowshop.com\/fr\/wp-json\/wp\/v2\/product_brand?post=13031"},{"taxonomy":"product_cat","embeddable":true,"href":"https:\/\/puregrowshop.com\/fr\/wp-json\/wp\/v2\/product_cat?post=13031"},{"taxonomy":"product_tag","embeddable":true,"href":"https:\/\/puregrowshop.com\/fr\/wp-json\/wp\/v2\/product_tag?post=13031"}],"curies":[{"name":"wp","href":"https:\/\/api.w.org\/{rel}","templated":true}]}}