{"id":13029,"date":"2024-10-28T20:46:46","date_gmt":"2024-10-28T20:46:46","guid":{"rendered":"https:\/\/puregrowshop.com\/hammerhead-500-ml-advanced-nutrients\/"},"modified":"2025-12-27T20:14:41","modified_gmt":"2025-12-27T20:14:41","slug":"hammerhead-500-ml-advanced-nutrients","status":"publish","type":"product","link":"https:\/\/puregrowshop.com\/fr\/hammerhead-500-ml-advanced-nutrients\/","title":{"rendered":"Hammerhead   500 ml. Advanced Nutrients"},"content":{"rendered":"<p>Presentamos &quot;Hammerhead 500 ml. Advanced Nutrients&quot;, el fertilizante ideal para maximizar el potencial de tus plantas en la fase de floraci\u00f3n. Dise\u00f1ado para cultivadores exigentes, este producto proporciona los nutrientes esenciales que tus plantas necesitan para florecer con vigor y salud.<\/p>\n<ul>\n<li>F\u00f3rmula avanzada que mejora la absorci\u00f3n de nutrientes.<\/li>\n<li>Contiene f\u00f3sforo y potasio en proporciones optimizadas.<\/li>\n<li>Compatible con una amplia variedad de sistemas de cultivo.<\/li>\n<li>Peso: 0.6 kg, ideal para uso en jardines de cualquier tama\u00f1o.<\/li>\n<\/ul>\n<p>Hammerhead 500 ml. es perfecto para aquellos que desean obtener cosechas abundantes y saludables. Este fertilizante promueve una floraci\u00f3n exuberante y mejora el desarrollo de las flores, asegurando que tus plantas alcancen su m\u00e1ximo potencial. Al usarlo, tus plantas recibir\u00e1n el equilibrio perfecto de nutrientes, resultando en flores m\u00e1s grandes y de mejor calidad.<\/p>\n<p>Este producto est\u00e1 formulado con ingredientes de alta calidad y es f\u00e1cil de usar. Simplemente sigue las instrucciones de dosificaci\u00f3n para asegurar resultados \u00f3ptimos. Hammerhead es el aliado perfecto para cualquier jardinero que busca resultados excepcionales en su jard\u00edn.<\/p>\n","protected":false},"excerpt":{"rendered":"<p><b>Composicion:<\/b><\/p>\n<p>Pentoxido de Fosforo (P2O5) = 4%<\/p>\n<p>Oxido de Potasio (K2O) = 12%<\/p>\n<p><\/p>\n<p>Hammerhead es un <br \/>potenciador, rigurosamente investigado<br \/> y testado en el tipo de planta que cultivas. Con la proporci\u00f3n PK ideal<br \/> de 1:3&nbsp; Hammerhead impulsa la producci\u00f3n <br \/>floral para recompensarte con una cosecha exuberante, potente y <br \/>considerable.<\/p>\n<p><\/p>\n<ul>\n<li>El citrato de potasio maximiza la absorci\u00f3n de los nutrientes sin la toxicidad de los quelantes comunes.<\/li>\n<\/ul>\n<p><\/p>\n<p><span class='pgr-directions'><strong><br \/><\/strong><\/span><\/p>\n<p><span class='pgr-directions'><strong>Atencion:<\/strong> HammerHead ha sido especialmente dise\u00f1ado para combinarse con nuestra base de la <span style='text-decoration: underline;'><a href='https:\/\/www.advancednutrients.com\/es\/products\/sensi-terra-series\/' data-cmp-ab='2'>serie Sensi Terra\u2122<\/a><\/span>.<br \/> Tambi\u00e9n es completamente compatible con todos los nutrientes base <br \/>Perfect Base de pH, as\u00ed como con todos los nutrientes y suplementos <br \/>Perfect Base sin pH y todos los nutrientes base y suplementos de la <br \/>competencia.<\/span><\/p>\n<p><span class='pgr-directions'><br \/><\/span><\/p>\n<p><\/p>\n<p><span class='pgr-directions'><strong>Nota:<\/strong> En Advanced <br \/>Nutrients, no utilizamos paclobutrazol, daminozida ni cualquier otro <br \/>regulador prohibido del crecimiento de las plantas en nuestros <br \/>productos.<\/span><\/p>\n","protected":false},"featured_media":13028,"comment_status":"open","ping_status":"closed","template":"","meta":{"_bst_post_transparent":"","_bst_post_title":"","_bst_post_layout":"","_bst_post_sidebar_id":"","_bst_post_content_style":"","_bst_post_vertical_padding":"","_bst_post_feature":"","_bst_post_feature_position":"","_bst_post_header":false,"_bst_post_footer":false},"pwb-brand":[172],"product_brand":[],"product_cat":[39],"product_tag":[],"class_list":{"0":"post-13029","1":"product","2":"type-product","3":"status-publish","4":"has-post-thumbnail","6":"pwb-brand-advanced-nutrients","7":"product_cat-fertilizantes","9":"first","10":"instock","11":"sale","12":"taxable","13":"shipping-taxable","14":"purchasable","15":"product-type-simple","16":"entry","17":"content-bg","18":"loop-entry"},"brands":[{"id":172,"name":"Advanced Nutrients","slug":"advanced-nutrients"}],"_links":{"self":[{"href":"https:\/\/puregrowshop.com\/fr\/wp-json\/wp\/v2\/product\/13029","targetHints":{"allow":["GET"]}}],"collection":[{"href":"https:\/\/puregrowshop.com\/fr\/wp-json\/wp\/v2\/product"}],"about":[{"href":"https:\/\/puregrowshop.com\/fr\/wp-json\/wp\/v2\/types\/product"}],"replies":[{"embeddable":true,"href":"https:\/\/puregrowshop.com\/fr\/wp-json\/wp\/v2\/comments?post=13029"}],"wp:featuredmedia":[{"embeddable":true,"href":"https:\/\/puregrowshop.com\/fr\/wp-json\/wp\/v2\/media\/13028"}],"wp:attachment":[{"href":"https:\/\/puregrowshop.com\/fr\/wp-json\/wp\/v2\/media?parent=13029"}],"wp:term":[{"taxonomy":"pwb-brand","embeddable":true,"href":"https:\/\/puregrowshop.com\/fr\/wp-json\/wp\/v2\/pwb-brand?post=13029"},{"taxonomy":"product_brand","embeddable":true,"href":"https:\/\/puregrowshop.com\/fr\/wp-json\/wp\/v2\/product_brand?post=13029"},{"taxonomy":"product_cat","embeddable":true,"href":"https:\/\/puregrowshop.com\/fr\/wp-json\/wp\/v2\/product_cat?post=13029"},{"taxonomy":"product_tag","embeddable":true,"href":"https:\/\/puregrowshop.com\/fr\/wp-json\/wp\/v2\/product_tag?post=13029"}],"curies":[{"name":"wp","href":"https:\/\/api.w.org\/{rel}","templated":true}]}}