{"id":13027,"date":"2024-10-28T20:46:46","date_gmt":"2024-10-28T20:46:46","guid":{"rendered":"https:\/\/puregrowshop.com\/hammerhead-250-ml-advanced-nutrients\/"},"modified":"2025-12-27T20:14:41","modified_gmt":"2025-12-27T20:14:41","slug":"hammerhead-250-ml-advanced-nutrients","status":"publish","type":"product","link":"https:\/\/puregrowshop.com\/fr\/hammerhead-250-ml-advanced-nutrients\/","title":{"rendered":"Hammerhead   250 ml. Advanced Nutrients"},"content":{"rendered":"<p>Hammerhead 250 ml de Advanced Nutrients es el fertilizante ideal para aquellos cultivadores que buscan maximizar el potencial de sus plantas durante la fase de floraci\u00f3n. Dise\u00f1ado espec\u00edficamente para ofrecer un rendimiento superior, este producto es una adici\u00f3n esencial para cualquier programa de nutrici\u00f3n.<\/p>\n<ul>\n<li>Formulaci\u00f3n avanzada para potenciar el crecimiento de las flores.<\/li>\n<li>Contiene una proporci\u00f3n \u00f3ptima de potasio y f\u00f3sforo.<\/li>\n<li>Compatible con una amplia gama de sistemas de cultivo.<\/li>\n<li>Dise\u00f1ado para integrarse f\u00e1cilmente con otros fertilizantes de Advanced Nutrients.<\/li>\n<\/ul>\n<p>Hammerhead 250 ml se destaca por su capacidad para aumentar el tama\u00f1o y el peso de las flores, asegurando una cosecha abundante y de calidad. Su f\u00f3rmula equilibrada promueve la absorci\u00f3n eficiente de nutrientes, lo que se traduce en plantas m\u00e1s fuertes y saludables. Ideal tanto para cultivadores novatos como experimentados, este fertilizante asegura que cada planta reciba los nutrientes necesarios para florecer.<\/p>\n<p>Este producto est\u00e1 formulado con ingredientes de alta calidad, lo que garantiza su eficacia y seguridad en cualquier tipo de cultivo. Para obtener los mejores resultados, siga las instrucciones de uso incluidas en el envase y compagine su uso con otros productos de la l\u00ednea Advanced Nutrients.<\/p>\n","protected":false},"excerpt":{"rendered":"<p><b>Composicion:<\/b><\/p>\n<p>Pentoxido de Fosforo (P2O5) = 4%<\/p>\n<p>Oxido de Potasio (K2O) = 12%<\/p>\n<p><\/p>\n<p>Hammerhead es un <\/p>\n<p>potenciador, rigurosamente investigado<\/p>\n<p> y testado en el tipo de planta que cultivas. Con la proporci\u00f3n PK ideal<\/p>\n<p> de 1:3&nbsp; Hammerhead impulsa la producci\u00f3n <\/p>\n<p>floral para recompensarte con una cosecha exuberante, potente y <\/p>\n<p>considerable.<\/p>\n<ul>\n<li>El citrato de potasio maximiza la absorci\u00f3n de los nutrientes sin la toxicidad de los quelantes comunes.<\/li>\n<\/ul>\n<p><span class='pgr-directions'><strong>Atencion:<\/strong> HammerHead ha sido especialmente dise\u00f1ado para combinarse con nuestra base de la <span style='text-decoration: underline;'><a href='https:\/\/www.advancednutrients.com\/es\/products\/sensi-terra-series\/' data-cmp-ab='2'>serie Sensi Terra\u2122<\/a><\/span>.<\/p>\n<p> Tambi\u00e9n es completamente compatible con todos los nutrientes base <\/p>\n<p>Perfect Base de pH, as\u00ed como con todos los nutrientes y suplementos <\/p>\n<p>Perfect Base sin pH y todos los nutrientes base y suplementos de la <\/p>\n<p>competencia.<\/span><\/p>\n<p><span class='pgr-directions'><br \/><\/span><\/p>\n<p><\/p>\n<p><span class='pgr-directions'><strong>Nota:<\/strong> En Advanced <\/p>\n<p>Nutrients, no utilizamos paclobutrazol, daminozida ni cualquier otro <\/p>\n<p>regulador prohibido del crecimiento de las plantas en nuestros <\/p>\n<p>productos.<\/span><\/p>\n","protected":false},"featured_media":13026,"comment_status":"open","ping_status":"closed","template":"","meta":{"_bst_post_transparent":"","_bst_post_title":"","_bst_post_layout":"","_bst_post_sidebar_id":"","_bst_post_content_style":"","_bst_post_vertical_padding":"","_bst_post_feature":"","_bst_post_feature_position":"","_bst_post_header":false,"_bst_post_footer":false},"pwb-brand":[172],"product_brand":[],"product_cat":[39],"product_tag":[],"class_list":{"0":"post-13027","1":"product","2":"type-product","3":"status-publish","4":"has-post-thumbnail","6":"pwb-brand-advanced-nutrients","7":"product_cat-fertilizantes","9":"first","10":"instock","11":"sale","12":"taxable","13":"shipping-taxable","14":"purchasable","15":"product-type-simple","16":"entry","17":"content-bg","18":"loop-entry"},"brands":[{"id":172,"name":"Advanced Nutrients","slug":"advanced-nutrients"}],"_links":{"self":[{"href":"https:\/\/puregrowshop.com\/fr\/wp-json\/wp\/v2\/product\/13027","targetHints":{"allow":["GET"]}}],"collection":[{"href":"https:\/\/puregrowshop.com\/fr\/wp-json\/wp\/v2\/product"}],"about":[{"href":"https:\/\/puregrowshop.com\/fr\/wp-json\/wp\/v2\/types\/product"}],"replies":[{"embeddable":true,"href":"https:\/\/puregrowshop.com\/fr\/wp-json\/wp\/v2\/comments?post=13027"}],"wp:featuredmedia":[{"embeddable":true,"href":"https:\/\/puregrowshop.com\/fr\/wp-json\/wp\/v2\/media\/13026"}],"wp:attachment":[{"href":"https:\/\/puregrowshop.com\/fr\/wp-json\/wp\/v2\/media?parent=13027"}],"wp:term":[{"taxonomy":"pwb-brand","embeddable":true,"href":"https:\/\/puregrowshop.com\/fr\/wp-json\/wp\/v2\/pwb-brand?post=13027"},{"taxonomy":"product_brand","embeddable":true,"href":"https:\/\/puregrowshop.com\/fr\/wp-json\/wp\/v2\/product_brand?post=13027"},{"taxonomy":"product_cat","embeddable":true,"href":"https:\/\/puregrowshop.com\/fr\/wp-json\/wp\/v2\/product_cat?post=13027"},{"taxonomy":"product_tag","embeddable":true,"href":"https:\/\/puregrowshop.com\/fr\/wp-json\/wp\/v2\/product_tag?post=13027"}],"curies":[{"name":"wp","href":"https:\/\/api.w.org\/{rel}","templated":true}]}}