{"id":13023,"date":"2024-10-28T20:46:45","date_gmt":"2024-10-28T20:46:45","guid":{"rendered":"https:\/\/puregrowshop.com\/cultivator-series-grow-1-kg-advanced-nutrients\/"},"modified":"2025-12-27T20:14:41","modified_gmt":"2025-12-27T20:14:41","slug":"cultivator-series-grow-1-kg-advanced-nutrients","status":"publish","type":"product","link":"https:\/\/puregrowshop.com\/fr\/cultivator-series-grow-1-kg-advanced-nutrients\/","title":{"rendered":"Cultivator Series Grow  1 kg. Advanced Nutrients"},"content":{"rendered":"<p>Presentamos el &quot;Cultivator Series Grow 1 kg&quot; de Advanced Nutrients, un fertilizante de alto rendimiento dise\u00f1ado para satisfacer las necesidades de crecimiento de sus plantas. Este producto es esencial para cualquier entusiasta de la jardiner\u00eda que busque maximizar el potencial de sus cultivos.<\/p>\n<ul>\n<li>Peso: 1.2 kg<\/li>\n<li>Categor\u00eda: Fertilizantes<\/li>\n<li>F\u00f3rmula avanzada para un crecimiento \u00f3ptimo<\/li>\n<li>Equilibrio perfecto de nutrientes esenciales<\/li>\n<li>Compatible con diversos sistemas de cultivo<\/li>\n<\/ul>\n<p>El &quot;Cultivator Series Grow&quot; ofrece una nutrici\u00f3n equilibrada, promoviendo un desarrollo robusto y saludable de sus plantas. Su f\u00f3rmula optimizada garantiza que las ra\u00edces absorban eficientemente los nutrientes, resultando en un crecimiento vigoroso y una resistencia mejorada a las enfermedades. Ideal para todo tipo de cultivos, desde hortalizas hasta flores ornamentales.<\/p>\n<p>Este producto se compone de ingredientes de alta calidad, cuidadosamente seleccionados para asegurar la m\u00e1xima eficiencia. Recomendamos almacenar en un lugar fresco y seco para preservar su efectividad. \u00a1Dele a sus plantas la nutrici\u00f3n que merecen y observe c\u00f3mo prosperan con el &quot;Cultivator Series Grow 1 kg&quot; de Advanced Nutrients!<\/p>\n","protected":false},"excerpt":{"rendered":"<div>Composicion:<\/div>\n<div>Nitrogeno:2%<\/div>\n<div>Fosforo: 9%<\/div>\n<div>Potasio:24%<\/div>\n<div><\/div>\n<div>Cultivator Series ayuda a desbloquear la capacidad total del cultivo para optimizar la producci\u00f3n de terpenos y flores. Satisface las demandas espec\u00edficas de macronutrientes, nutrientes secundarios y micronutrientes en cada fase. Comb\u00ednalo sin problemas con cualquier otro fertilizante de tres partes. Hecho con ingredientes de Haifa. Lanzamiento global en 2024.<\/div>\n<div><\/div>\n<div><\/div>\n<div>Cultivator Series es apto para su uso con diversos medios de cultivo hidrop\u00f3nicos y con todos los sistemas de fertilizaci\u00f3n continua, como aerop\u00f3nicos, riego por goteo, NFT, Ebb &amp; Flow y DWC.<\/div>\n","protected":false},"featured_media":13022,"comment_status":"open","ping_status":"closed","template":"","meta":{"_bst_post_transparent":"","_bst_post_title":"","_bst_post_layout":"","_bst_post_sidebar_id":"","_bst_post_content_style":"","_bst_post_vertical_padding":"","_bst_post_feature":"","_bst_post_feature_position":"","_bst_post_header":false,"_bst_post_footer":false},"pwb-brand":[172],"product_brand":[],"product_cat":[39],"product_tag":[],"class_list":{"0":"post-13023","1":"product","2":"type-product","3":"status-publish","4":"has-post-thumbnail","6":"pwb-brand-advanced-nutrients","7":"product_cat-fertilizantes","9":"first","10":"instock","11":"sale","12":"taxable","13":"shipping-taxable","14":"purchasable","15":"product-type-simple","16":"entry","17":"content-bg","18":"loop-entry"},"brands":[{"id":172,"name":"Advanced Nutrients","slug":"advanced-nutrients"}],"_links":{"self":[{"href":"https:\/\/puregrowshop.com\/fr\/wp-json\/wp\/v2\/product\/13023","targetHints":{"allow":["GET"]}}],"collection":[{"href":"https:\/\/puregrowshop.com\/fr\/wp-json\/wp\/v2\/product"}],"about":[{"href":"https:\/\/puregrowshop.com\/fr\/wp-json\/wp\/v2\/types\/product"}],"replies":[{"embeddable":true,"href":"https:\/\/puregrowshop.com\/fr\/wp-json\/wp\/v2\/comments?post=13023"}],"wp:featuredmedia":[{"embeddable":true,"href":"https:\/\/puregrowshop.com\/fr\/wp-json\/wp\/v2\/media\/13022"}],"wp:attachment":[{"href":"https:\/\/puregrowshop.com\/fr\/wp-json\/wp\/v2\/media?parent=13023"}],"wp:term":[{"taxonomy":"pwb-brand","embeddable":true,"href":"https:\/\/puregrowshop.com\/fr\/wp-json\/wp\/v2\/pwb-brand?post=13023"},{"taxonomy":"product_brand","embeddable":true,"href":"https:\/\/puregrowshop.com\/fr\/wp-json\/wp\/v2\/product_brand?post=13023"},{"taxonomy":"product_cat","embeddable":true,"href":"https:\/\/puregrowshop.com\/fr\/wp-json\/wp\/v2\/product_cat?post=13023"},{"taxonomy":"product_tag","embeddable":true,"href":"https:\/\/puregrowshop.com\/fr\/wp-json\/wp\/v2\/product_tag?post=13023"}],"curies":[{"name":"wp","href":"https:\/\/api.w.org\/{rel}","templated":true}]}}