{"id":13019,"date":"2024-10-28T20:46:44","date_gmt":"2024-10-28T20:46:44","guid":{"rendered":"https:\/\/puregrowshop.com\/cultivator-series-bloom-1-kg-advanced-nutrients\/"},"modified":"2025-12-27T20:14:23","modified_gmt":"2025-12-27T20:14:23","slug":"cultivator-series-bloom-1-kg-advanced-nutrients","status":"publish","type":"product","link":"https:\/\/puregrowshop.com\/fr\/cultivator-series-bloom-1-kg-advanced-nutrients\/","title":{"rendered":"Cultivator Series Bloom  1 kg. Advanced Nutrients"},"content":{"rendered":"<p>Descubre el potencial de tus plantas con el &quot;Cultivator Series Bloom 1 kg&quot; de Advanced Nutrients, un fertilizante de alta calidad dise\u00f1ado espec\u00edficamente para potenciar la fase de floraci\u00f3n. Este producto es ideal para quienes buscan maximizar el rendimiento y la calidad de sus cultivos.<\/p>\n<ul>\n<li>Peso: 1 kg<\/li>\n<li>F\u00f3rmula avanzada para la etapa de floraci\u00f3n<\/li>\n<li>Mejora la absorci\u00f3n de nutrientes esenciales<\/li>\n<li>Compatible con una variedad de sistemas de cultivo<\/li>\n<\/ul>\n<p>El &quot;Cultivator Series Bloom&quot; estimula el crecimiento vigoroso de flores, maximizando su tama\u00f1o, peso, y densidad. Su f\u00f3rmula optimizada proporciona un equilibrio perfecto de nutrientes, asegurando que tus plantas reciban todo lo necesario para prosperar durante esta fase crucial. Ideal para cultivadores que buscan resultados superiores y cosechas m\u00e1s abundantes.<\/p>\n<p>Para obtener los mejores resultados, seguir las instrucciones de uso proporcionadas en el envase. Este producto es seguro para usar con diferentes tipos de sustratos y en diversas condiciones de cultivo. Aseg\u00farate de almacenar en un lugar fresco y seco para mantener su eficacia. Da el siguiente paso en el cuidado de tus plantas con Advanced Nutrients.<\/p>\n","protected":false},"excerpt":{"rendered":"<div>Composicion:<\/div>\n<div>Nitrogeno:3%<\/div>\n<div>Fosforo: 13%<\/div>\n<div>Potasio:26%<\/div>\n<div><\/div>\n<div>Cultivator Series ayuda a desbloquear la capacidad total del cultivo para optimizar la producci\u00f3n de terpenos y flores. Satisface las demandas espec\u00edficas de macronutrientes, nutrientes secundarios y micronutrientes en cada fase. Comb\u00ednalo sin problemas con cualquier otro fertilizante de tres partes. Hecho con ingredientes de Haifa.<\/div>\n<div>Lanzamiento global en 2024.<\/div>\n<div><\/div>\n<div><\/div>\n<div>Cultivator Series es apto para su uso con diversos medios de cultivo hidrop\u00f3nicos y con todos los sistemas de fertilizaci\u00f3n continua, como aerop\u00f3nicos, riego por goteo, NFT, Ebb &amp; Flow y DWC.<\/div>\n","protected":false},"featured_media":13018,"comment_status":"open","ping_status":"closed","template":"","meta":{"_bst_post_transparent":"","_bst_post_title":"","_bst_post_layout":"","_bst_post_sidebar_id":"","_bst_post_content_style":"","_bst_post_vertical_padding":"","_bst_post_feature":"","_bst_post_feature_position":"","_bst_post_header":false,"_bst_post_footer":false},"pwb-brand":[172],"product_brand":[],"product_cat":[39],"product_tag":[],"class_list":{"0":"post-13019","1":"product","2":"type-product","3":"status-publish","4":"has-post-thumbnail","6":"pwb-brand-advanced-nutrients","7":"product_cat-fertilizantes","9":"first","10":"instock","11":"sale","12":"taxable","13":"shipping-taxable","14":"purchasable","15":"product-type-simple","16":"entry","17":"content-bg","18":"loop-entry"},"brands":[{"id":172,"name":"Advanced Nutrients","slug":"advanced-nutrients"}],"_links":{"self":[{"href":"https:\/\/puregrowshop.com\/fr\/wp-json\/wp\/v2\/product\/13019","targetHints":{"allow":["GET"]}}],"collection":[{"href":"https:\/\/puregrowshop.com\/fr\/wp-json\/wp\/v2\/product"}],"about":[{"href":"https:\/\/puregrowshop.com\/fr\/wp-json\/wp\/v2\/types\/product"}],"replies":[{"embeddable":true,"href":"https:\/\/puregrowshop.com\/fr\/wp-json\/wp\/v2\/comments?post=13019"}],"wp:featuredmedia":[{"embeddable":true,"href":"https:\/\/puregrowshop.com\/fr\/wp-json\/wp\/v2\/media\/13018"}],"wp:attachment":[{"href":"https:\/\/puregrowshop.com\/fr\/wp-json\/wp\/v2\/media?parent=13019"}],"wp:term":[{"taxonomy":"pwb-brand","embeddable":true,"href":"https:\/\/puregrowshop.com\/fr\/wp-json\/wp\/v2\/pwb-brand?post=13019"},{"taxonomy":"product_brand","embeddable":true,"href":"https:\/\/puregrowshop.com\/fr\/wp-json\/wp\/v2\/product_brand?post=13019"},{"taxonomy":"product_cat","embeddable":true,"href":"https:\/\/puregrowshop.com\/fr\/wp-json\/wp\/v2\/product_cat?post=13019"},{"taxonomy":"product_tag","embeddable":true,"href":"https:\/\/puregrowshop.com\/fr\/wp-json\/wp\/v2\/product_tag?post=13019"}],"curies":[{"name":"wp","href":"https:\/\/api.w.org\/{rel}","templated":true}]}}