{"id":13015,"date":"2024-10-28T20:46:43","date_gmt":"2024-10-28T20:46:43","guid":{"rendered":"https:\/\/puregrowshop.com\/cultivator-series-base-1-kg-advanced-nutrients\/"},"modified":"2025-12-27T20:14:23","modified_gmt":"2025-12-27T20:14:23","slug":"cultivator-series-base-1-kg-advanced-nutrients","status":"publish","type":"product","link":"https:\/\/puregrowshop.com\/fr\/cultivator-series-base-1-kg-advanced-nutrients\/","title":{"rendered":"Cultivator Series Base  1 kg. Advanced Nutrients"},"content":{"rendered":"<p>Descubre el poder de la nutrici\u00f3n avanzada con el &quot;Cultivator Series Base 1 kg&quot; de Advanced Nutrients, un fertilizante de alta calidad dise\u00f1ado para maximizar el potencial de tus plantas. Este producto es esencial para cualquier cultivador que busque resultados excepcionales en el crecimiento y desarrollo de sus cultivos.<\/p>\n<ul>\n<li>Peso: 1.2 kg, f\u00e1cil de manejar y almacenar.<\/li>\n<li>F\u00f3rmula equilibrada que proporciona todos los nutrientes esenciales.<\/li>\n<li>Compatible con una amplia variedad de plantas.<\/li>\n<li>Mejora la absorci\u00f3n de nutrientes para un crecimiento \u00f3ptimo.<\/li>\n<li>Apto para uso en interiores y exteriores.<\/li>\n<\/ul>\n<p>Este fertilizante se destaca por su capacidad para enriquecer el suelo, promoviendo un crecimiento robusto y saludable. Su uso regular asegura una absorci\u00f3n eficiente de nutrientes, lo que se traduce en plantas m\u00e1s fuertes y productivas. Ideal para aquellos que desean maximizar la calidad y cantidad de sus cosechas.<\/p>\n<p>El &quot;Cultivator Series Base&quot; est\u00e1 formulado con ingredientes de alta calidad, garantizando la seguridad y eficacia del producto. Requiere un almacenamiento en un lugar fresco y seco para mantener su calidad. Aporta a tus plantas el soporte necesario con este fertilizante de confianza y lleva tu cultivo al siguiente nivel.<\/p>\n","protected":false},"excerpt":{"rendered":"<div style='border-color: rgba(226, 232, 240, var(--tw-border-opacity)); --tw-border-opacity: 1; --tw-shadow: 0 0 #0000; --tw-ring-inset: var(--tw-empty,\/*!*\/ \/*!*\/); --tw-ring-offset-width: 0px; --tw-ring-offset-color: #fff; --tw-ring-color: rgba(59, 130, 246, 0.5); --tw-ring-offset-shadow: 0 0 #0000; --tw-ring-shadow: 0 0 #0000;'><span style='border-color: rgba(226, 232, 240, var(--tw-border-opacity)); --tw-border-opacity: 1; --tw-shadow: 0 0 #0000; --tw-ring-inset: var(--tw-empty,\/*!*\/ \/*!*\/); --tw-ring-offset-width: 0px; --tw-ring-offset-color: #fff; --tw-ring-color: rgba(59, 130, 246, 0.5); --tw-ring-offset-shadow: 0 0 #0000; --tw-ring-shadow: 0 0 #0000; font-weight: bolder;'>Composicion:<\/span><\/div>\n<div style='border-color: rgba(226, 232, 240, var(--tw-border-opacity)); --tw-border-opacity: 1; --tw-shadow: 0 0 #0000; --tw-ring-inset: var(--tw-empty,\/*!*\/ \/*!*\/); --tw-ring-offset-width: 0px; --tw-ring-offset-color: #fff; --tw-ring-color: rgba(59, 130, 246, 0.5); --tw-ring-offset-shadow: 0 0 #0000; --tw-ring-shadow: 0 0 #0000;'>Nitrogeno:14%<\/div>\n<div style='border-color: rgba(226, 232, 240, var(--tw-border-opacity)); --tw-border-opacity: 1; --tw-shadow: 0 0 #0000; --tw-ring-inset: var(--tw-empty,\/*!*\/ \/*!*\/); --tw-ring-offset-width: 0px; --tw-ring-offset-color: #fff; --tw-ring-color: rgba(59, 130, 246, 0.5); --tw-ring-offset-shadow: 0 0 #0000; --tw-ring-shadow: 0 0 #0000;'>Fosforo: 0%<\/div>\n<div style='border-color: rgba(226, 232, 240, var(--tw-border-opacity)); --tw-border-opacity: 1; --tw-shadow: 0 0 #0000; --tw-ring-inset: var(--tw-empty,\/*!*\/ \/*!*\/); --tw-ring-offset-width: 0px; --tw-ring-offset-color: #fff; --tw-ring-color: rgba(59, 130, 246, 0.5); --tw-ring-offset-shadow: 0 0 #0000; --tw-ring-shadow: 0 0 #0000;'>Potasio:0%<\/div>\n<div style='border-color: rgba(226, 232, 240, var(--tw-border-opacity)); --tw-border-opacity: 1; --tw-shadow: 0 0 #0000; --tw-ring-inset: var(--tw-empty,\/*!*\/ \/*!*\/); --tw-ring-offset-width: 0px; --tw-ring-offset-color: #fff; --tw-ring-color: rgba(59, 130, 246, 0.5); --tw-ring-offset-shadow: 0 0 #0000; --tw-ring-shadow: 0 0 #0000;'><span style='color: rgb(0, 5, 1); font-family: Montserrat, sans-serif; font-size: 16px;'><br \/><\/span><\/div>\n<div style='border-color: rgba(226, 232, 240, var(--tw-border-opacity)); --tw-border-opacity: 1; --tw-shadow: 0 0 #0000; --tw-ring-inset: var(--tw-empty,\/*!*\/ \/*!*\/); --tw-ring-offset-width: 0px; --tw-ring-offset-color: #fff; --tw-ring-color: rgba(59, 130, 246, 0.5); --tw-ring-offset-shadow: 0 0 #0000; --tw-ring-shadow: 0 0 #0000;'><span style='color: rgb(0, 5, 1); font-family: Montserrat, sans-serif; font-size: 16px;'>Cultivator Series ayuda a desbloquear la capacidad total del cultivo para optimizar la producci\u00f3n de terpenos y flores.&nbsp;<\/span><span style='color: rgb(0, 5, 1); font-family: Montserrat, sans-serif; font-size: 16px;'>Satisface las demandas espec\u00edficas de macronutrientes, nutrientes secundarios y micronutrientes en cada fase.&nbsp;<\/span><span style='color: rgb(0, 5, 1); font-family: Montserrat, sans-serif; font-size: 16px;'>Comb\u00ednalo sin problemas con cualquier otro fertilizante de tres partes.&nbsp;<\/span><span style='color: rgb(0, 5, 1); font-family: Montserrat, sans-serif; font-size: 16px;'>Hecho con ingredientes de Haifa.<\/span><\/div>\n<div style='border-color: rgba(226, 232, 240, var(--tw-border-opacity)); --tw-border-opacity: 1; --tw-shadow: 0 0 #0000; --tw-ring-inset: var(--tw-empty,\/*!*\/ \/*!*\/); --tw-ring-offset-width: 0px; --tw-ring-offset-color: #fff; --tw-ring-color: rgba(59, 130, 246, 0.5); --tw-ring-offset-shadow: 0 0 #0000; --tw-ring-shadow: 0 0 #0000;'>\n<ul style='margin-block: 0px; border-style: initial; border-color: initial; border-image: initial; outline: 0px; font-size: 16px; vertical-align: baseline; background-image: initial; background-position: initial; background-size: initial; background-repeat: initial; background-attachment: initial; background-origin: initial; background-clip: initial; color: rgb(0, 5, 1); font-family: Montserrat, sans-serif;'>\n<li style='margin-block: 0px; border-style: initial; border-color: initial; border-image: initial; outline: 0px; vertical-align: baseline; background-image: initial; background-position: initial; background-size: initial; background-repeat: initial; background-attachment: initial; background-origin: initial; background-clip: initial;'>Lanzamiento global en 2024.<\/li>\n<\/ul>\n<p style='margin-block: 0px; border-style: initial; border-color: initial; border-image: initial; outline: 0px; vertical-align: baseline; background-image: initial; background-position: initial; background-size: initial; background-repeat: initial; background-attachment: initial; background-origin: initial; background-clip: initial;'><\/p>\n<p style='margin-block: 0px; border-style: initial; border-color: initial; border-image: initial; outline: 0px; vertical-align: baseline; background-image: initial; background-position: initial; background-size: initial; background-repeat: initial; background-attachment: initial; background-origin: initial; background-clip: initial;'>Cultivator Series es apto para su uso con diversos medios de cultivo hidrop\u00f3nicos y con todos los sistemas de fertilizaci\u00f3n continua, como aerop\u00f3nicos, riego por goteo, NFT, Ebb &amp; Flow y DWC.<\/p>\n<ul style='margin-block: 0px; border-style: initial; border-color: initial; border-image: initial; outline: 0px; font-size: 16px; vertical-align: baseline; background-image: initial; background-position: initial; background-size: initial; background-repeat: initial; background-attachment: initial; background-origin: initial; background-clip: initial; color: rgb(0, 5, 1); font-family: Montserrat, sans-serif;'>\n<li><\/li>\n<\/ul>\n<\/div>\n","protected":false},"featured_media":13014,"comment_status":"open","ping_status":"closed","template":"","meta":{"_bst_post_transparent":"","_bst_post_title":"","_bst_post_layout":"","_bst_post_sidebar_id":"","_bst_post_content_style":"","_bst_post_vertical_padding":"","_bst_post_feature":"","_bst_post_feature_position":"","_bst_post_header":false,"_bst_post_footer":false},"pwb-brand":[172],"product_brand":[],"product_cat":[39],"product_tag":[],"class_list":{"0":"post-13015","1":"product","2":"type-product","3":"status-publish","4":"has-post-thumbnail","6":"pwb-brand-advanced-nutrients","7":"product_cat-fertilizantes","9":"first","10":"instock","11":"sale","12":"taxable","13":"shipping-taxable","14":"purchasable","15":"product-type-simple","16":"entry","17":"content-bg","18":"loop-entry"},"brands":[{"id":172,"name":"Advanced Nutrients","slug":"advanced-nutrients"}],"_links":{"self":[{"href":"https:\/\/puregrowshop.com\/fr\/wp-json\/wp\/v2\/product\/13015","targetHints":{"allow":["GET"]}}],"collection":[{"href":"https:\/\/puregrowshop.com\/fr\/wp-json\/wp\/v2\/product"}],"about":[{"href":"https:\/\/puregrowshop.com\/fr\/wp-json\/wp\/v2\/types\/product"}],"replies":[{"embeddable":true,"href":"https:\/\/puregrowshop.com\/fr\/wp-json\/wp\/v2\/comments?post=13015"}],"wp:featuredmedia":[{"embeddable":true,"href":"https:\/\/puregrowshop.com\/fr\/wp-json\/wp\/v2\/media\/13014"}],"wp:attachment":[{"href":"https:\/\/puregrowshop.com\/fr\/wp-json\/wp\/v2\/media?parent=13015"}],"wp:term":[{"taxonomy":"pwb-brand","embeddable":true,"href":"https:\/\/puregrowshop.com\/fr\/wp-json\/wp\/v2\/pwb-brand?post=13015"},{"taxonomy":"product_brand","embeddable":true,"href":"https:\/\/puregrowshop.com\/fr\/wp-json\/wp\/v2\/product_brand?post=13015"},{"taxonomy":"product_cat","embeddable":true,"href":"https:\/\/puregrowshop.com\/fr\/wp-json\/wp\/v2\/product_cat?post=13015"},{"taxonomy":"product_tag","embeddable":true,"href":"https:\/\/puregrowshop.com\/fr\/wp-json\/wp\/v2\/product_tag?post=13015"}],"curies":[{"name":"wp","href":"https:\/\/api.w.org\/{rel}","templated":true}]}}