{"id":13009,"date":"2024-10-28T20:46:42","date_gmt":"2024-10-28T20:46:42","guid":{"rendered":"https:\/\/puregrowshop.com\/bud-blood-powder-500-gr-advanced-nutrients\/"},"modified":"2025-12-27T20:14:23","modified_gmt":"2025-12-27T20:14:23","slug":"bud-blood-powder-500-gr-advanced-nutrients","status":"publish","type":"product","link":"https:\/\/puregrowshop.com\/fr\/bud-blood-powder-500-gr-advanced-nutrients\/","title":{"rendered":"Bud Blood Powder   500 gr. Advanced Nutrients"},"content":{"rendered":"<p>Presentamos Bud Blood Powder 500 gr. de Advanced Nutrients, un fertilizante de alto rendimiento dise\u00f1ado para maximizar la floraci\u00f3n de sus plantas. Este producto innovador est\u00e1 formulado para proporcionar una nutrici\u00f3n \u00f3ptima durante la etapa cr\u00edtica de cultivo, asegurando que sus plantas alcancen su m\u00e1ximo potencial.<\/p>\n<ul>\n<li>Peso: 0.6 kg<\/li>\n<li>F\u00f3rmula concentrada para una floraci\u00f3n m\u00e1s r\u00e1pida y abundante<\/li>\n<li>Mejora la absorci\u00f3n de nutrientes clave<\/li>\n<li>Compatible con otros fertilizantes y suplementos de Advanced Nutrients<\/li>\n<li>F\u00e1cil de disolver y aplicar<\/li>\n<\/ul>\n<p>Bud Blood Powder es ideal para cultivadores que buscan incrementar el tama\u00f1o y la calidad de sus flores. Su f\u00f3rmula avanzada acelera el proceso de floraci\u00f3n, permitiendo que sus plantas desarrollen flores m\u00e1s grandes y densas en menos tiempo. Al mejorar la absorci\u00f3n de nutrientes esenciales, tambi\u00e9n fortalece las plantas, haci\u00e9ndolas m\u00e1s resistentes a condiciones adversas.<\/p>\n<p>Para obtener los mejores resultados, mezcle la cantidad recomendada de Bud Blood Powder con agua y aplique durante las primeras semanas de la fase de floraci\u00f3n. Este producto es seguro para usar con una amplia variedad de plantas y es compatible con otros productos de la l\u00ednea Advanced Nutrients, ofreciendo flexibilidad y conveniencia en su rutina de jardiner\u00eda.<\/p>\n","protected":false},"excerpt":{"rendered":"<p><b>Composicion<\/b>:<br \/>Nitrogeno: 0%<br \/>Fosforo: 39%<br \/>Potasio: 25%<\/p>\n<p>Bud Blood Powder proporciona un extra de PK que potencia la floraci\u00f3n a la vez que aporta las cantidades de nutrientes necesarias, minimizando el riesgo de contaminaci\u00f3n por metales pesados en tus cultivos, ademas de macronutrientes que promueven el rendimiento de las cosechas y la producci\u00f3n de flores. Maximiza el aumento del peso de las flores, acorta la fase de floraci\u00f3n y produce cosechas de mayor rendimiento<\/p>\n<p>Bud Blood\u00ae Powder est\u00e1 especialmente dise\u00f1ado para su uso con diversos medios de cultivo hidrop\u00f3nicos y con todos los sistemas de fertilizaci\u00f3n continua, como aerop\u00f3nicos, riego por goteo, NFT, Ebb &amp; Flow y DWC.<\/p>\n","protected":false},"featured_media":13008,"comment_status":"open","ping_status":"closed","template":"","meta":{"_bst_post_transparent":"","_bst_post_title":"","_bst_post_layout":"","_bst_post_sidebar_id":"","_bst_post_content_style":"","_bst_post_vertical_padding":"","_bst_post_feature":"","_bst_post_feature_position":"","_bst_post_header":false,"_bst_post_footer":false},"pwb-brand":[172],"product_brand":[],"product_cat":[39],"product_tag":[],"class_list":{"0":"post-13009","1":"product","2":"type-product","3":"status-publish","4":"has-post-thumbnail","6":"pwb-brand-advanced-nutrients","7":"product_cat-fertilizantes","9":"first","10":"instock","11":"sale","12":"taxable","13":"shipping-taxable","14":"purchasable","15":"product-type-simple","16":"entry","17":"content-bg","18":"loop-entry"},"brands":[{"id":172,"name":"Advanced Nutrients","slug":"advanced-nutrients"}],"_links":{"self":[{"href":"https:\/\/puregrowshop.com\/fr\/wp-json\/wp\/v2\/product\/13009","targetHints":{"allow":["GET"]}}],"collection":[{"href":"https:\/\/puregrowshop.com\/fr\/wp-json\/wp\/v2\/product"}],"about":[{"href":"https:\/\/puregrowshop.com\/fr\/wp-json\/wp\/v2\/types\/product"}],"replies":[{"embeddable":true,"href":"https:\/\/puregrowshop.com\/fr\/wp-json\/wp\/v2\/comments?post=13009"}],"wp:featuredmedia":[{"embeddable":true,"href":"https:\/\/puregrowshop.com\/fr\/wp-json\/wp\/v2\/media\/13008"}],"wp:attachment":[{"href":"https:\/\/puregrowshop.com\/fr\/wp-json\/wp\/v2\/media?parent=13009"}],"wp:term":[{"taxonomy":"pwb-brand","embeddable":true,"href":"https:\/\/puregrowshop.com\/fr\/wp-json\/wp\/v2\/pwb-brand?post=13009"},{"taxonomy":"product_brand","embeddable":true,"href":"https:\/\/puregrowshop.com\/fr\/wp-json\/wp\/v2\/product_brand?post=13009"},{"taxonomy":"product_cat","embeddable":true,"href":"https:\/\/puregrowshop.com\/fr\/wp-json\/wp\/v2\/product_cat?post=13009"},{"taxonomy":"product_tag","embeddable":true,"href":"https:\/\/puregrowshop.com\/fr\/wp-json\/wp\/v2\/product_tag?post=13009"}],"curies":[{"name":"wp","href":"https:\/\/api.w.org\/{rel}","templated":true}]}}