{"id":13005,"date":"2024-10-28T20:46:41","date_gmt":"2024-10-28T20:46:41","guid":{"rendered":"https:\/\/puregrowshop.com\/bud-blood-powder-40-gr-advanced-nutrients\/"},"modified":"2025-12-27T20:14:23","modified_gmt":"2025-12-27T20:14:23","slug":"bud-blood-powder-40-gr-advanced-nutrients","status":"publish","type":"product","link":"https:\/\/puregrowshop.com\/fr\/bud-blood-powder-40-gr-advanced-nutrients\/","title":{"rendered":"Bud Blood Powder    40 gr. Advanced Nutrients"},"content":{"rendered":"<p>Bud Blood Powder 40 gr. de Advanced Nutrients es la soluci\u00f3n perfecta para maximizar el potencial de tus plantas desde el inicio de la fase de floraci\u00f3n. Este fertilizante especializado est\u00e1 dise\u00f1ado para mejorar el rendimiento de tus cultivos, asegurando flores m\u00e1s grandes y abundantes en menos tiempo.<\/p>\n<ul>\n<li>Formato en polvo para una f\u00e1cil disoluci\u00f3n y aplicaci\u00f3n.<\/li>\n<li>Contiene una mezcla equilibrada de nutrientes esenciales.<\/li>\n<li>Compatible con una amplia variedad de sistemas de cultivo.<\/li>\n<li>Promueve el desarrollo de ra\u00edces fuertes y sanas.<\/li>\n<\/ul>\n<p>Al utilizar Bud Blood Powder, tus plantas recibir\u00e1n un impulso significativo en la producci\u00f3n de brotes. Este producto ayuda a acelerar la transici\u00f3n a la fase de floraci\u00f3n, reduciendo el tiempo necesario para obtener una cosecha de calidad superior. Adem\u00e1s, fomenta un crecimiento m\u00e1s robusto y vigoroso, asegurando que cada planta alcance su m\u00e1ximo potencial.<\/p>\n<p>Fabricado con ingredientes de alta calidad, Bud Blood Powder es f\u00e1cil de mezclar y aplicar. Ideal para cultivadores que buscan resultados profesionales, este fertilizante se integra perfectamente en cualquier r\u00e9gimen de cuidado de plantas. Aseg\u00farate de seguir las instrucciones de uso para obtener los mejores resultados y disfrutar de una cosecha excepcional.<\/p>\n","protected":false},"excerpt":{"rendered":"<p><b>Composicion:<\/b><\/p>\n<p>Nitrogeno: 0%<\/p>\n<p>Fosforo: 39%<\/p>\n<p>Potasio: 25%<\/p>\n<p style='box-sizing: border-box; margin-block: 0px 0.9rem; color: rgb(0, 5, 1); font-family: Montserrat, sans-serif; font-size: 16px; font-style: normal; font-variant-ligatures: normal; font-variant-caps: normal; font-weight: 300; letter-spacing: normal; orphans: 2; text-align: left; text-indent: 0px; text-transform: none; widows: 2; word-spacing: 0px; -webkit-text-stroke-width: 0px; white-space: normal; text-decoration-thickness: initial; text-decoration-style: initial; text-decoration-color: initial;'><\/p>\n<p style='box-sizing: border-box; margin-block: 0px 0.9rem; color: rgb(0, 5, 1); font-family: Montserrat, sans-serif; font-size: 16px; font-style: normal; font-variant-ligatures: normal; font-variant-caps: normal; font-weight: 300; letter-spacing: normal; orphans: 2; text-align: left; text-indent: 0px; text-transform: none; widows: 2; word-spacing: 0px; -webkit-text-stroke-width: 0px; white-space: normal; text-decoration-thickness: initial; text-decoration-style: initial; text-decoration-color: initial;'>Bud Blood Powder proporciona un extra de PK que potencia la floraci\u00f3n a la vez que aporta las cantidades de nutrientes necesarias, minimizando el riesgo de contaminaci\u00f3n por metales pesados en tus cultivos, ademas de macronutrientes que promueven el rendimiento de las cosechas y la producci\u00f3n de flores. Maximiza el aumento del peso de las flores, acorta la fase de floraci\u00f3n y produce cosechas de mayor rendimiento<\/p>\n<\/p>\n<p>Bud Blood\u00ae Powder est\u00e1 especialmente dise\u00f1ado para su uso con diversos medios de cultivo hidrop\u00f3nicos y con todos los sistemas de fertilizaci\u00f3n continua, como aerop\u00f3nicos, riego por goteo, NFT, Ebb &amp; Flow y DWC.<\/p>\n","protected":false},"featured_media":13004,"comment_status":"open","ping_status":"closed","template":"","meta":{"_bst_post_transparent":"","_bst_post_title":"","_bst_post_layout":"","_bst_post_sidebar_id":"","_bst_post_content_style":"","_bst_post_vertical_padding":"","_bst_post_feature":"","_bst_post_feature_position":"","_bst_post_header":false,"_bst_post_footer":false},"pwb-brand":[172],"product_brand":[],"product_cat":[39],"product_tag":[],"class_list":{"0":"post-13005","1":"product","2":"type-product","3":"status-publish","4":"has-post-thumbnail","6":"pwb-brand-advanced-nutrients","7":"product_cat-fertilizantes","9":"first","10":"instock","11":"sale","12":"taxable","13":"shipping-taxable","14":"purchasable","15":"product-type-simple","16":"entry","17":"content-bg","18":"loop-entry"},"brands":[{"id":172,"name":"Advanced Nutrients","slug":"advanced-nutrients"}],"_links":{"self":[{"href":"https:\/\/puregrowshop.com\/fr\/wp-json\/wp\/v2\/product\/13005","targetHints":{"allow":["GET"]}}],"collection":[{"href":"https:\/\/puregrowshop.com\/fr\/wp-json\/wp\/v2\/product"}],"about":[{"href":"https:\/\/puregrowshop.com\/fr\/wp-json\/wp\/v2\/types\/product"}],"replies":[{"embeddable":true,"href":"https:\/\/puregrowshop.com\/fr\/wp-json\/wp\/v2\/comments?post=13005"}],"wp:featuredmedia":[{"embeddable":true,"href":"https:\/\/puregrowshop.com\/fr\/wp-json\/wp\/v2\/media\/13004"}],"wp:attachment":[{"href":"https:\/\/puregrowshop.com\/fr\/wp-json\/wp\/v2\/media?parent=13005"}],"wp:term":[{"taxonomy":"pwb-brand","embeddable":true,"href":"https:\/\/puregrowshop.com\/fr\/wp-json\/wp\/v2\/pwb-brand?post=13005"},{"taxonomy":"product_brand","embeddable":true,"href":"https:\/\/puregrowshop.com\/fr\/wp-json\/wp\/v2\/product_brand?post=13005"},{"taxonomy":"product_cat","embeddable":true,"href":"https:\/\/puregrowshop.com\/fr\/wp-json\/wp\/v2\/product_cat?post=13005"},{"taxonomy":"product_tag","embeddable":true,"href":"https:\/\/puregrowshop.com\/fr\/wp-json\/wp\/v2\/product_tag?post=13005"}],"curies":[{"name":"wp","href":"https:\/\/api.w.org\/{rel}","templated":true}]}}