{"id":12995,"date":"2024-10-28T20:46:37","date_gmt":"2024-10-28T20:46:37","guid":{"rendered":"https:\/\/puregrowshop.com\/big-bud-powder-1-kg-advanced-nutrients\/"},"modified":"2025-12-27T20:14:14","modified_gmt":"2025-12-27T20:14:14","slug":"big-bud-powder-1-kg-advanced-nutrients","status":"publish","type":"product","link":"https:\/\/puregrowshop.com\/fr\/big-bud-powder-1-kg-advanced-nutrients\/","title":{"rendered":"Big Bud Powder  1 Kg. Advanced Nutrients"},"content":{"rendered":"<p>Presentamos el Big Bud Powder 1 Kg de Advanced Nutrients, una soluci\u00f3n innovadora dise\u00f1ada para maximizar el potencial de tus plantas en la fase de floraci\u00f3n. Este fertilizante de alto rendimiento est\u00e1 formulado para ofrecer un crecimiento explosivo de los cogollos, mejorando as\u00ed la calidad y el rendimiento de tus cultivos.<\/p>\n<ul>\n<li>Contenido: 1 kg de polvo concentrado<\/li>\n<li>Formulaci\u00f3n avanzada para la fase de floraci\u00f3n<\/li>\n<li>Potencia el tama\u00f1o, peso y densidad de los cogollos<\/li>\n<li>Incrementa la producci\u00f3n de terpenos y aceites esenciales<\/li>\n<li>Compatible con todos los sistemas de cultivo<\/li>\n<\/ul>\n<p>El Big Bud Powder no solo mejora el tama\u00f1o de los cogollos, sino que tambi\u00e9n optimiza su aroma y sabor, garantizando una producci\u00f3n de alta calidad. Su f\u00f3rmula est\u00e1 dise\u00f1ada para maximizar la absorci\u00f3n de nutrientes, asegurando que tus plantas reciban todo lo necesario para un florecimiento \u00f3ptimo. Ideal para cultivadores que buscan resultados profesionales y un rendimiento superior.<\/p>\n<p>Para obtener los mejores resultados, utiliza Big Bud Powder siguiendo las instrucciones del fabricante y ajusta las dosis seg\u00fan las necesidades espec\u00edficas de tus plantas. Con este fertilizante, experimentar\u00e1s una floraci\u00f3n m\u00e1s abundante y una cosecha notablemente mejorada.<\/p>\n","protected":false},"excerpt":{"rendered":"<p><b>Composicion:<\/b><\/p>\n<p>Nitrogeno: 0%<\/p>\n<p>Fosforo: 1%<\/p>\n<p>Potasio: 3%<\/p>\n<ul style='box-sizing: border-box; margin-block: 0px; border: 0px; outline: 0px; font-size: 16px; vertical-align: baseline; background: transparent; color: rgb(0, 5, 1); font-family: Montserrat, sans-serif; font-style: normal; font-variant-ligatures: normal; font-variant-caps: normal; font-weight: 300; letter-spacing: normal; orphans: 2; text-align: left; text-indent: 0px; text-transform: none; widows: 2; word-spacing: 0px; -webkit-text-stroke-width: 0px; white-space: normal; text-decoration-thickness: initial; text-decoration-style: initial; text-decoration-color: initial;'>\n<li style='box-sizing: border-box; margin-block: 0px; border: 0px; outline: 0px; font-size: 16px; vertical-align: baseline; background: transparent;'><\/li>\n<li style='box-sizing: border-box; margin-block: 0px; border: 0px; outline: 0px; font-size: 16px; vertical-align: baseline; background: transparent;'>Big Bud<span style='color: rgb(0, 5, 1); font-family: Montserrat, sans-serif; font-size: 16px; font-style: normal; font-variant-ligatures: normal; font-variant-caps: normal; font-weight: 300; letter-spacing: normal; orphans: 2; text-align: left; text-indent: 0px; text-transform: none; widows: 2; word-spacing: 0px; -webkit-text-stroke-width: 0px; white-space: normal; text-decoration-thickness: initial; text-decoration-style: initial; text-decoration-color: initial; display: inline !important; float: none;'><span> <\/span>aporta a tu cultivo una proporci\u00f3n \u00f3ptima de PK que aumenta las cosechas. Sus m<\/span>aterias<br \/> primas proporcionan las condiciones \u00f3ptimas para fortalecer y dar <br \/>volumen a las estructuras florales. La proporci\u00f3n 3:1 de PK aumenta el <br \/>desarrollo de las flores a la vez que disminuye el riesgo de <br \/>contaminaci\u00f3n por metales pesados.<\/li>\n<\/ul>\n<p>Big Bud\u00ae est\u00e1 <br \/>especialmente dise\u00f1ado para su uso con diversos medios de cultivo <br \/>hidrop\u00f3nicos y con todos los sistemas de fertilizaci\u00f3n continua, como <br \/>aerop\u00f3nicos, riego por goteo, NFT, Ebb &amp; Flow y DWC. <\/p>\n<p><\/p><\/p>\n","protected":false},"featured_media":12994,"comment_status":"open","ping_status":"closed","template":"","meta":{"_bst_post_transparent":"","_bst_post_title":"","_bst_post_layout":"","_bst_post_sidebar_id":"","_bst_post_content_style":"","_bst_post_vertical_padding":"","_bst_post_feature":"","_bst_post_feature_position":"","_bst_post_header":false,"_bst_post_footer":false},"pwb-brand":[172],"product_brand":[],"product_cat":[39],"product_tag":[],"class_list":{"0":"post-12995","1":"product","2":"type-product","3":"status-publish","4":"has-post-thumbnail","6":"pwb-brand-advanced-nutrients","7":"product_cat-fertilizantes","9":"first","10":"instock","11":"sale","12":"taxable","13":"shipping-taxable","14":"purchasable","15":"product-type-simple","16":"entry","17":"content-bg","18":"loop-entry"},"brands":[{"id":172,"name":"Advanced Nutrients","slug":"advanced-nutrients"}],"_links":{"self":[{"href":"https:\/\/puregrowshop.com\/fr\/wp-json\/wp\/v2\/product\/12995","targetHints":{"allow":["GET"]}}],"collection":[{"href":"https:\/\/puregrowshop.com\/fr\/wp-json\/wp\/v2\/product"}],"about":[{"href":"https:\/\/puregrowshop.com\/fr\/wp-json\/wp\/v2\/types\/product"}],"replies":[{"embeddable":true,"href":"https:\/\/puregrowshop.com\/fr\/wp-json\/wp\/v2\/comments?post=12995"}],"wp:featuredmedia":[{"embeddable":true,"href":"https:\/\/puregrowshop.com\/fr\/wp-json\/wp\/v2\/media\/12994"}],"wp:attachment":[{"href":"https:\/\/puregrowshop.com\/fr\/wp-json\/wp\/v2\/media?parent=12995"}],"wp:term":[{"taxonomy":"pwb-brand","embeddable":true,"href":"https:\/\/puregrowshop.com\/fr\/wp-json\/wp\/v2\/pwb-brand?post=12995"},{"taxonomy":"product_brand","embeddable":true,"href":"https:\/\/puregrowshop.com\/fr\/wp-json\/wp\/v2\/product_brand?post=12995"},{"taxonomy":"product_cat","embeddable":true,"href":"https:\/\/puregrowshop.com\/fr\/wp-json\/wp\/v2\/product_cat?post=12995"},{"taxonomy":"product_tag","embeddable":true,"href":"https:\/\/puregrowshop.com\/fr\/wp-json\/wp\/v2\/product_tag?post=12995"}],"curies":[{"name":"wp","href":"https:\/\/api.w.org\/{rel}","templated":true}]}}