{"id":12993,"date":"2024-10-28T20:46:37","date_gmt":"2024-10-28T20:46:37","guid":{"rendered":"https:\/\/puregrowshop.com\/big-bud-powder-130-gr-advanced-nutrients\/"},"modified":"2025-12-27T20:14:14","modified_gmt":"2025-12-27T20:14:14","slug":"big-bud-powder-130-gr-advanced-nutrients","status":"publish","type":"product","link":"https:\/\/puregrowshop.com\/fr\/big-bud-powder-130-gr-advanced-nutrients\/","title":{"rendered":"Big Bud Powder   130 gr. Advanced Nutrients"},"content":{"rendered":"<p>Presentamos el Big Bud Powder 130 gr. de Advanced Nutrients, el fertilizante definitivo para maximizar el rendimiento de tus cultivos. Dise\u00f1ado para cultivadores exigentes que buscan resultados excepcionales, este producto es esencial para mejorar la calidad y cantidad de tus cosechas.<\/p>\n<ul>\n<li>Formato en polvo para una f\u00e1cil disoluci\u00f3n y aplicaci\u00f3n.<\/li>\n<li>Dise\u00f1ado espec\u00edficamente para la fase de floraci\u00f3n.<\/li>\n<li>Contiene una mezcla \u00f3ptima de f\u00f3sforo y potasio.<\/li>\n<li>Incluye amino\u00e1cidos para mejorar el desarrollo de las flores.<\/li>\n<li>Compatible con todos los sistemas de cultivo y tipos de plantas.<\/li>\n<\/ul>\n<p>El Big Bud Powder potencia el tama\u00f1o, peso y n\u00famero de flores, asegurando un aumento sustancial en la producci\u00f3n. Su f\u00f3rmula avanzada proporciona los nutrientes esenciales que las plantas necesitan durante la fase cr\u00edtica de floraci\u00f3n, garantizando cosechas m\u00e1s abundantes y de mejor calidad.<\/p>\n<p>Para obtener los mejores resultados, disuelva la dosis recomendada en agua y aplique durante las semanas medias de la fase de floraci\u00f3n. Este producto es el aliado perfecto para cultivadores que buscan optimizar su producci\u00f3n con eficacia y profesionalismo.<\/p>\n","protected":false},"excerpt":{"rendered":"<p><b>Composicion:<\/b><\/p>\n<p>Nitrogeno: 0%<\/p>\n<p>Fosforo: 15%<\/p>\n<p>Potasio: 35%<\/p>\n<p><span style='color: rgb(0, 5, 1); font-family: Montserrat, sans-serif; font-size: 16px; font-style: normal; font-variant-ligatures: normal; font-variant-caps: normal; font-weight: 300; letter-spacing: normal; orphans: 2; text-align: left; text-indent: 0px; text-transform: none; widows: 2; word-spacing: 0px; -webkit-text-stroke-width: 0px; white-space: normal; text-decoration-thickness: initial; text-decoration-style: initial; text-decoration-color: initial; display: inline !important; float: none;'><br \/><\/span><\/p>\n<p><span style='color: rgb(0, 5, 1); font-family: Montserrat, sans-serif; font-size: 16px; font-style: normal; font-variant-ligatures: normal; font-variant-caps: normal; font-weight: 300; letter-spacing: normal; orphans: 2; text-align: left; text-indent: 0px; text-transform: none; widows: 2; word-spacing: 0px; -webkit-text-stroke-width: 0px; white-space: normal; text-decoration-thickness: initial; text-decoration-style: initial; text-decoration-color: initial; display: inline !important; float: none;'>Big Bud Powder presenta la proporci\u00f3n de PK ideal para que tu cosecha incremente el peso de las flores y evite la toxicidad por f\u00f3sforo. <\/span>Las plantas consiguen formas altamente absorbibles de potasio y f\u00f3sforo en sus proporciones exactas para una fase de floraci\u00f3n exitosa. <\/p>\n<ul style='box-sizing: border-box; margin-block: 0px; border: 0px; outline: 0px; font-size: 16px; vertical-align: baseline; background: transparent; color: rgb(0, 5, 1); font-family: Montserrat, sans-serif; font-style: normal; font-variant-ligatures: normal; font-variant-caps: normal; font-weight: 300; letter-spacing: normal; orphans: 2; text-align: left; text-indent: 0px; text-transform: none; widows: 2; word-spacing: 0px; -webkit-text-stroke-width: 0px; white-space: normal; text-decoration-thickness: initial; text-decoration-style: initial; text-decoration-color: initial;'>\n<li style='box-sizing: border-box; margin-block: 0px; border: 0px; outline: 0px; font-size: 16px; vertical-align: baseline; background: transparent;'>Compuesto de materias primas de gran calidad proporcionan las mejores condiciones para fortalecer y dar volumen a las estructuras florales. Se mezcla de forma facil y se disuelve por completo.<\/li>\n<\/ul>\n<p><\/p>\n<p>Big Bud\u00ae Powder est\u00e1 especialmente dise\u00f1ado para su uso con diversos medios de cultivo hidrop\u00f3nicos y con todos los sistemas de fertilizaci\u00f3n continua, como aerop\u00f3nicos, riego por goteo, NFT, Ebb &amp; Flow y DWC.<\/p>\n<p><\/p>\n<p><\/p>\n","protected":false},"featured_media":12992,"comment_status":"open","ping_status":"closed","template":"","meta":{"_bst_post_transparent":"","_bst_post_title":"","_bst_post_layout":"","_bst_post_sidebar_id":"","_bst_post_content_style":"","_bst_post_vertical_padding":"","_bst_post_feature":"","_bst_post_feature_position":"","_bst_post_header":false,"_bst_post_footer":false},"pwb-brand":[172],"product_brand":[],"product_cat":[39],"product_tag":[],"class_list":{"0":"post-12993","1":"product","2":"type-product","3":"status-publish","4":"has-post-thumbnail","6":"pwb-brand-advanced-nutrients","7":"product_cat-fertilizantes","9":"first","10":"instock","11":"sale","12":"taxable","13":"shipping-taxable","14":"purchasable","15":"product-type-simple","16":"entry","17":"content-bg","18":"loop-entry"},"brands":[{"id":172,"name":"Advanced Nutrients","slug":"advanced-nutrients"}],"_links":{"self":[{"href":"https:\/\/puregrowshop.com\/fr\/wp-json\/wp\/v2\/product\/12993","targetHints":{"allow":["GET"]}}],"collection":[{"href":"https:\/\/puregrowshop.com\/fr\/wp-json\/wp\/v2\/product"}],"about":[{"href":"https:\/\/puregrowshop.com\/fr\/wp-json\/wp\/v2\/types\/product"}],"replies":[{"embeddable":true,"href":"https:\/\/puregrowshop.com\/fr\/wp-json\/wp\/v2\/comments?post=12993"}],"wp:featuredmedia":[{"embeddable":true,"href":"https:\/\/puregrowshop.com\/fr\/wp-json\/wp\/v2\/media\/12992"}],"wp:attachment":[{"href":"https:\/\/puregrowshop.com\/fr\/wp-json\/wp\/v2\/media?parent=12993"}],"wp:term":[{"taxonomy":"pwb-brand","embeddable":true,"href":"https:\/\/puregrowshop.com\/fr\/wp-json\/wp\/v2\/pwb-brand?post=12993"},{"taxonomy":"product_brand","embeddable":true,"href":"https:\/\/puregrowshop.com\/fr\/wp-json\/wp\/v2\/product_brand?post=12993"},{"taxonomy":"product_cat","embeddable":true,"href":"https:\/\/puregrowshop.com\/fr\/wp-json\/wp\/v2\/product_cat?post=12993"},{"taxonomy":"product_tag","embeddable":true,"href":"https:\/\/puregrowshop.com\/fr\/wp-json\/wp\/v2\/product_tag?post=12993"}],"curies":[{"name":"wp","href":"https:\/\/api.w.org\/{rel}","templated":true}]}}