{"id":12965,"date":"2024-10-28T20:46:31","date_gmt":"2024-10-28T20:46:31","guid":{"rendered":"https:\/\/puregrowshop.com\/ph-perfect-connoisseur-bloom-b-5-lt-advanced-nutrients\/"},"modified":"2026-01-21T09:23:44","modified_gmt":"2026-01-21T09:23:44","slug":"ph-perfect-connoisseur-bloom-b-5-lt-advanced-nutrients","status":"publish","type":"product","link":"https:\/\/puregrowshop.com\/fr\/ph-perfect-connoisseur-bloom-b-5-lt-advanced-nutrients\/","title":{"rendered":"pH Perfect Connoisseur Bloom  B 5 lt. Advanced Nutrients"},"content":{"rendered":"<p>Presentamos el &quot;pH Perfect Connoisseur Bloom B 5 lt&quot; de Advanced Nutrients, un fertilizante de alto rendimiento dise\u00f1ado para maximizar el potencial de tus plantas durante la fase de floraci\u00f3n. Ideal para cultivadores que buscan resultados excepcionales, este producto garantiza un crecimiento exuberante y un rendimiento \u00f3ptimo.<\/p>\n<ul>\n<li>F\u00f3rmula avanzada con tecnolog\u00eda pH Perfect que elimina la necesidad de ajustar el pH<\/li>\n<li>Dise\u00f1ado espec\u00edficamente para la fase de floraci\u00f3n, potenciando la formaci\u00f3n de flores<\/li>\n<li>Contiene una mezcla equilibrada de nutrientes esenciales para un crecimiento saludable<\/li>\n<li>Compatible con una amplia variedad de medios de cultivo<\/li>\n<li>Disponible en un pr\u00e1ctico envase de 5 litros que asegura un suministro adecuado para tu jard\u00edn<\/li>\n<\/ul>\n<p>El &quot;pH Perfect Connoisseur Bloom B&quot; ayuda a tus plantas a absorber de manera eficiente los nutrientes necesarios, promoviendo flores m\u00e1s grandes y densas. Su uso regular potencia el desarrollo de colores vibrantes y aromas intensos, mejorando la calidad y el sabor de tu cosecha.<\/p>\n<p>Elaborado con ingredientes de alta calidad, este fertilizante es seguro y f\u00e1cil de usar. No requiere ajuste de pH, simplificando el proceso de cuidado de tus plantas y ahorrando tiempo valioso. Ideal para cultivadores experimentados que desean un rendimiento superior sin complicaciones.<\/p>\n","protected":false},"excerpt":{"rendered":"<p>CONNOSSEUR BLOOM A + B es un fertilizante\u00a0completo en dos partes para el cultivo de marihuana, de alt\u00edsima calidad para la etapa de floraci\u00f3n, destinado a\u00a0crear los cogollos m\u00e1s grandes y pesadas jam\u00e1s conseguidos por un abono de floraci\u00f3n.<\/p>\n<p>Se empieza a usar pasada una semana de haber comenzado la floraci\u00f3n, y sus efectos sobre el rendimiento son formidables. Este abono de floraci\u00f3n seguro y f\u00e1cil de usar ha sido probado en centenares de cultivos hidrop\u00f3nicos, y ha sorprendido a\u00a0 cient\u00edficos y cultivadores, creando flores m\u00e1s grandes, pesadas y densas de lo que se cre\u00eda posible en cultivos de\u00a0interior. Connoisseur est\u00e1 llamado a ser el referente en rendimiento de floraci\u00f3n para los pr\u00f3ximos diez a\u00f1os como m\u00ednimo. La combinaci\u00f3n que ofrece de ingredientes propios y exclusivos y la tecnolog\u00eda de su formulaci\u00f3n representa un salto cu\u00e1ntico para la calidad y la cantidad en las cosechas hidrop\u00f3nicas. Aumento del n\u00famero y la calidad de las flores y frutos. Contiene determinadas clases de amino\u00e1cidos y\u00a0\u00a0 poli-alcoholes.<\/p>\n<p>Utilizando CONNOSSEUR A +\u00a0B conseguir\u00e1 una aceleraci\u00f3n en la floraci\u00f3n y la maduraci\u00f3n de frutos,\u00a0\u00a0aumento de la potencia, el gusto y el aroma y un sustancioso\u00a0aumento del valor en el mercado de sus cosechas de plantas ar\u00f3maticas y medicinales, frutas u hortalizas.<\/p>\n","protected":false},"featured_media":12964,"comment_status":"open","ping_status":"closed","template":"","meta":{"_bst_post_transparent":"","_bst_post_title":"","_bst_post_layout":"","_bst_post_sidebar_id":"","_bst_post_content_style":"","_bst_post_vertical_padding":"","_bst_post_feature":"","_bst_post_feature_position":"","_bst_post_header":false,"_bst_post_footer":false},"pwb-brand":[172],"product_brand":[],"product_cat":[39],"product_tag":[],"class_list":{"0":"post-12965","1":"product","2":"type-product","3":"status-publish","4":"has-post-thumbnail","6":"pwb-brand-advanced-nutrients","7":"product_cat-fertilizantes","9":"first","10":"instock","11":"sale","12":"taxable","13":"shipping-taxable","14":"purchasable","15":"product-type-simple","16":"entry","17":"content-bg","18":"loop-entry"},"brands":[{"id":172,"name":"Advanced Nutrients","slug":"advanced-nutrients"}],"_links":{"self":[{"href":"https:\/\/puregrowshop.com\/fr\/wp-json\/wp\/v2\/product\/12965","targetHints":{"allow":["GET"]}}],"collection":[{"href":"https:\/\/puregrowshop.com\/fr\/wp-json\/wp\/v2\/product"}],"about":[{"href":"https:\/\/puregrowshop.com\/fr\/wp-json\/wp\/v2\/types\/product"}],"replies":[{"embeddable":true,"href":"https:\/\/puregrowshop.com\/fr\/wp-json\/wp\/v2\/comments?post=12965"}],"wp:featuredmedia":[{"embeddable":true,"href":"https:\/\/puregrowshop.com\/fr\/wp-json\/wp\/v2\/media\/12964"}],"wp:attachment":[{"href":"https:\/\/puregrowshop.com\/fr\/wp-json\/wp\/v2\/media?parent=12965"}],"wp:term":[{"taxonomy":"pwb-brand","embeddable":true,"href":"https:\/\/puregrowshop.com\/fr\/wp-json\/wp\/v2\/pwb-brand?post=12965"},{"taxonomy":"product_brand","embeddable":true,"href":"https:\/\/puregrowshop.com\/fr\/wp-json\/wp\/v2\/product_brand?post=12965"},{"taxonomy":"product_cat","embeddable":true,"href":"https:\/\/puregrowshop.com\/fr\/wp-json\/wp\/v2\/product_cat?post=12965"},{"taxonomy":"product_tag","embeddable":true,"href":"https:\/\/puregrowshop.com\/fr\/wp-json\/wp\/v2\/product_tag?post=12965"}],"curies":[{"name":"wp","href":"https:\/\/api.w.org\/{rel}","templated":true}]}}