{"id":12963,"date":"2024-10-28T20:46:31","date_gmt":"2024-10-28T20:46:31","guid":{"rendered":"https:\/\/puregrowshop.com\/ph-perfect-connoisseur-bloom-b-1-lt-advanced-nutrients\/"},"modified":"2026-01-21T09:23:40","modified_gmt":"2026-01-21T09:23:40","slug":"ph-perfect-connoisseur-bloom-b-1-lt-advanced-nutrients","status":"publish","type":"product","link":"https:\/\/puregrowshop.com\/fr\/ph-perfect-connoisseur-bloom-b-1-lt-advanced-nutrients\/","title":{"rendered":"pH Perfect Connoisseur Bloom   B 1 lt. Advanced Nutrients"},"content":{"rendered":"<p>Se empieza a usar pasada una semana de haber comenzado la floraci\u00f3n, y sus efectos sobre el rendimiento son formidables. Este abono de floraci\u00f3n seguro y f\u00e1cil de usar ha sido probado en centenares de cultivos hidrop\u00f3nicos, y ha sorprendido a&nbsp; cient\u00edficos y cultivadores, creando flores m\u00e1s grandes, pesadas y densas de lo que se cre\u00eda posible en cultivos de interior. Connoisseur est\u00e1 llamado a ser el referente en rendimiento de floraci\u00f3n para los pr\u00f3ximos diez a\u00f1os como m\u00ednimo. La combinaci\u00f3n que ofrece de ingredientes propios y exclusivos y la tecnolog\u00eda de su formulaci\u00f3n representa un salto cu\u00e1ntico para la calidad y la cantidad en las cosechas hidrop\u00f3nicas. Aumento del n\u00famero y la calidad de las flores y frutos. Contiene determinadas clases de amino\u00e1cidos y poli-alcoholes.<BR>Utilizando CONNOSSEUR A + B conseguir\u00e1 una aceleraci\u00f3n en la floraci\u00f3n y la maduraci\u00f3n de frutos, aumento de la potencia, el gusto y el aroma y un sustancioso aumento del valor en el mercado de sus cosechas de plantas arom\u00e1ticas y medicinales, frutas u hortalizas.<BR>Aplicaci\u00f3n 2.6 mL \/ L<\/p>\n","protected":false},"excerpt":{"rendered":"<p>Advanced Nutrients Connoisseur&nbsp; A + B es un abono completo en dos partes, de alt\u00edsima calidad para la etapa de floraci\u00f3n destinado a crear las flores m\u00e1s grandes y pesadas jam\u00e1s conseguidas por un abono de floraci\u00f3n.<\/p>\n","protected":false},"featured_media":12962,"comment_status":"open","ping_status":"closed","template":"","meta":{"_bst_post_transparent":"","_bst_post_title":"","_bst_post_layout":"","_bst_post_sidebar_id":"","_bst_post_content_style":"","_bst_post_vertical_padding":"","_bst_post_feature":"","_bst_post_feature_position":"","_bst_post_header":false,"_bst_post_footer":false},"pwb-brand":[172],"product_brand":[],"product_cat":[39],"product_tag":[],"class_list":{"0":"post-12963","1":"product","2":"type-product","3":"status-publish","4":"has-post-thumbnail","6":"pwb-brand-advanced-nutrients","7":"product_cat-fertilizantes","8":"product_shipping_class-entre-1-kg-y-5-kg","10":"first","11":"instock","12":"sale","13":"taxable","14":"shipping-taxable","15":"purchasable","16":"product-type-simple","17":"entry","18":"content-bg","19":"loop-entry"},"brands":[{"id":172,"name":"Advanced Nutrients","slug":"advanced-nutrients"}],"_links":{"self":[{"href":"https:\/\/puregrowshop.com\/fr\/wp-json\/wp\/v2\/product\/12963","targetHints":{"allow":["GET"]}}],"collection":[{"href":"https:\/\/puregrowshop.com\/fr\/wp-json\/wp\/v2\/product"}],"about":[{"href":"https:\/\/puregrowshop.com\/fr\/wp-json\/wp\/v2\/types\/product"}],"replies":[{"embeddable":true,"href":"https:\/\/puregrowshop.com\/fr\/wp-json\/wp\/v2\/comments?post=12963"}],"wp:featuredmedia":[{"embeddable":true,"href":"https:\/\/puregrowshop.com\/fr\/wp-json\/wp\/v2\/media\/12962"}],"wp:attachment":[{"href":"https:\/\/puregrowshop.com\/fr\/wp-json\/wp\/v2\/media?parent=12963"}],"wp:term":[{"taxonomy":"pwb-brand","embeddable":true,"href":"https:\/\/puregrowshop.com\/fr\/wp-json\/wp\/v2\/pwb-brand?post=12963"},{"taxonomy":"product_brand","embeddable":true,"href":"https:\/\/puregrowshop.com\/fr\/wp-json\/wp\/v2\/product_brand?post=12963"},{"taxonomy":"product_cat","embeddable":true,"href":"https:\/\/puregrowshop.com\/fr\/wp-json\/wp\/v2\/product_cat?post=12963"},{"taxonomy":"product_tag","embeddable":true,"href":"https:\/\/puregrowshop.com\/fr\/wp-json\/wp\/v2\/product_tag?post=12963"}],"curies":[{"name":"wp","href":"https:\/\/api.w.org\/{rel}","templated":true}]}}