{"id":12929,"date":"2024-10-28T20:46:22","date_gmt":"2024-10-28T20:46:22","guid":{"rendered":"https:\/\/puregrowshop.com\/bud-blood-powder-2-5-kg-advanced-nutrients\/"},"modified":"2025-12-27T20:13:48","modified_gmt":"2025-12-27T20:13:48","slug":"bud-blood-powder-2-5-kg-advanced-nutrients","status":"publish","type":"product","link":"https:\/\/puregrowshop.com\/fr\/bud-blood-powder-2-5-kg-advanced-nutrients\/","title":{"rendered":"Bud Blood Powder  2.5 kg. Advanced Nutrients"},"content":{"rendered":"<p>Advanced Nutrients ha pasado muchos a\u00f1os investigando las plantas productoras de resina. El conocimiento que ha ido adquiriendo y la pasi\u00f3n que siempre ha tenido por su trabajo han dado lugar a productos sin parang\u00f3n que disparan la producci\u00f3n de resina e incrementan substancialmente el rendimiento.<BR>&nbsp;<BR>Big Bud es el \u00fanico espec\u00edfico para plantas de su clase. Durante extensas pruebas de campo, Big Bud super\u00f3 de manera aplastante a todos sus competidores debido a su proporci\u00f3n espec\u00edfica de f\u00f3sforo, potasio, magnesio y los amino\u00e1cidos: Alamina; Arginina; Acido asp\u00e1rtico; Cisteina; Acido Glut\u00e1mico; Glicina; Histidina; Isoleucina; Leucina; Lisina; Metionina; Phenilalamina; Prolina y Serina. Big Bud aumenta enormemente el crecimiento del cogollo, as\u00ed como su volumen, peso y producci\u00f3n de resina y tricomas.<BR>Disoluci\u00f3n: 5 ml. por litro de agua (la conductividad del agua aumentar\u00e1 en 0,5 aprox. o 300 ppm.)<\/p>\n","protected":false},"excerpt":{"rendered":"<p><b>Composicion:<\/b><br \/>Nitrogeno: 0%<br \/>Fosforo: 39%<br \/>Potasio: 25%<\/p>\n<p>Bud Blood Powder proporciona un extra de PK que potencia la floraci\u00f3n a la vez que aporta las cantidades de nutrientes necesarias, minimizando el riesgo de contaminaci\u00f3n por metales pesados en tus cultivos, ademas de macronutrientes que promueven el rendimiento de las cosechas y la producci\u00f3n de flores. Maximiza el aumento del peso de las flores, acorta la fase de floraci\u00f3n y produce cosechas de mayor rendimiento<\/p>\n<p>Bud Blood\u00ae Powder est\u00e1 especialmente dise\u00f1ado para su uso con diversos medios de cultivo hidrop\u00f3nicos y con todos los sistemas de fertilizaci\u00f3n continua, como aerop\u00f3nicos, riego por goteo, NFT, Ebb &amp; Flow y DWC.<\/p>\n","protected":false},"featured_media":12928,"comment_status":"open","ping_status":"closed","template":"","meta":{"_bst_post_transparent":"","_bst_post_title":"","_bst_post_layout":"","_bst_post_sidebar_id":"","_bst_post_content_style":"","_bst_post_vertical_padding":"","_bst_post_feature":"","_bst_post_feature_position":"","_bst_post_header":false,"_bst_post_footer":false},"pwb-brand":[172],"product_brand":[],"product_cat":[39],"product_tag":[],"class_list":{"0":"post-12929","1":"product","2":"type-product","3":"status-publish","4":"has-post-thumbnail","6":"pwb-brand-advanced-nutrients","7":"product_cat-fertilizantes","8":"product_shipping_class-entre-1-kg-y-5-kg","10":"first","11":"instock","12":"sale","13":"taxable","14":"shipping-taxable","15":"purchasable","16":"product-type-simple","17":"entry","18":"content-bg","19":"loop-entry"},"brands":[{"id":172,"name":"Advanced Nutrients","slug":"advanced-nutrients"}],"_links":{"self":[{"href":"https:\/\/puregrowshop.com\/fr\/wp-json\/wp\/v2\/product\/12929","targetHints":{"allow":["GET"]}}],"collection":[{"href":"https:\/\/puregrowshop.com\/fr\/wp-json\/wp\/v2\/product"}],"about":[{"href":"https:\/\/puregrowshop.com\/fr\/wp-json\/wp\/v2\/types\/product"}],"replies":[{"embeddable":true,"href":"https:\/\/puregrowshop.com\/fr\/wp-json\/wp\/v2\/comments?post=12929"}],"wp:featuredmedia":[{"embeddable":true,"href":"https:\/\/puregrowshop.com\/fr\/wp-json\/wp\/v2\/media\/12928"}],"wp:attachment":[{"href":"https:\/\/puregrowshop.com\/fr\/wp-json\/wp\/v2\/media?parent=12929"}],"wp:term":[{"taxonomy":"pwb-brand","embeddable":true,"href":"https:\/\/puregrowshop.com\/fr\/wp-json\/wp\/v2\/pwb-brand?post=12929"},{"taxonomy":"product_brand","embeddable":true,"href":"https:\/\/puregrowshop.com\/fr\/wp-json\/wp\/v2\/product_brand?post=12929"},{"taxonomy":"product_cat","embeddable":true,"href":"https:\/\/puregrowshop.com\/fr\/wp-json\/wp\/v2\/product_cat?post=12929"},{"taxonomy":"product_tag","embeddable":true,"href":"https:\/\/puregrowshop.com\/fr\/wp-json\/wp\/v2\/product_tag?post=12929"}],"curies":[{"name":"wp","href":"https:\/\/api.w.org\/{rel}","templated":true}]}}