{"id":12925,"date":"2024-10-28T20:46:21","date_gmt":"2024-10-28T20:46:21","guid":{"rendered":"https:\/\/puregrowshop.com\/organic-tasty-terpenes-10-lt-advanced-nutrients\/"},"modified":"2025-12-27T20:13:39","modified_gmt":"2025-12-27T20:13:39","slug":"organic-tasty-terpenes-10-lt-advanced-nutrients","status":"publish","type":"product","link":"https:\/\/puregrowshop.com\/fr\/organic-tasty-terpenes-10-lt-advanced-nutrients\/","title":{"rendered":"Organic Tasty Terpenes 10 lt. Advanced Nutrients"},"content":{"rendered":"<p>Tasty Terpenes\u2122 es el potenciador de floraci\u00f3n y fortalecedor de tallos de confianza de los agricultores que quieren recolectar cosechas m\u00e1s abundantes. Repleto de potasio, extracto de alga Kelp y harina de alfalfa, este aditivo pr\u00e9mium favorece las condiciones \u00f3ptimas para obtener cosechas abundantes con plantas sanas, robustas y llenas de flores.<\/p>\n","protected":false},"excerpt":{"rendered":"<p>&#8211; Los amino\u00e1cidos pueden ayudar a tus plantas a desarrollar tallos m\u00e1s robustos y flores m\u00e1s grandes.<br \/>&#8211; El alga Kelp y la alfalfa proporcionan una amplia gama de multivitaminas para lograr un rendimiento m\u00e1ximo.<br \/>&#8211; Suministra potasio para potenciar la floraci\u00f3n y otros nutrientes minerales esenciales.<br \/>&#8211; Proporciona las condiciones que aumentan la capacidad de la planta de producir su propio alimento a trav\u00e9s de la fotos\u00edntesis.<\/p>\n","protected":false},"featured_media":12924,"comment_status":"open","ping_status":"closed","template":"","meta":{"_bst_post_transparent":"","_bst_post_title":"","_bst_post_layout":"","_bst_post_sidebar_id":"","_bst_post_content_style":"","_bst_post_vertical_padding":"","_bst_post_feature":"","_bst_post_feature_position":"","_bst_post_header":false,"_bst_post_footer":false},"pwb-brand":[172],"product_brand":[],"product_cat":[39],"product_tag":[],"class_list":{"0":"post-12925","1":"product","2":"type-product","3":"status-publish","4":"has-post-thumbnail","6":"pwb-brand-advanced-nutrients","7":"product_cat-fertilizantes","8":"product_shipping_class-entre-10-kg-y-20-kg","10":"first","11":"instock","12":"sale","13":"taxable","14":"shipping-taxable","15":"purchasable","16":"product-type-simple","17":"entry","18":"content-bg","19":"loop-entry"},"brands":[{"id":172,"name":"Advanced Nutrients","slug":"advanced-nutrients"}],"_links":{"self":[{"href":"https:\/\/puregrowshop.com\/fr\/wp-json\/wp\/v2\/product\/12925","targetHints":{"allow":["GET"]}}],"collection":[{"href":"https:\/\/puregrowshop.com\/fr\/wp-json\/wp\/v2\/product"}],"about":[{"href":"https:\/\/puregrowshop.com\/fr\/wp-json\/wp\/v2\/types\/product"}],"replies":[{"embeddable":true,"href":"https:\/\/puregrowshop.com\/fr\/wp-json\/wp\/v2\/comments?post=12925"}],"wp:featuredmedia":[{"embeddable":true,"href":"https:\/\/puregrowshop.com\/fr\/wp-json\/wp\/v2\/media\/12924"}],"wp:attachment":[{"href":"https:\/\/puregrowshop.com\/fr\/wp-json\/wp\/v2\/media?parent=12925"}],"wp:term":[{"taxonomy":"pwb-brand","embeddable":true,"href":"https:\/\/puregrowshop.com\/fr\/wp-json\/wp\/v2\/pwb-brand?post=12925"},{"taxonomy":"product_brand","embeddable":true,"href":"https:\/\/puregrowshop.com\/fr\/wp-json\/wp\/v2\/product_brand?post=12925"},{"taxonomy":"product_cat","embeddable":true,"href":"https:\/\/puregrowshop.com\/fr\/wp-json\/wp\/v2\/product_cat?post=12925"},{"taxonomy":"product_tag","embeddable":true,"href":"https:\/\/puregrowshop.com\/fr\/wp-json\/wp\/v2\/product_tag?post=12925"}],"curies":[{"name":"wp","href":"https:\/\/api.w.org\/{rel}","templated":true}]}}