{"id":12923,"date":"2024-10-28T20:46:20","date_gmt":"2024-10-28T20:46:20","guid":{"rendered":"https:\/\/puregrowshop.com\/organic-tasty-terpenes-1-lt-advanced-nutrients\/"},"modified":"2026-04-14T10:05:20","modified_gmt":"2026-04-14T10:05:20","slug":"organic-tasty-terpenes-1-lt-advanced-nutrients","status":"publish","type":"product","link":"https:\/\/puregrowshop.com\/fr\/organic-tasty-terpenes-1-lt-advanced-nutrients\/","title":{"rendered":"Organic Tasty Terpenes  1 lt. Advanced Nutrients"},"content":{"rendered":"<p>OG Organics\u2122 Nirvana\u00ae es un fertilizante org\u00e1nico con certificaci\u00f3n OMRI y CDFA-OIM que utilizan miles de agricultores para aumentar el tama\u00f1o de las flores de forma natural. Dise\u00f1ado con potasio y azufre, los ingredientes org\u00e1nicos premium de OG Organics Nirvana crean las condiciones id\u00f3neas para un crecimiento y desarrollo floral robustos. Tambi\u00e9n hemos enriquecido esta fuente de energ\u00eda de nutrientes con alga Kelp y harina de alfalfa para ayudar a tus plantas a absorber todas las multivitaminas y minerales que necesitan para potenciar su rendimiento al m\u00e1ximo.<\/p>\n","protected":false},"excerpt":{"rendered":"<p>&#8211; Dos tensioactivos no i\u00f3nicos garantizan que tus nutrientes permanezcan disponibles en la soluci\u00f3n de fertilizaci\u00f3n.<br \/>\n&#8211; Ayuda a proteger las plantas contra el estr\u00e9s abi\u00f3tico \u00abmedioambiental\u00bb.<br \/>\n&#8211; El alga Kelp y la alfalfa estimulan la floraci\u00f3n, creando las condiciones ideales para producir grandes y crujientes flores.<\/p>\n","protected":false},"featured_media":12922,"comment_status":"open","ping_status":"closed","template":"","meta":{"_bst_post_transparent":"default","_bst_post_title":"","_bst_post_layout":"default","_bst_post_sidebar_id":"","_bst_post_content_style":"default","_bst_post_vertical_padding":"default","_bst_post_feature":"","_bst_post_feature_position":"","_bst_post_header":false,"_bst_post_footer":false},"pwb-brand":[172],"product_brand":[],"product_cat":[39],"product_tag":[],"class_list":{"0":"post-12923","1":"product","2":"type-product","3":"status-publish","4":"has-post-thumbnail","6":"pwb-brand-advanced-nutrients","7":"product_cat-fertilizantes","9":"first","10":"instock","11":"sale","12":"taxable","13":"shipping-taxable","14":"purchasable","15":"product-type-simple","16":"entry","17":"content-bg","18":"loop-entry"},"brands":[{"id":172,"name":"Advanced Nutrients","slug":"advanced-nutrients"}],"_links":{"self":[{"href":"https:\/\/puregrowshop.com\/fr\/wp-json\/wp\/v2\/product\/12923","targetHints":{"allow":["GET"]}}],"collection":[{"href":"https:\/\/puregrowshop.com\/fr\/wp-json\/wp\/v2\/product"}],"about":[{"href":"https:\/\/puregrowshop.com\/fr\/wp-json\/wp\/v2\/types\/product"}],"replies":[{"embeddable":true,"href":"https:\/\/puregrowshop.com\/fr\/wp-json\/wp\/v2\/comments?post=12923"}],"wp:featuredmedia":[{"embeddable":true,"href":"https:\/\/puregrowshop.com\/fr\/wp-json\/wp\/v2\/media\/12922"}],"wp:attachment":[{"href":"https:\/\/puregrowshop.com\/fr\/wp-json\/wp\/v2\/media?parent=12923"}],"wp:term":[{"taxonomy":"pwb-brand","embeddable":true,"href":"https:\/\/puregrowshop.com\/fr\/wp-json\/wp\/v2\/pwb-brand?post=12923"},{"taxonomy":"product_brand","embeddable":true,"href":"https:\/\/puregrowshop.com\/fr\/wp-json\/wp\/v2\/product_brand?post=12923"},{"taxonomy":"product_cat","embeddable":true,"href":"https:\/\/puregrowshop.com\/fr\/wp-json\/wp\/v2\/product_cat?post=12923"},{"taxonomy":"product_tag","embeddable":true,"href":"https:\/\/puregrowshop.com\/fr\/wp-json\/wp\/v2\/product_tag?post=12923"}],"curies":[{"name":"wp","href":"https:\/\/api.w.org\/{rel}","templated":true}]}}