{"id":12909,"date":"2024-10-28T20:46:18","date_gmt":"2024-10-28T20:46:18","guid":{"rendered":"https:\/\/puregrowshop.com\/ph-perfect-grow-500-ml-advanced-nutrients\/"},"modified":"2025-12-27T20:13:39","modified_gmt":"2025-12-27T20:13:39","slug":"ph-perfect-grow-500-ml-advanced-nutrients","status":"publish","type":"product","link":"https:\/\/puregrowshop.com\/fr\/ph-perfect-grow-500-ml-advanced-nutrients\/","title":{"rendered":"pH Perfect  Grow   500 ml. Advanced Nutrients"},"content":{"rendered":"<p>Nuestros productos funcionan mejor porque usamos quelatos superiores. Los quelatos son sustancias que ayudan los nutrientes a pasar del abono a la planta. Usamos m\u00e1s quelatos por micronutriente (de 2 a 4) que cualquier otra marca para mantener una biodisponibilidad \u00f3ptima durante m\u00e1s tiempo.<BR>&nbsp;<BR>Advanced Nutrients Grow, Micro and Bloom son 20% m\u00e1s concentrados que otros abonos generales para hidrop\u00f3nico, pero no es solo m\u00e1s fuerte, sino menos caro y con rendimientos extraordinarios. PARA OPTIMIZAR EL RENDIMIENTO DE ESTE PRODUCTO, A\u00d1ADIR SIEMPRE EL MICRO AL AGUA PRIMERO Y MEZCLAR BIEN ANTES DE PONER EL GROW Y\/O EL BLOOM<BR>La investigaci\u00f3n y el muestreo extensivo de tejido vegetal llevados a cabo por Advanced Nutrients han determinado que el programa \u00f3ptimo de nutrici\u00f3n espec\u00edfica para las plantas consiste en una proporci\u00f3n 1:1:1. Si se desea aplicar un programa especial 1:2:3 de nutrici\u00f3n para floraci\u00f3n, o un programa 3:2:1 de nutrici\u00f3n para crecimiento, puede emplearse la Calculadora de nutrientes de Advanced Nutrients para calcular las cantidades necesarias para cada semana de cultivo.<\/p>\n","protected":false},"excerpt":{"rendered":"<p>Advanced Nutrients Grow, Micro y Bloom es un abono en 3 partes que mejora sustancialmente el concepto de otros programas similares. Los abonos en 3 partes de Advanced Nutrients son de m\u00e1s alta calidad que otros abonos porque usan componentes de pureza far<\/p>\n","protected":false},"featured_media":12908,"comment_status":"open","ping_status":"closed","template":"","meta":{"_bst_post_transparent":"","_bst_post_title":"","_bst_post_layout":"","_bst_post_sidebar_id":"","_bst_post_content_style":"","_bst_post_vertical_padding":"","_bst_post_feature":"","_bst_post_feature_position":"","_bst_post_header":false,"_bst_post_footer":false},"pwb-brand":[172],"product_brand":[],"product_cat":[39],"product_tag":[],"class_list":{"0":"post-12909","1":"product","2":"type-product","3":"status-publish","4":"has-post-thumbnail","6":"pwb-brand-advanced-nutrients","7":"product_cat-fertilizantes","9":"first","10":"instock","11":"sale","12":"taxable","13":"shipping-taxable","14":"purchasable","15":"product-type-simple","16":"entry","17":"content-bg","18":"loop-entry"},"brands":[{"id":172,"name":"Advanced Nutrients","slug":"advanced-nutrients"}],"_links":{"self":[{"href":"https:\/\/puregrowshop.com\/fr\/wp-json\/wp\/v2\/product\/12909","targetHints":{"allow":["GET"]}}],"collection":[{"href":"https:\/\/puregrowshop.com\/fr\/wp-json\/wp\/v2\/product"}],"about":[{"href":"https:\/\/puregrowshop.com\/fr\/wp-json\/wp\/v2\/types\/product"}],"replies":[{"embeddable":true,"href":"https:\/\/puregrowshop.com\/fr\/wp-json\/wp\/v2\/comments?post=12909"}],"wp:featuredmedia":[{"embeddable":true,"href":"https:\/\/puregrowshop.com\/fr\/wp-json\/wp\/v2\/media\/12908"}],"wp:attachment":[{"href":"https:\/\/puregrowshop.com\/fr\/wp-json\/wp\/v2\/media?parent=12909"}],"wp:term":[{"taxonomy":"pwb-brand","embeddable":true,"href":"https:\/\/puregrowshop.com\/fr\/wp-json\/wp\/v2\/pwb-brand?post=12909"},{"taxonomy":"product_brand","embeddable":true,"href":"https:\/\/puregrowshop.com\/fr\/wp-json\/wp\/v2\/product_brand?post=12909"},{"taxonomy":"product_cat","embeddable":true,"href":"https:\/\/puregrowshop.com\/fr\/wp-json\/wp\/v2\/product_cat?post=12909"},{"taxonomy":"product_tag","embeddable":true,"href":"https:\/\/puregrowshop.com\/fr\/wp-json\/wp\/v2\/product_tag?post=12909"}],"curies":[{"name":"wp","href":"https:\/\/api.w.org\/{rel}","templated":true}]}}