{"id":12893,"date":"2024-10-28T20:46:14","date_gmt":"2024-10-28T20:46:14","guid":{"rendered":"https:\/\/puregrowshop.com\/b-52-10-lt-advanced-nutrients\/"},"modified":"2025-12-27T20:13:39","modified_gmt":"2025-12-27T20:13:39","slug":"b-52-10-lt-advanced-nutrients","status":"publish","type":"product","link":"https:\/\/puregrowshop.com\/fr\/b-52-10-lt-advanced-nutrients\/","title":{"rendered":"B 52 &#8211; 10 lt. Advanced Nutrients"},"content":{"rendered":"<p>Plantas de casa y jard\u00edn en tierra o mezclas con turba de esfagno: Mezclar 1-2 ml por litro de agua (o soluci\u00f3n nutriente). Aplicar una vez a la semana. Hidropon\u00eda: A\u00f1adir 1-2 ml por litro de soluci\u00f3n en el dep\u00f3sito de nutrientes. Usar cada vez que se abone.<BR>&nbsp;<BR>Pulverizaci\u00f3n foliar: Pulverizar cada dos semanas. Al trasplantar, remojar las ra\u00edces durante 10-15 minutos antes de realizar la plantaci\u00f3n. Al enraizar, a\u00f1adir a la soluci\u00f3n de enraizado. Contiene: 250 ml. Ag\u00edtese bien antes de usar. Derivado de: potasio, magnesio y \u00e1cido f\u00f3lico. Precauciones: No ingerir. Mantener fuera del alcance de los ni\u00f1os. An\u00e1lisis garantizado: 11.1% Potasio 10,1% Magnesio.<\/p>\n","protected":false},"excerpt":{"rendered":"<p><b>Composicion:<\/b><\/p>\n<p>Nitrogeno: 2%<\/p>\n<p>Fosforo: 1%<\/p>\n<p>Potasio: 4%<\/p>\n<p style='box-sizing: border-box; margin-block: 0px 0.9rem; color: rgb(0, 5, 1); font-family: Montserrat, sans-serif; font-size: 16px; font-style: normal; font-variant-ligatures: normal; font-variant-caps: normal; font-weight: 300; letter-spacing: normal; orphans: 2; text-align: left; text-indent: 0px; text-transform: none; widows: 2; word-spacing: 0px; -webkit-text-stroke-width: 0px; white-space: normal; text-decoration-thickness: initial; text-decoration-style: initial; text-decoration-color: initial;'><\/p>\n<p style='box-sizing: border-box; margin-block: 0px 0.9rem; color: rgb(0, 5, 1); font-family: Montserrat, sans-serif; font-size: 16px; font-style: normal; font-variant-ligatures: normal; font-variant-caps: normal; font-weight: 300; letter-spacing: normal; orphans: 2; text-align: left; text-indent: 0px; text-transform: none; widows: 2; word-spacing: 0px; -webkit-text-stroke-width: 0px; white-space: normal; text-decoration-thickness: initial; text-decoration-style: initial; text-decoration-color: initial;'>B-52<br \/> fortalece la zona radicular y refuerza las plantas para que crezcan mas<br \/> rapido. B-52 es indispensable para fortalecer los tallos, los peciolos y<br \/> las flores de manera que tus plantas se mantengan fuertes durante todo <br \/>el cultivo.<\/p>\n<p style='box-sizing: border-box; margin-block: 0px 0.9rem; color: rgb(0, 5, 1); font-family: Montserrat, sans-serif; font-size: 16px; font-style: normal; font-variant-ligatures: normal; font-variant-caps: normal; font-weight: 300; letter-spacing: normal; orphans: 2; text-align: left; text-indent: 0px; text-transform: none; widows: 2; word-spacing: 0px; -webkit-text-stroke-width: 0px; white-space: normal; text-decoration-thickness: initial; text-decoration-style: initial; text-decoration-color: initial;'>Este<br \/> producto da a las plantas un impresionante empuj\u00f3n de energ\u00eda al <br \/>aumentar su metabolismo e incrementar la asimilaci\u00f3n de nutrientes <br \/>mediante hormonas producidas naturalmente y vitaminas que las plantas no<br \/> pueden obtener de otra forma. <\/p>\n<p><\/p>\n<p>B-52\u00ae est\u00e1 <br \/>especialmente dise\u00f1ado para su uso con diversos medios de cultivo <br \/>hidrop\u00f3nicos y con todos los sistemas de fertilizaci\u00f3n continua, como <br \/>aerop\u00f3nicos, riego por goteo, NFT, Ebb &amp; Flow y DWC.<\/p>\n","protected":false},"featured_media":12892,"comment_status":"open","ping_status":"closed","template":"","meta":{"_bst_post_transparent":"","_bst_post_title":"","_bst_post_layout":"","_bst_post_sidebar_id":"","_bst_post_content_style":"","_bst_post_vertical_padding":"","_bst_post_feature":"","_bst_post_feature_position":"","_bst_post_header":false,"_bst_post_footer":false},"pwb-brand":[172],"product_brand":[],"product_cat":[39],"product_tag":[],"class_list":{"0":"post-12893","1":"product","2":"type-product","3":"status-publish","4":"has-post-thumbnail","6":"pwb-brand-advanced-nutrients","7":"product_cat-fertilizantes","9":"first","10":"instock","11":"sale","12":"taxable","13":"shipping-taxable","14":"purchasable","15":"product-type-simple","16":"entry","17":"content-bg","18":"loop-entry"},"brands":[{"id":172,"name":"Advanced Nutrients","slug":"advanced-nutrients"}],"_links":{"self":[{"href":"https:\/\/puregrowshop.com\/fr\/wp-json\/wp\/v2\/product\/12893","targetHints":{"allow":["GET"]}}],"collection":[{"href":"https:\/\/puregrowshop.com\/fr\/wp-json\/wp\/v2\/product"}],"about":[{"href":"https:\/\/puregrowshop.com\/fr\/wp-json\/wp\/v2\/types\/product"}],"replies":[{"embeddable":true,"href":"https:\/\/puregrowshop.com\/fr\/wp-json\/wp\/v2\/comments?post=12893"}],"wp:featuredmedia":[{"embeddable":true,"href":"https:\/\/puregrowshop.com\/fr\/wp-json\/wp\/v2\/media\/12892"}],"wp:attachment":[{"href":"https:\/\/puregrowshop.com\/fr\/wp-json\/wp\/v2\/media?parent=12893"}],"wp:term":[{"taxonomy":"pwb-brand","embeddable":true,"href":"https:\/\/puregrowshop.com\/fr\/wp-json\/wp\/v2\/pwb-brand?post=12893"},{"taxonomy":"product_brand","embeddable":true,"href":"https:\/\/puregrowshop.com\/fr\/wp-json\/wp\/v2\/product_brand?post=12893"},{"taxonomy":"product_cat","embeddable":true,"href":"https:\/\/puregrowshop.com\/fr\/wp-json\/wp\/v2\/product_cat?post=12893"},{"taxonomy":"product_tag","embeddable":true,"href":"https:\/\/puregrowshop.com\/fr\/wp-json\/wp\/v2\/product_tag?post=12893"}],"curies":[{"name":"wp","href":"https:\/\/api.w.org\/{rel}","templated":true}]}}