{"id":12665,"date":"2024-10-28T20:45:24","date_gmt":"2024-10-28T20:45:24","guid":{"rendered":"https:\/\/puregrowshop.com\/monster-bloom-20-gr-grotek\/"},"modified":"2025-12-27T20:13:30","modified_gmt":"2025-12-27T20:13:30","slug":"monster-bloom-20-gr-grotek","status":"publish","type":"product","link":"https:\/\/puregrowshop.com\/fr\/monster-bloom-20-gr-grotek\/","title":{"rendered":"Monster Bloom   20 gr. Grotek"},"content":{"rendered":"<p>Monster Bloom de Grotek es un fertilizante altamente concentrado, dise\u00f1ado para maximizar el rendimiento y la calidad de tus cultivos en la fase cr\u00edtica de floraci\u00f3n. Este producto es un aliado indispensable para cultivadores que buscan resultados excepcionales y cosechas abundantes.<\/p>\n<ul>\n<li>Peso: 20 gramos, ideal para uso eficiente y preciso<\/li>\n<li>F\u00f3rmula concentrada de nutrientes esenciales para la fase de floraci\u00f3n<\/li>\n<li>Aumenta la densidad y el tama\u00f1o de las flores<\/li>\n<li>Compatible con diversos sistemas de cultivo<\/li>\n<\/ul>\n<p>Monster Bloom potencia el desarrollo de flores robustas y densas, mejorando la producci\u00f3n de resina y aumentando el peso final de la cosecha. Su f\u00f3rmula \u00fanica proporciona los nutrientes esenciales que las plantas necesitan durante la floraci\u00f3n, asegurando un crecimiento vigoroso y una maduraci\u00f3n \u00f3ptima.<\/p>\n<p>Para obtener los mejores resultados, a\u00f1ade Monster Bloom a tu r\u00e9gimen de fertilizaci\u00f3n durante el per\u00edodo de floraci\u00f3n. Es compatible con otros fertilizantes Grotek y se integra f\u00e1cilmente en cualquier programa de cultivo. Recuerda seguir las instrucciones de dosificaci\u00f3n para evitar sobrefertilizaci\u00f3n y asegurar un crecimiento saludable. Monster Bloom es la elecci\u00f3n perfecta para aquellos que no dejan nada al azar en la b\u00fasqueda de la cosecha perfecta.<\/p>\n","protected":false},"excerpt":{"rendered":"<p>Un enriquecedor de floraci\u00f3n de primera l\u00ednea, Monster Bloom\u2122 ha ganado una reputaci\u00f3n por su capacidad de fortalecer las plantas durante las etapas intermedias del desarrollo de flores. La alta concentraci\u00f3n de f\u00f3sforo juega un rol importante en el metabolismo de la planta. El potasio de la f\u00f3rmula mejora la calidad de las flores y frutas mientras influye en la fotos\u00edntesis, fortaleciendo la producci\u00f3n de almid\u00f3n dentro de la planta.<\/p>\n<p>Monster Bloom es altamente concentrado y su uso debe ir reduciendose antes de las \u00faltimas dos semanas de floraci\u00f3n. Esto asegurar\u00e1 que la planta tenga la oportunidad de metabolizar toda la potencia contenida en Monster Bloom. El resultado ser\u00e1 sabroso y abundante cultivo. Monster Bloom es un complemento y debe usarse como parte de un programa de fertilizaci\u00f3n completo.<\/p>\n","protected":false},"featured_media":12664,"comment_status":"open","ping_status":"closed","template":"","meta":{"_bst_post_transparent":"","_bst_post_title":"","_bst_post_layout":"","_bst_post_sidebar_id":"","_bst_post_content_style":"","_bst_post_vertical_padding":"","_bst_post_feature":"","_bst_post_feature_position":"","_bst_post_header":false,"_bst_post_footer":false},"pwb-brand":[171],"product_brand":[],"product_cat":[39],"product_tag":[],"class_list":{"0":"post-12665","1":"product","2":"type-product","3":"status-publish","4":"has-post-thumbnail","6":"pwb-brand-grotek","7":"product_cat-fertilizantes","9":"first","10":"instock","11":"sale","12":"taxable","13":"shipping-taxable","14":"purchasable","15":"product-type-simple","16":"entry","17":"content-bg","18":"loop-entry"},"brands":[{"id":171,"name":"Grotek","slug":"grotek"}],"_links":{"self":[{"href":"https:\/\/puregrowshop.com\/fr\/wp-json\/wp\/v2\/product\/12665","targetHints":{"allow":["GET"]}}],"collection":[{"href":"https:\/\/puregrowshop.com\/fr\/wp-json\/wp\/v2\/product"}],"about":[{"href":"https:\/\/puregrowshop.com\/fr\/wp-json\/wp\/v2\/types\/product"}],"replies":[{"embeddable":true,"href":"https:\/\/puregrowshop.com\/fr\/wp-json\/wp\/v2\/comments?post=12665"}],"wp:featuredmedia":[{"embeddable":true,"href":"https:\/\/puregrowshop.com\/fr\/wp-json\/wp\/v2\/media\/12664"}],"wp:attachment":[{"href":"https:\/\/puregrowshop.com\/fr\/wp-json\/wp\/v2\/media?parent=12665"}],"wp:term":[{"taxonomy":"pwb-brand","embeddable":true,"href":"https:\/\/puregrowshop.com\/fr\/wp-json\/wp\/v2\/pwb-brand?post=12665"},{"taxonomy":"product_brand","embeddable":true,"href":"https:\/\/puregrowshop.com\/fr\/wp-json\/wp\/v2\/product_brand?post=12665"},{"taxonomy":"product_cat","embeddable":true,"href":"https:\/\/puregrowshop.com\/fr\/wp-json\/wp\/v2\/product_cat?post=12665"},{"taxonomy":"product_tag","embeddable":true,"href":"https:\/\/puregrowshop.com\/fr\/wp-json\/wp\/v2\/product_tag?post=12665"}],"curies":[{"name":"wp","href":"https:\/\/api.w.org\/{rel}","templated":true}]}}