{"id":12649,"date":"2024-10-28T20:45:21","date_gmt":"2024-10-28T20:45:21","guid":{"rendered":"https:\/\/puregrowshop.com\/monster-bloom-liquido-500-ml-grotek\/"},"modified":"2025-12-27T20:13:20","modified_gmt":"2025-12-27T20:13:20","slug":"monster-bloom-liquido-500-ml-grotek","status":"publish","type":"product","link":"https:\/\/puregrowshop.com\/fr\/monster-bloom-liquido-500-ml-grotek\/","title":{"rendered":"Monster Bloom Liquido 500 ml. Grotek"},"content":{"rendered":"<p>Descubre el poder de crecimiento con Monster Bloom L\u00edquido 500 ml de Grotek, un fertilizante dise\u00f1ado para maximizar el potencial de tus plantas durante la fase de floraci\u00f3n. Este producto es ideal para jardineros profesionales y aficionados que buscan resultados impresionantes en sus cultivos.<\/p>\n<ul>\n<li>Formato: L\u00edquido concentrado en envase de 500 ml.<\/li>\n<li>Contiene una f\u00f3rmula balanceada de nutrientes esenciales.<\/li>\n<li>Potente combinaci\u00f3n de f\u00f3sforo y potasio.<\/li>\n<li>Compatible con diversos sistemas de cultivo y tipos de plantas.<\/li>\n<li>F\u00e1cil de aplicar y r\u00e1pido en su acci\u00f3n.<\/li>\n<\/ul>\n<p>Monster Bloom L\u00edquido contribuye a un desarrollo floral excepcional, mejorando la calidad y el tama\u00f1o de las flores. La combinaci\u00f3n de f\u00f3sforo y potasio impulsa la producci\u00f3n de cogollos densos y vibrantes, asegurando un rendimiento \u00f3ptimo de tus plantas. Su aplicaci\u00f3n regular durante la fase de floraci\u00f3n fortalece las ra\u00edces y favorece una absorci\u00f3n eficiente de nutrientes.<\/p>\n<p>Este fertilizante es elaborado con ingredientes de alta calidad, asegurando una nutrici\u00f3n completa para tus plantas. Para obtener los mejores resultados, sigue las instrucciones de dosificaci\u00f3n indicadas en el envase y ajusta seg\u00fan las necesidades espec\u00edficas de tu cultivo. Monster Bloom L\u00edquido es la elecci\u00f3n perfecta para aquellos que desean llevar su jard\u00edn al siguiente nivel.<\/p>\n","protected":false},"excerpt":{"rendered":"<p>El enriquecedor de floraci\u00f3n de primera l\u00ednea, Monster Bloom\u2122 en Liquido. La alta concentraci\u00f3n de f\u00f3sforo juega un rol importante en el metabolismo de la planta. El potasio de la f\u00f3rmula mejora la calidad de las flores y frutas mientras influye en la fotos\u00edntesis, fortaleciendo la producci\u00f3n de almid\u00f3n dentro de la planta.<\/p>\n<p>Monster Bloom es altamente concentrado y su uso debe ir reduciendose antes de las \u00faltimas dos semanas de floraci\u00f3n. Esto asegurar\u00e1 que la planta tenga la oportunidad de metabolizar toda la potencia contenida en Monster Bloom. El resultado ser\u00e1 sabroso y abundante cultivo. Monster Bloom es un complemento y debe usarse como parte de un programa de fertilizaci\u00f3n completo.<\/p>\n","protected":false},"featured_media":12648,"comment_status":"open","ping_status":"closed","template":"","meta":{"_bst_post_transparent":"","_bst_post_title":"","_bst_post_layout":"","_bst_post_sidebar_id":"","_bst_post_content_style":"","_bst_post_vertical_padding":"","_bst_post_feature":"","_bst_post_feature_position":"","_bst_post_header":false,"_bst_post_footer":false},"pwb-brand":[171],"product_brand":[],"product_cat":[39],"product_tag":[],"class_list":{"0":"post-12649","1":"product","2":"type-product","3":"status-publish","4":"has-post-thumbnail","6":"pwb-brand-grotek","7":"product_cat-fertilizantes","9":"first","10":"outofstock","11":"sale","12":"taxable","13":"shipping-taxable","14":"purchasable","15":"product-type-simple","16":"entry","17":"content-bg","18":"loop-entry"},"brands":[{"id":171,"name":"Grotek","slug":"grotek"}],"_links":{"self":[{"href":"https:\/\/puregrowshop.com\/fr\/wp-json\/wp\/v2\/product\/12649","targetHints":{"allow":["GET"]}}],"collection":[{"href":"https:\/\/puregrowshop.com\/fr\/wp-json\/wp\/v2\/product"}],"about":[{"href":"https:\/\/puregrowshop.com\/fr\/wp-json\/wp\/v2\/types\/product"}],"replies":[{"embeddable":true,"href":"https:\/\/puregrowshop.com\/fr\/wp-json\/wp\/v2\/comments?post=12649"}],"wp:featuredmedia":[{"embeddable":true,"href":"https:\/\/puregrowshop.com\/fr\/wp-json\/wp\/v2\/media\/12648"}],"wp:attachment":[{"href":"https:\/\/puregrowshop.com\/fr\/wp-json\/wp\/v2\/media?parent=12649"}],"wp:term":[{"taxonomy":"pwb-brand","embeddable":true,"href":"https:\/\/puregrowshop.com\/fr\/wp-json\/wp\/v2\/pwb-brand?post=12649"},{"taxonomy":"product_brand","embeddable":true,"href":"https:\/\/puregrowshop.com\/fr\/wp-json\/wp\/v2\/product_brand?post=12649"},{"taxonomy":"product_cat","embeddable":true,"href":"https:\/\/puregrowshop.com\/fr\/wp-json\/wp\/v2\/product_cat?post=12649"},{"taxonomy":"product_tag","embeddable":true,"href":"https:\/\/puregrowshop.com\/fr\/wp-json\/wp\/v2\/product_tag?post=12649"}],"curies":[{"name":"wp","href":"https:\/\/api.w.org\/{rel}","templated":true}]}}