{"id":12621,"date":"2024-10-28T20:45:14","date_gmt":"2024-10-28T20:45:14","guid":{"rendered":"https:\/\/puregrowshop.com\/blossom-blaster-pro-1-lt-grotek\/"},"modified":"2025-12-27T20:13:08","modified_gmt":"2025-12-27T20:13:08","slug":"blossom-blaster-pro-1-lt-grotek","status":"publish","type":"product","link":"https:\/\/puregrowshop.com\/fr\/blossom-blaster-pro-1-lt-grotek\/","title":{"rendered":"Blossom Blaster Pro 1 lt. Grotek"},"content":{"rendered":"<p>AGITE BIEN antes de utilizar.<\/p>\n<p>Empiece a usar durante el inicio de la floraci\u00f3n, antes o al momento de la brotaci\u00f3n. Aplique 2 a 3 veces por ciclo de cultivo, entre la aparici\u00f3n de brotes y producci\u00f3n de fruto.<\/p>\n<p>Rociado Foliar:  Mezcle 1\/8 cdta. por 1.25 cuartos de gal\u00f3n de agua (0.5 ml por 1 L) y roc\u00ede en el follaje de la planta.<\/p>\n<p>Cultivo en suelo\/sin suelo\/en agua: Mezcle \u00bc cdta. por 1.25 cuartos de gal\u00f3n de agua (1 ml por 1 L). Ajuste el pH despu\u00e9s de mezclar, seg\u00fan sea necesario.<\/p>\n","protected":false},"excerpt":{"rendered":"<p>Desarrollo Temprano de las Flores. Una f\u00f3rmula alta en f\u00f3sforo que desencadena la floraci\u00f3n y los procesos metab\u00f3licos clave, mejorando los sistemas propios de las plantas. Las tasas de nutrientes en este producto maximizan el metabolismo celular, asegurando picos en el desarrollo de las flores y mejorando la cosecha en general.<\/p>\n","protected":false},"featured_media":12620,"comment_status":"open","ping_status":"closed","template":"","meta":{"_bst_post_transparent":"","_bst_post_title":"","_bst_post_layout":"","_bst_post_sidebar_id":"","_bst_post_content_style":"","_bst_post_vertical_padding":"","_bst_post_feature":"","_bst_post_feature_position":"","_bst_post_header":false,"_bst_post_footer":false},"pwb-brand":[171],"product_brand":[],"product_cat":[39],"product_tag":[],"class_list":{"0":"post-12621","1":"product","2":"type-product","3":"status-publish","4":"has-post-thumbnail","6":"pwb-brand-grotek","7":"product_cat-fertilizantes","9":"first","10":"instock","11":"sale","12":"taxable","13":"shipping-taxable","14":"purchasable","15":"product-type-simple","16":"entry","17":"content-bg","18":"loop-entry"},"brands":[{"id":171,"name":"Grotek","slug":"grotek"}],"_links":{"self":[{"href":"https:\/\/puregrowshop.com\/fr\/wp-json\/wp\/v2\/product\/12621","targetHints":{"allow":["GET"]}}],"collection":[{"href":"https:\/\/puregrowshop.com\/fr\/wp-json\/wp\/v2\/product"}],"about":[{"href":"https:\/\/puregrowshop.com\/fr\/wp-json\/wp\/v2\/types\/product"}],"replies":[{"embeddable":true,"href":"https:\/\/puregrowshop.com\/fr\/wp-json\/wp\/v2\/comments?post=12621"}],"wp:featuredmedia":[{"embeddable":true,"href":"https:\/\/puregrowshop.com\/fr\/wp-json\/wp\/v2\/media\/12620"}],"wp:attachment":[{"href":"https:\/\/puregrowshop.com\/fr\/wp-json\/wp\/v2\/media?parent=12621"}],"wp:term":[{"taxonomy":"pwb-brand","embeddable":true,"href":"https:\/\/puregrowshop.com\/fr\/wp-json\/wp\/v2\/pwb-brand?post=12621"},{"taxonomy":"product_brand","embeddable":true,"href":"https:\/\/puregrowshop.com\/fr\/wp-json\/wp\/v2\/product_brand?post=12621"},{"taxonomy":"product_cat","embeddable":true,"href":"https:\/\/puregrowshop.com\/fr\/wp-json\/wp\/v2\/product_cat?post=12621"},{"taxonomy":"product_tag","embeddable":true,"href":"https:\/\/puregrowshop.com\/fr\/wp-json\/wp\/v2\/product_tag?post=12621"}],"curies":[{"name":"wp","href":"https:\/\/api.w.org\/{rel}","templated":true}]}}