{"id":12617,"date":"2024-10-28T20:45:14","date_gmt":"2024-10-28T20:45:14","guid":{"rendered":"https:\/\/puregrowshop.com\/bud-fuel-pro-1-lt-grotek\/"},"modified":"2025-12-27T20:29:04","modified_gmt":"2025-12-27T20:29:04","slug":"bud-fuel-pro-1-lt-grotek","status":"publish","type":"product","link":"https:\/\/puregrowshop.com\/fr\/bud-fuel-pro-1-lt-grotek\/","title":{"rendered":"Bud Fuel Pro  1 lt. Grotek"},"content":{"rendered":"<p>AGITE BIEN antes de utilizar.<\/p>\n<p>Cultivo en suelo\/sin suelo\/en agua:\u00a0Mezcle \u00bd a \u00be cdta. por 1.25 cuartos de gal\u00f3n de agua (2?3 ml por 1 L). \u00a0Use de 3 a 4 veces durante la temporada de cultivo, focalizando inmediatamente previo a y durante el desarrollo floral.<\/p>\n<p>Rociado Foliar:\u00a0Mezcle 1 cdta. por 1 cuarto de gal\u00f3n de agua limpia (5 ml por 1 L). \u00a0Roc\u00ede las plantas hasta deslizarse. \u00a0Use de 3 a 4 veces durante la temporada de cultivo, focalizando inmediatamente previo a y durante el desarrollo floral.<\/p>\n","protected":false},"excerpt":{"rendered":"<p>Un producto \u00fanico de transici\u00f3n formulado para su uso durante el per\u00edodo previo a la floraci\u00f3n y las etapas tempranas de la floraci\u00f3n para mejorar el desarrollo general de las flores. Al mejorar la iniciaci\u00f3n temprana de las flores, es posible mejorar las frutas, aumentar la uniformidad y cosecha del cultivo o producir plantas con flores abundantes durante toda la temporada.<\/p>\n","protected":false},"featured_media":12616,"comment_status":"open","ping_status":"closed","template":"","meta":{"_bst_post_transparent":"","_bst_post_title":"","_bst_post_layout":"","_bst_post_sidebar_id":"","_bst_post_content_style":"","_bst_post_vertical_padding":"","_bst_post_feature":"","_bst_post_feature_position":"","_bst_post_header":false,"_bst_post_footer":false},"pwb-brand":[171],"product_brand":[],"product_cat":[39],"product_tag":[],"class_list":{"0":"post-12617","1":"product","2":"type-product","3":"status-publish","4":"has-post-thumbnail","6":"pwb-brand-grotek","7":"product_cat-fertilizantes","9":"first","10":"instock","11":"sale","12":"taxable","13":"shipping-taxable","14":"purchasable","15":"product-type-simple","16":"entry","17":"content-bg","18":"loop-entry"},"brands":[{"id":171,"name":"Grotek","slug":"grotek"}],"_links":{"self":[{"href":"https:\/\/puregrowshop.com\/fr\/wp-json\/wp\/v2\/product\/12617","targetHints":{"allow":["GET"]}}],"collection":[{"href":"https:\/\/puregrowshop.com\/fr\/wp-json\/wp\/v2\/product"}],"about":[{"href":"https:\/\/puregrowshop.com\/fr\/wp-json\/wp\/v2\/types\/product"}],"replies":[{"embeddable":true,"href":"https:\/\/puregrowshop.com\/fr\/wp-json\/wp\/v2\/comments?post=12617"}],"wp:featuredmedia":[{"embeddable":true,"href":"https:\/\/puregrowshop.com\/fr\/wp-json\/wp\/v2\/media\/12616"}],"wp:attachment":[{"href":"https:\/\/puregrowshop.com\/fr\/wp-json\/wp\/v2\/media?parent=12617"}],"wp:term":[{"taxonomy":"pwb-brand","embeddable":true,"href":"https:\/\/puregrowshop.com\/fr\/wp-json\/wp\/v2\/pwb-brand?post=12617"},{"taxonomy":"product_brand","embeddable":true,"href":"https:\/\/puregrowshop.com\/fr\/wp-json\/wp\/v2\/product_brand?post=12617"},{"taxonomy":"product_cat","embeddable":true,"href":"https:\/\/puregrowshop.com\/fr\/wp-json\/wp\/v2\/product_cat?post=12617"},{"taxonomy":"product_tag","embeddable":true,"href":"https:\/\/puregrowshop.com\/fr\/wp-json\/wp\/v2\/product_tag?post=12617"}],"curies":[{"name":"wp","href":"https:\/\/api.w.org\/{rel}","templated":true}]}}