{"id":12611,"date":"2024-10-28T20:45:13","date_gmt":"2024-10-28T20:45:13","guid":{"rendered":"https:\/\/puregrowshop.com\/blossom-blaster-pro-4-lt-grotek\/"},"modified":"2025-12-27T20:12:59","modified_gmt":"2025-12-27T20:12:59","slug":"blossom-blaster-pro-4-lt-grotek","status":"publish","type":"product","link":"https:\/\/puregrowshop.com\/fr\/blossom-blaster-pro-4-lt-grotek\/","title":{"rendered":"Blossom Blaster Pro 4 lt. Grotek"},"content":{"rendered":"<p>Descubre el poder de &quot;Blossom Blaster Pro 4 lt. Grotek&quot;, un fertilizante de alta calidad dise\u00f1ado para maximizar el potencial de tus plantas durante la fase de floraci\u00f3n. Este producto es ideal para cultivadores profesionales que buscan resultados excepcionales en sus cosechas.<\/p>\n<ul>\n<li>Peso: 4.65 kg<\/li>\n<li>F\u00f3rmula concentrada para un rendimiento \u00f3ptimo<\/li>\n<li>Promueve un crecimiento vigoroso y una floraci\u00f3n abundante<\/li>\n<li>Compatible con una amplia variedad de plantas<\/li>\n<li>F\u00f3rmula l\u00edquida f\u00e1cil de mezclar y aplicar<\/li>\n<\/ul>\n<p>&quot;Blossom Blaster Pro&quot; se destaca por su capacidad para aumentar el tama\u00f1o y la densidad de las flores, asegurando una cosecha m\u00e1s rica y abundante. Su f\u00f3rmula avanzada est\u00e1 dise\u00f1ada para mejorar la absorci\u00f3n de nutrientes, lo que se traduce en plantas m\u00e1s saludables y productivas. Ideal para su uso en invernaderos, jardines, y cultivos hidrop\u00f3nicos.<\/p>\n<p>Para obtener los mejores resultados, sigue las instrucciones de uso espec\u00edficas que aparecen en el envase. Con &quot;Blossom Blaster Pro&quot;, transforma tu jard\u00edn en un oasis de flores vibrantes y saludables.<\/p>\n","protected":false},"excerpt":{"rendered":"<p>Desarrollo Temprano de las Flores<\/p>\n<p>Una f\u00f3rmula alta en f\u00f3sforo que desencadena la floraci\u00f3n y los procesos metab\u00f3licos clave, mejorando los sistemas propios de las plantas. Las tasas de nutrientes en este producto maximizan el metabolismo celular, asegurando picos en el desarrollo de las flores y mejorando la cosecha en general.<\/p>\n<p>AGITE BIEN antes de utilizar. Empiece a usar durante el inicio de la floraci\u00f3n, antes o al momento de la brotaci\u00f3n. Aplique 2 a 3 veces por ciclo de cultivo, entre la aparici\u00f3n de brotes y producci\u00f3n de fruto.<\/p>\n<p>Rociado Foliar:\u00a0\u00a0Mezcle 1\/8 cdta. por 1.25 cuartos de gal\u00f3n de agua (0.5 ml por 1 L) y roc\u00ede en el follaje de la planta. Cultivo en suelo\/sin suelo\/en agua:\u00a0Mezcle \u00bc cdta. por 1.25 cuartos de gal\u00f3n de agua (1 ml por 1 L). Ajuste el pH despu\u00e9s de mezclar, seg\u00fan sea necesario.<\/p>\n","protected":false},"featured_media":12610,"comment_status":"open","ping_status":"closed","template":"","meta":{"_bst_post_transparent":"","_bst_post_title":"","_bst_post_layout":"","_bst_post_sidebar_id":"","_bst_post_content_style":"","_bst_post_vertical_padding":"","_bst_post_feature":"","_bst_post_feature_position":"","_bst_post_header":false,"_bst_post_footer":false},"pwb-brand":[171],"product_brand":[],"product_cat":[39],"product_tag":[],"class_list":{"0":"post-12611","1":"product","2":"type-product","3":"status-publish","4":"has-post-thumbnail","6":"pwb-brand-grotek","7":"product_cat-fertilizantes","8":"product_shipping_class-entre-1-kg-y-5-kg","10":"first","11":"instock","12":"sale","13":"taxable","14":"shipping-taxable","15":"purchasable","16":"product-type-simple","17":"entry","18":"content-bg","19":"loop-entry"},"brands":[{"id":171,"name":"Grotek","slug":"grotek"}],"_links":{"self":[{"href":"https:\/\/puregrowshop.com\/fr\/wp-json\/wp\/v2\/product\/12611","targetHints":{"allow":["GET"]}}],"collection":[{"href":"https:\/\/puregrowshop.com\/fr\/wp-json\/wp\/v2\/product"}],"about":[{"href":"https:\/\/puregrowshop.com\/fr\/wp-json\/wp\/v2\/types\/product"}],"replies":[{"embeddable":true,"href":"https:\/\/puregrowshop.com\/fr\/wp-json\/wp\/v2\/comments?post=12611"}],"wp:featuredmedia":[{"embeddable":true,"href":"https:\/\/puregrowshop.com\/fr\/wp-json\/wp\/v2\/media\/12610"}],"wp:attachment":[{"href":"https:\/\/puregrowshop.com\/fr\/wp-json\/wp\/v2\/media?parent=12611"}],"wp:term":[{"taxonomy":"pwb-brand","embeddable":true,"href":"https:\/\/puregrowshop.com\/fr\/wp-json\/wp\/v2\/pwb-brand?post=12611"},{"taxonomy":"product_brand","embeddable":true,"href":"https:\/\/puregrowshop.com\/fr\/wp-json\/wp\/v2\/product_brand?post=12611"},{"taxonomy":"product_cat","embeddable":true,"href":"https:\/\/puregrowshop.com\/fr\/wp-json\/wp\/v2\/product_cat?post=12611"},{"taxonomy":"product_tag","embeddable":true,"href":"https:\/\/puregrowshop.com\/fr\/wp-json\/wp\/v2\/product_tag?post=12611"}],"curies":[{"name":"wp","href":"https:\/\/api.w.org\/{rel}","templated":true}]}}