{"id":12609,"date":"2024-10-28T20:45:12","date_gmt":"2024-10-28T20:45:12","guid":{"rendered":"https:\/\/puregrowshop.com\/heavy-bud-pro-1-lt-grotek\/"},"modified":"2025-12-27T20:29:04","modified_gmt":"2025-12-27T20:29:04","slug":"heavy-bud-pro-1-lt-grotek","status":"publish","type":"product","link":"https:\/\/puregrowshop.com\/fr\/heavy-bud-pro-1-lt-grotek\/","title":{"rendered":"Heavy Bud Pro  1 lt. Grotek"},"content":{"rendered":"<p>Descubre el poder de &quot;Heavy Bud Pro 1 lt. Grotek&quot;, un fertilizante avanzado dise\u00f1ado para maximizar el rendimiento y la calidad de tus cultivos. Este producto es una soluci\u00f3n ideal para cultivadores que buscan resultados excepcionales en sus cosechas.<\/p>\n<ul>\n<li>Peso: 1.29 kg, ofreciendo una cantidad adecuada para m\u00faltiples ciclos de cultivo.<\/li>\n<li>Contiene nutrientes esenciales que promueven el desarrollo \u00f3ptimo de las plantas.<\/li>\n<li>F\u00f3rmula concentrada que mejora la densidad y el tama\u00f1o de las flores.<\/li>\n<li>Compatible con diversos tipos de sistemas de cultivo, incluyendo hidrop\u00f3nicos y en tierra.<\/li>\n<\/ul>\n<p>&quot;Heavy Bud Pro&quot; es la elecci\u00f3n perfecta para aquellos que desean incrementar la producci\u00f3n de biomasa floral. Optimiza la absorci\u00f3n de nutrientes, asegurando que tus plantas se desarrollen con mayor vigor y resistencia. Este fertilizante est\u00e1 formulado para ser f\u00e1cil de usar, permitiendo una aplicaci\u00f3n precisa que maximiza el potencial de cada planta.<\/p>\n<p>Para obtener los mejores resultados, sigue las instrucciones de uso espec\u00edficas del fabricante. Almacena en un lugar fresco y seco, lejos de la luz directa para preservar su eficacia. Lleva tus cultivos al siguiente nivel con &quot;Heavy Bud Pro 1 lt. Grotek&quot; y experimenta una cosecha abundante y de alta calidad.<\/p>\n","protected":false},"excerpt":{"rendered":"<p>Siendo una fusi\u00f3n revolucionaria de nutrientes y carbohidratos, este suplemento de maduraci\u00f3n se ha dise\u00f1ado para mejorar la calidad, el sabor, el aroma y la vida propia de las frutas. El potasio, el calcio, el magnesio y el boro trabajan juntos para cargar az\u00facares en el floema al mismo tiempo que estabilizan las membranas celulares para asegurar la eficiente translocaci\u00f3n de los az\u00facares entre el tejido de las hojas y un metabolismo que optimice los floemas. Estos nutrientes est\u00e1n enriquecidos con un amino basado en una suspensi\u00f3n oligosac\u00e1rida dise\u00f1ada para mejorar la productividad de la planta y los niveles de brix.<\/p>\n<p>AGITE BIEN antes de usarlo. Cultivo en suelo\/sin suelo\/en agua:\u00a0Mezcle \u00bd cdta. por 1.25 cuartos de gal\u00f3n de agua (2 ml por 1 L). Usar de 3 a 4 veces durante la fase de maduraci\u00f3n. Use como parte de un programa de abono completo.<\/p>\n","protected":false},"featured_media":12608,"comment_status":"open","ping_status":"closed","template":"","meta":{"_bst_post_transparent":"","_bst_post_title":"","_bst_post_layout":"","_bst_post_sidebar_id":"","_bst_post_content_style":"","_bst_post_vertical_padding":"","_bst_post_feature":"","_bst_post_feature_position":"","_bst_post_header":false,"_bst_post_footer":false},"pwb-brand":[171],"product_brand":[],"product_cat":[39],"product_tag":[],"class_list":{"0":"post-12609","1":"product","2":"type-product","3":"status-publish","4":"has-post-thumbnail","6":"pwb-brand-grotek","7":"product_cat-fertilizantes","9":"first","10":"instock","11":"sale","12":"taxable","13":"shipping-taxable","14":"purchasable","15":"product-type-simple","16":"entry","17":"content-bg","18":"loop-entry"},"brands":[{"id":171,"name":"Grotek","slug":"grotek"}],"_links":{"self":[{"href":"https:\/\/puregrowshop.com\/fr\/wp-json\/wp\/v2\/product\/12609","targetHints":{"allow":["GET"]}}],"collection":[{"href":"https:\/\/puregrowshop.com\/fr\/wp-json\/wp\/v2\/product"}],"about":[{"href":"https:\/\/puregrowshop.com\/fr\/wp-json\/wp\/v2\/types\/product"}],"replies":[{"embeddable":true,"href":"https:\/\/puregrowshop.com\/fr\/wp-json\/wp\/v2\/comments?post=12609"}],"wp:featuredmedia":[{"embeddable":true,"href":"https:\/\/puregrowshop.com\/fr\/wp-json\/wp\/v2\/media\/12608"}],"wp:attachment":[{"href":"https:\/\/puregrowshop.com\/fr\/wp-json\/wp\/v2\/media?parent=12609"}],"wp:term":[{"taxonomy":"pwb-brand","embeddable":true,"href":"https:\/\/puregrowshop.com\/fr\/wp-json\/wp\/v2\/pwb-brand?post=12609"},{"taxonomy":"product_brand","embeddable":true,"href":"https:\/\/puregrowshop.com\/fr\/wp-json\/wp\/v2\/product_brand?post=12609"},{"taxonomy":"product_cat","embeddable":true,"href":"https:\/\/puregrowshop.com\/fr\/wp-json\/wp\/v2\/product_cat?post=12609"},{"taxonomy":"product_tag","embeddable":true,"href":"https:\/\/puregrowshop.com\/fr\/wp-json\/wp\/v2\/product_tag?post=12609"}],"curies":[{"name":"wp","href":"https:\/\/api.w.org\/{rel}","templated":true}]}}