{"id":12605,"date":"2024-10-28T20:45:11","date_gmt":"2024-10-28T20:45:11","guid":{"rendered":"https:\/\/puregrowshop.com\/bud-fuel-pro-10-lt-grotek\/"},"modified":"2025-12-27T20:12:59","modified_gmt":"2025-12-27T20:12:59","slug":"bud-fuel-pro-10-lt-grotek","status":"publish","type":"product","link":"https:\/\/puregrowshop.com\/fr\/bud-fuel-pro-10-lt-grotek\/","title":{"rendered":"Bud Fuel Pro 10 lt. Grotek"},"content":{"rendered":"<p>Dosis y modo de empleo:<br \/>En riego:\u00a0A\u00f1adir de 2 a 3ml por litro de agua cuando empiece la prefloraci\u00f3n y durante las primeras etapas de floraci\u00f3n.<\/p>\n<p>En Foliar:\u00a0A\u00f1adir 5ml por litro de agua y pulverizar\u00a0cuando empiece la prefloraci\u00f3n y durante las primeras etapas de floraci\u00f3n.<\/p>\n","protected":false},"excerpt":{"rendered":"<p>Producto\u00a0formulado especialmente\u00a0para su uso durante la\u00a0prefloraci\u00f3n y etapas tempranas de la floraci\u00f3n, con el cual se\u00a0mejorar\u00e1 el desarrollo general de los cogollos.<\/p>\n<p>Cuando se\u00a0mejora la incizaci\u00f3n temprana de las flores, se puede mejorar el fruto, aumentar su uniformidad y tener una\u00a0cosecha de una abundante cantidad de cogollos.<\/p>\n","protected":false},"featured_media":12604,"comment_status":"open","ping_status":"closed","template":"","meta":{"_bst_post_transparent":"","_bst_post_title":"","_bst_post_layout":"","_bst_post_sidebar_id":"","_bst_post_content_style":"","_bst_post_vertical_padding":"","_bst_post_feature":"","_bst_post_feature_position":"","_bst_post_header":false,"_bst_post_footer":false},"pwb-brand":[171],"product_brand":[],"product_cat":[39],"product_tag":[],"class_list":{"0":"post-12605","1":"product","2":"type-product","3":"status-publish","4":"has-post-thumbnail","6":"pwb-brand-grotek","7":"product_cat-fertilizantes","8":"product_shipping_class-entre-10-kg-y-20-kg","10":"first","11":"instock","12":"sale","13":"taxable","14":"shipping-taxable","15":"purchasable","16":"product-type-simple","17":"entry","18":"content-bg","19":"loop-entry"},"brands":[{"id":171,"name":"Grotek","slug":"grotek"}],"_links":{"self":[{"href":"https:\/\/puregrowshop.com\/fr\/wp-json\/wp\/v2\/product\/12605","targetHints":{"allow":["GET"]}}],"collection":[{"href":"https:\/\/puregrowshop.com\/fr\/wp-json\/wp\/v2\/product"}],"about":[{"href":"https:\/\/puregrowshop.com\/fr\/wp-json\/wp\/v2\/types\/product"}],"replies":[{"embeddable":true,"href":"https:\/\/puregrowshop.com\/fr\/wp-json\/wp\/v2\/comments?post=12605"}],"wp:featuredmedia":[{"embeddable":true,"href":"https:\/\/puregrowshop.com\/fr\/wp-json\/wp\/v2\/media\/12604"}],"wp:attachment":[{"href":"https:\/\/puregrowshop.com\/fr\/wp-json\/wp\/v2\/media?parent=12605"}],"wp:term":[{"taxonomy":"pwb-brand","embeddable":true,"href":"https:\/\/puregrowshop.com\/fr\/wp-json\/wp\/v2\/pwb-brand?post=12605"},{"taxonomy":"product_brand","embeddable":true,"href":"https:\/\/puregrowshop.com\/fr\/wp-json\/wp\/v2\/product_brand?post=12605"},{"taxonomy":"product_cat","embeddable":true,"href":"https:\/\/puregrowshop.com\/fr\/wp-json\/wp\/v2\/product_cat?post=12605"},{"taxonomy":"product_tag","embeddable":true,"href":"https:\/\/puregrowshop.com\/fr\/wp-json\/wp\/v2\/product_tag?post=12605"}],"curies":[{"name":"wp","href":"https:\/\/api.w.org\/{rel}","templated":true}]}}