{"id":12603,"date":"2024-10-28T20:45:11","date_gmt":"2024-10-28T20:45:11","guid":{"rendered":"https:\/\/puregrowshop.com\/heavy-bud-pro-10-lt-grotek\/"},"modified":"2025-12-27T20:29:04","modified_gmt":"2025-12-27T20:29:04","slug":"heavy-bud-pro-10-lt-grotek","status":"publish","type":"product","link":"https:\/\/puregrowshop.com\/fr\/heavy-bud-pro-10-lt-grotek\/","title":{"rendered":"Heavy Bud Pro 10 lt. Grotek"},"content":{"rendered":"<p>Heavy Bud Pro se ha dise\u00f1ado para mejorar la calidad, el sabor, el aroma y la vida propia\u00a0de nuestras plantas y nuestros cogollos.<\/p>\n<p>El\u00a0potasio, calcio, magnesio y el boro\u00a0son los elementos fundamentales en\u00a0la composici\u00f3n de\u00a0Heavy Bud Pro\u00a0enriquecidos tambi\u00e9n con una variedad de amino\u00e1cidos, y trabajan juntos para cargar az\u00facares en el floema, al mismo tiempo que\u00a0estabilizan las membranas celulares para asegurar su correcta asimillaci\u00f3n.<\/p>\n<p>Modo de uso:<br \/>En riego:\u00a0a\u00f1adir 2ml por litro de agua y usar de 3 a 4 veces durante la fase de maduraci\u00f3n de nuestras plantas.<\/p>\n","protected":false},"excerpt":{"rendered":"<p>Heavy Bud Pro de Grotek\u00a0es una fusi\u00f3n revolucionaria de nutrientes y carbohidratos que trabajan como\u00a0suplemento de maduraci\u00f3n para nuestro cultivo.<\/p>\n<p><\/p>\n","protected":false},"featured_media":12602,"comment_status":"open","ping_status":"closed","template":"","meta":{"_bst_post_transparent":"","_bst_post_title":"","_bst_post_layout":"","_bst_post_sidebar_id":"","_bst_post_content_style":"","_bst_post_vertical_padding":"","_bst_post_feature":"","_bst_post_feature_position":"","_bst_post_header":false,"_bst_post_footer":false},"pwb-brand":[171],"product_brand":[],"product_cat":[39],"product_tag":[],"class_list":{"0":"post-12603","1":"product","2":"type-product","3":"status-publish","4":"has-post-thumbnail","6":"pwb-brand-grotek","7":"product_cat-fertilizantes","8":"product_shipping_class-entre-10-kg-y-20-kg","10":"first","11":"instock","12":"sale","13":"taxable","14":"shipping-taxable","15":"purchasable","16":"product-type-simple","17":"entry","18":"content-bg","19":"loop-entry"},"brands":[{"id":171,"name":"Grotek","slug":"grotek"}],"_links":{"self":[{"href":"https:\/\/puregrowshop.com\/fr\/wp-json\/wp\/v2\/product\/12603","targetHints":{"allow":["GET"]}}],"collection":[{"href":"https:\/\/puregrowshop.com\/fr\/wp-json\/wp\/v2\/product"}],"about":[{"href":"https:\/\/puregrowshop.com\/fr\/wp-json\/wp\/v2\/types\/product"}],"replies":[{"embeddable":true,"href":"https:\/\/puregrowshop.com\/fr\/wp-json\/wp\/v2\/comments?post=12603"}],"wp:featuredmedia":[{"embeddable":true,"href":"https:\/\/puregrowshop.com\/fr\/wp-json\/wp\/v2\/media\/12602"}],"wp:attachment":[{"href":"https:\/\/puregrowshop.com\/fr\/wp-json\/wp\/v2\/media?parent=12603"}],"wp:term":[{"taxonomy":"pwb-brand","embeddable":true,"href":"https:\/\/puregrowshop.com\/fr\/wp-json\/wp\/v2\/pwb-brand?post=12603"},{"taxonomy":"product_brand","embeddable":true,"href":"https:\/\/puregrowshop.com\/fr\/wp-json\/wp\/v2\/product_brand?post=12603"},{"taxonomy":"product_cat","embeddable":true,"href":"https:\/\/puregrowshop.com\/fr\/wp-json\/wp\/v2\/product_cat?post=12603"},{"taxonomy":"product_tag","embeddable":true,"href":"https:\/\/puregrowshop.com\/fr\/wp-json\/wp\/v2\/product_tag?post=12603"}],"curies":[{"name":"wp","href":"https:\/\/api.w.org\/{rel}","templated":true}]}}