{"id":12601,"date":"2024-10-28T20:45:11","date_gmt":"2024-10-28T20:45:11","guid":{"rendered":"https:\/\/puregrowshop.com\/heavy-bud-pro-4-lt-grotek\/"},"modified":"2025-12-27T20:12:59","modified_gmt":"2025-12-27T20:12:59","slug":"heavy-bud-pro-4-lt-grotek","status":"publish","type":"product","link":"https:\/\/puregrowshop.com\/fr\/heavy-bud-pro-4-lt-grotek\/","title":{"rendered":"Heavy Bud Pro  4 lt. Grotek"},"content":{"rendered":"<p>Es un novedoso producto de Grotek, una revolucionaria fusi\u00f3n de carbohidratos y nutrientes que en cultivos en floraci\u00f3n, ayuda a aumentar considerablemente el sabor, el aroma y en definitiva la calidad de la cosecha. Contiene un NPK de 1-0-3 adem\u00e1s de oligoelementros como Calcio, Magnesio y Boro que trabajan conjuntamente para saturar de az\u00facares los floemas a la vez que estabilizan y fortaleces las membranas celulares que se traducir\u00e1n en unos resultados realmente espectaculares. Adem\u00e1s, contiene amino\u00e1cidos que mejorar\u00e1n la salud de las plantas y su asimilaci\u00f3n de nutrientes.<\/p>\n<p>Heavy Bud Pro de Grotek es el complemento que le faltaba al programa de cultivo Grotek. Junto con Solo tek-Bloom, Blossom Blaster Pro, Bud Fuel Pro, Monster Bloom y Vitamax Pro, conseguir\u00e1s unos cogollos mucho m\u00e1s contundentes que hasta ahora. Con otra cualquier gama de fertilizantes de otros fabricantes, funciona igual de bien y mejora considerablemente la cosecha. Se comienza a usar a mitad de floraci\u00f3n hasta el lavado de ra\u00edces y desde la primera semana ya podr\u00e1s comprobar como los aromas son mucho m\u00e1s intensos y la producci\u00f3n de resina se incrementa. En cuanto pruebes los cogollos, te terminar\u00e1 de convencer, te lo garantizamos. Heavy Bud Pro de Grotek es v\u00e1lido para cultivos en tierra, coco e hidrop\u00f3nico.<\/p>\n<p>MODO DE EMPLEO<br \/>Agitar antes de usar.<br \/>Empezar a usar a mitad de la floraci\u00f3n.\u00a0<br \/>En plantas de 8 semanas, empezar en la 4\u00aa, por ejemplo.<br \/>Usar 2 ml por litro en la 4\u00aa semana.<br \/>Usar 3 ml por litro en la 5\u00aa y 6\u00aa semana.<br \/>Continuar con 2 ml hasta el lavado de ra\u00edces previo a la cosecha.<br \/>Para un cultivo totalmente optimizado, recomendamos usar medidores de PH y EC.<\/p>\n","protected":false},"excerpt":{"rendered":"<p>Heavy Bud Pro de Grotek es un aditivo que mejora el sabor, aroma y potencia de los cogollos, totalmente v\u00e1lido para cultivos en tierra, coco e hidro con los productos de este u otros fabricantes.<\/p>\n","protected":false},"featured_media":12600,"comment_status":"open","ping_status":"closed","template":"","meta":{"_bst_post_transparent":"","_bst_post_title":"","_bst_post_layout":"","_bst_post_sidebar_id":"","_bst_post_content_style":"","_bst_post_vertical_padding":"","_bst_post_feature":"","_bst_post_feature_position":"","_bst_post_header":false,"_bst_post_footer":false},"pwb-brand":[171],"product_brand":[],"product_cat":[39],"product_tag":[],"class_list":{"0":"post-12601","1":"product","2":"type-product","3":"status-publish","4":"has-post-thumbnail","6":"pwb-brand-grotek","7":"product_cat-fertilizantes","9":"first","10":"instock","11":"sale","12":"taxable","13":"shipping-taxable","14":"purchasable","15":"product-type-simple","16":"entry","17":"content-bg","18":"loop-entry"},"brands":[{"id":171,"name":"Grotek","slug":"grotek"}],"_links":{"self":[{"href":"https:\/\/puregrowshop.com\/fr\/wp-json\/wp\/v2\/product\/12601","targetHints":{"allow":["GET"]}}],"collection":[{"href":"https:\/\/puregrowshop.com\/fr\/wp-json\/wp\/v2\/product"}],"about":[{"href":"https:\/\/puregrowshop.com\/fr\/wp-json\/wp\/v2\/types\/product"}],"replies":[{"embeddable":true,"href":"https:\/\/puregrowshop.com\/fr\/wp-json\/wp\/v2\/comments?post=12601"}],"wp:featuredmedia":[{"embeddable":true,"href":"https:\/\/puregrowshop.com\/fr\/wp-json\/wp\/v2\/media\/12600"}],"wp:attachment":[{"href":"https:\/\/puregrowshop.com\/fr\/wp-json\/wp\/v2\/media?parent=12601"}],"wp:term":[{"taxonomy":"pwb-brand","embeddable":true,"href":"https:\/\/puregrowshop.com\/fr\/wp-json\/wp\/v2\/pwb-brand?post=12601"},{"taxonomy":"product_brand","embeddable":true,"href":"https:\/\/puregrowshop.com\/fr\/wp-json\/wp\/v2\/product_brand?post=12601"},{"taxonomy":"product_cat","embeddable":true,"href":"https:\/\/puregrowshop.com\/fr\/wp-json\/wp\/v2\/product_cat?post=12601"},{"taxonomy":"product_tag","embeddable":true,"href":"https:\/\/puregrowshop.com\/fr\/wp-json\/wp\/v2\/product_tag?post=12601"}],"curies":[{"name":"wp","href":"https:\/\/api.w.org\/{rel}","templated":true}]}}