{"id":12595,"date":"2024-10-28T20:45:10","date_gmt":"2024-10-28T20:45:10","guid":{"rendered":"https:\/\/puregrowshop.com\/pro-silicate-10-lt-grotek\/"},"modified":"2025-12-27T20:12:51","modified_gmt":"2025-12-27T20:12:51","slug":"pro-silicate-10-lt-grotek","status":"publish","type":"product","link":"https:\/\/puregrowshop.com\/fr\/pro-silicate-10-lt-grotek\/","title":{"rendered":"Pro Silicate 10 lt. Grotek"},"content":{"rendered":"<p>Pro Silicate 10 lt. Grotek es un fertilizante esencial dise\u00f1ado para fortalecer tus plantas, mejorando su resistencia y promoviendo un crecimiento saludable. Ideal para agricultores y jardineros profesionales que buscan maximizar el rendimiento de sus cultivos.<\/p>\n<ul>\n<li>Formato: Contiene 10 litros de soluci\u00f3n concentrada.<\/li>\n<li>Peso del producto: 11.1 kg.<\/li>\n<li>Categor\u00eda: Fertilizantes de alta calidad.<\/li>\n<li>Composici\u00f3n: Rico en silicio, un mineral clave para el fortalecimiento celular.<\/li>\n<li>Aplicaci\u00f3n: Compatible con todos los tipos de cultivo y sistemas de riego.<\/li>\n<\/ul>\n<p>Pro Silicate de Grotek proporciona una barrera natural contra plagas y enfermedades, permitiendo a tus plantas desarrollar una estructura m\u00e1s robusta. Adem\u00e1s, mejora la absorci\u00f3n de nutrientes esenciales, optimizando el uso de agua y aumentando la tolerancia al estr\u00e9s ambiental.<\/p>\n<p>Este producto es f\u00e1cil de usar: simplemente diluye la cantidad recomendada seg\u00fan las instrucciones del fabricante y apl\u00edcalo durante la fase de crecimiento. Compatible con otros fertilizantes y aditivos, Pro Silicate es la elecci\u00f3n perfecta para quienes buscan resultados excepcionales en sus cosechas.<\/p>\n","protected":false},"excerpt":{"rendered":"<p>El potasio es un elemento esencial en la formaci\u00f3n de la estructura vegetal. Pro-Silicate\u2122 es una soluci\u00f3n de silicato de potasio que puede proporcionar potasio como un elemento esencial para las plantas. Este producto tambi\u00e9n puede coayudar a elevar el pH debido a su alcalinidad. Es mejor agregar este producto antes de agregar nutrientes a la reserva o alternativamente puede diluirlo antes de su aplicaci\u00f3n si ser\u00e1 a\u00f1adido despu\u00e9s de los nutrientes. Pro-Silicate tambi\u00e9n puede usarse para modificar el pH en una aplicacion foliar.<\/p>\n","protected":false},"featured_media":12594,"comment_status":"open","ping_status":"closed","template":"","meta":{"_bst_post_transparent":"","_bst_post_title":"","_bst_post_layout":"","_bst_post_sidebar_id":"","_bst_post_content_style":"","_bst_post_vertical_padding":"","_bst_post_feature":"","_bst_post_feature_position":"","_bst_post_header":false,"_bst_post_footer":false},"pwb-brand":[171],"product_brand":[],"product_cat":[39],"product_tag":[],"class_list":{"0":"post-12595","1":"product","2":"type-product","3":"status-publish","4":"has-post-thumbnail","6":"pwb-brand-grotek","7":"product_cat-fertilizantes","8":"product_shipping_class-entre-10-kg-y-20-kg","10":"first","11":"instock","12":"sale","13":"taxable","14":"shipping-taxable","15":"purchasable","16":"product-type-simple","17":"entry","18":"content-bg","19":"loop-entry"},"brands":[{"id":171,"name":"Grotek","slug":"grotek"}],"_links":{"self":[{"href":"https:\/\/puregrowshop.com\/fr\/wp-json\/wp\/v2\/product\/12595","targetHints":{"allow":["GET"]}}],"collection":[{"href":"https:\/\/puregrowshop.com\/fr\/wp-json\/wp\/v2\/product"}],"about":[{"href":"https:\/\/puregrowshop.com\/fr\/wp-json\/wp\/v2\/types\/product"}],"replies":[{"embeddable":true,"href":"https:\/\/puregrowshop.com\/fr\/wp-json\/wp\/v2\/comments?post=12595"}],"wp:featuredmedia":[{"embeddable":true,"href":"https:\/\/puregrowshop.com\/fr\/wp-json\/wp\/v2\/media\/12594"}],"wp:attachment":[{"href":"https:\/\/puregrowshop.com\/fr\/wp-json\/wp\/v2\/media?parent=12595"}],"wp:term":[{"taxonomy":"pwb-brand","embeddable":true,"href":"https:\/\/puregrowshop.com\/fr\/wp-json\/wp\/v2\/pwb-brand?post=12595"},{"taxonomy":"product_brand","embeddable":true,"href":"https:\/\/puregrowshop.com\/fr\/wp-json\/wp\/v2\/product_brand?post=12595"},{"taxonomy":"product_cat","embeddable":true,"href":"https:\/\/puregrowshop.com\/fr\/wp-json\/wp\/v2\/product_cat?post=12595"},{"taxonomy":"product_tag","embeddable":true,"href":"https:\/\/puregrowshop.com\/fr\/wp-json\/wp\/v2\/product_tag?post=12595"}],"curies":[{"name":"wp","href":"https:\/\/api.w.org\/{rel}","templated":true}]}}