{"id":12576,"date":"2024-10-28T20:45:05","date_gmt":"2024-10-28T20:45:05","guid":{"rendered":"https:\/\/puregrowshop.com\/monster-bloom-10-kg-grotek\/"},"modified":"2025-12-27T20:12:43","modified_gmt":"2025-12-27T20:12:43","slug":"monster-bloom-10-kg-grotek","status":"publish","type":"product","link":"https:\/\/puregrowshop.com\/fr\/monster-bloom-10-kg-grotek\/","title":{"rendered":"Monster Bloom 10 kg. Grotek"},"content":{"rendered":"<p>Descubra el poder de &quot;Monster Bloom 10 kg. Grotek&quot;, un fertilizante de alto rendimiento dise\u00f1ado para maximizar el potencial de floraci\u00f3n de sus plantas. Ideal para cultivadores que buscan resultados excepcionales, este producto es la elecci\u00f3n perfecta para impulsar la producci\u00f3n de flores de sus cultivos.<\/p>\n<ul>\n<li>Peso: 10.8 kg<\/li>\n<li>Alta concentraci\u00f3n de f\u00f3sforo y potasio<\/li>\n<li>F\u00f3rmula especializada para la fase de floraci\u00f3n<\/li>\n<li>Compatible con diversos sistemas de cultivo<\/li>\n<li>F\u00e1cil de disolver y aplicar<\/li>\n<\/ul>\n<p>&quot;Monster Bloom&quot; es su aliado en la b\u00fasqueda de flores m\u00e1s grandes y abundantes. Su alta concentraci\u00f3n de nutrientes esenciales favorece el desarrollo robusto de las flores, mejorando tanto el tama\u00f1o como la calidad. Ideal para jardines interiores y exteriores, este fertilizante se adapta a distintas condiciones de cultivo, asegurando un rendimiento \u00f3ptimo.<\/p>\n<p>Para obtener los mejores resultados, se recomienda seguir las instrucciones de dosificaci\u00f3n espec\u00edficas del producto y ajustar seg\u00fan las necesidades particulares de sus plantas. Con &quot;Monster Bloom&quot;, lleve su cultivo al siguiente nivel y disfrute de cosechas m\u00e1s ricas y satisfactorias.<\/p>\n","protected":false},"excerpt":{"rendered":"<p>Un enriquecedor de floraci\u00f3n de primera l\u00ednea, Monster Bloom\u2122 ha ganado una reputaci\u00f3n por su capacidad de fortalecer las plantas durante las etapas intermedias del desarrollo de flores. La alta concentraci\u00f3n de f\u00f3sforo juega un rol importante en el metabolismo de la planta. El potasio de la f\u00f3rmula mejora la calidad de las flores y frutas mientras influye en la fotos\u00edntesis, fortaleciendo la producci\u00f3n de almid\u00f3n dentro de la planta.<\/p>\n<p>Monster Bloom es altamente concentrado y su uso debe ir reduciendose antes de las \u00faltimas dos semanas de floraci\u00f3n. Esto asegurar\u00e1 que la planta tenga la oportunidad de metabolizar toda la potencia contenida en Monster Bloom. El resultado ser\u00e1 sabroso y abundante cultivo. Monster Bloom es un complemento y debe usarse como parte de un programa de fertilizaci\u00f3n completo.<\/p>\n","protected":false},"featured_media":12575,"comment_status":"open","ping_status":"closed","template":"","meta":{"_bst_post_transparent":"","_bst_post_title":"","_bst_post_layout":"","_bst_post_sidebar_id":"","_bst_post_content_style":"","_bst_post_vertical_padding":"","_bst_post_feature":"","_bst_post_feature_position":"","_bst_post_header":false,"_bst_post_footer":false},"pwb-brand":[171],"product_brand":[],"product_cat":[39],"product_tag":[],"class_list":{"0":"post-12576","1":"product","2":"type-product","3":"status-publish","4":"has-post-thumbnail","6":"pwb-brand-grotek","7":"product_cat-fertilizantes","9":"first","10":"instock","11":"sale","12":"taxable","13":"shipping-taxable","14":"purchasable","15":"product-type-simple","16":"entry","17":"content-bg","18":"loop-entry"},"brands":[{"id":171,"name":"Grotek","slug":"grotek"}],"_links":{"self":[{"href":"https:\/\/puregrowshop.com\/fr\/wp-json\/wp\/v2\/product\/12576","targetHints":{"allow":["GET"]}}],"collection":[{"href":"https:\/\/puregrowshop.com\/fr\/wp-json\/wp\/v2\/product"}],"about":[{"href":"https:\/\/puregrowshop.com\/fr\/wp-json\/wp\/v2\/types\/product"}],"replies":[{"embeddable":true,"href":"https:\/\/puregrowshop.com\/fr\/wp-json\/wp\/v2\/comments?post=12576"}],"wp:featuredmedia":[{"embeddable":true,"href":"https:\/\/puregrowshop.com\/fr\/wp-json\/wp\/v2\/media\/12575"}],"wp:attachment":[{"href":"https:\/\/puregrowshop.com\/fr\/wp-json\/wp\/v2\/media?parent=12576"}],"wp:term":[{"taxonomy":"pwb-brand","embeddable":true,"href":"https:\/\/puregrowshop.com\/fr\/wp-json\/wp\/v2\/pwb-brand?post=12576"},{"taxonomy":"product_brand","embeddable":true,"href":"https:\/\/puregrowshop.com\/fr\/wp-json\/wp\/v2\/product_brand?post=12576"},{"taxonomy":"product_cat","embeddable":true,"href":"https:\/\/puregrowshop.com\/fr\/wp-json\/wp\/v2\/product_cat?post=12576"},{"taxonomy":"product_tag","embeddable":true,"href":"https:\/\/puregrowshop.com\/fr\/wp-json\/wp\/v2\/product_tag?post=12576"}],"curies":[{"name":"wp","href":"https:\/\/api.w.org\/{rel}","templated":true}]}}