{"id":12570,"date":"2024-10-28T20:45:04","date_gmt":"2024-10-28T20:45:04","guid":{"rendered":"https:\/\/puregrowshop.com\/insta-green-1-lt-grotek\/"},"modified":"2026-02-17T09:23:22","modified_gmt":"2026-02-17T09:23:22","slug":"insta-green-1-lt-grotek","status":"publish","type":"product","link":"https:\/\/puregrowshop.com\/fr\/insta-green-1-lt-grotek\/","title":{"rendered":"Insta Green 1 lt. Grotek"},"content":{"rendered":"<p>El &quot;Insta Green 1 lt. Grotek&quot; es un fertilizante l\u00edquido de alta calidad dise\u00f1ado para revitalizar y nutrir sus plantas de manera efectiva. Ideal para cultivadores que buscan resultados visibles y r\u00e1pidos, este producto es una soluci\u00f3n confiable para mejorar la salud y el vigor de sus plantas.<\/p>\n<ul>\n<li>Formato l\u00edquido concentrado de 1 litro para f\u00e1cil aplicaci\u00f3n.<\/li>\n<li>Aumenta la producci\u00f3n de clorofila, promoviendo un verdor intenso.<\/li>\n<li>Compatible con una amplia variedad de plantas, tanto en interiores como exteriores.<\/li>\n<li>Formulado para corregir r\u00e1pidamente deficiencias nutricionales.<\/li>\n<li>Peso: 1.2 kg, lo que facilita su manejo y almacenamiento.<\/li>\n<\/ul>\n<p>El &quot;Insta Green 1 lt. Grotek&quot; es vital para quienes desean devolverle la vitalidad a sus plantas r\u00e1pidamente. Este fertilizante act\u00faa de inmediato, mejorando la absorci\u00f3n de nutrientes y estimulando un crecimiento saludable. Perfecto para esas situaciones en las que las hojas adquieren un tono amarillento o las plantas muestran signos de estr\u00e9s.<\/p>\n<p>Para maximizar su efectividad, se recomienda seguir las instrucciones del fabricante y ajustar la dosis seg\u00fan las necesidades espec\u00edficas de sus plantas. El producto es seguro para su uso regular y se integra f\u00e1cilmente en cualquier r\u00e9gimen de cuidado de plantas.<\/p>\n","protected":false},"excerpt":{"rendered":"<p>Insta-Green\u2122 se ha dise\u00f1ado para ayudar a los cultivadores cuando se requiera un aumento de nitr\u00f3geno para sus plantas. La f\u00f3rmula puede ayudar a disminuir el color amarillento y devolver un color verde exuberante a los esquejes, semilleros o plantas que demuestran indicios de subalimentaci\u00f3n. Utilice el producto hasta que las plantas hayan recuperado su vigor o alternativamente como una medida preventiva. El producto funciona mejor como aplicacion foliar, de esta forma se proporciona el m\u00e1ximo beneficio del hierro adicional de la f\u00f3rmula.<\/p>\n","protected":false},"featured_media":12569,"comment_status":"open","ping_status":"closed","template":"","meta":{"_bst_post_transparent":"","_bst_post_title":"","_bst_post_layout":"","_bst_post_sidebar_id":"","_bst_post_content_style":"","_bst_post_vertical_padding":"","_bst_post_feature":"","_bst_post_feature_position":"","_bst_post_header":false,"_bst_post_footer":false},"pwb-brand":[171],"product_brand":[],"product_cat":[39],"product_tag":[],"class_list":{"0":"post-12570","1":"product","2":"type-product","3":"status-publish","4":"has-post-thumbnail","6":"pwb-brand-grotek","7":"product_cat-fertilizantes","9":"first","10":"instock","11":"sale","12":"taxable","13":"shipping-taxable","14":"purchasable","15":"product-type-simple","16":"entry","17":"content-bg","18":"loop-entry"},"brands":[{"id":171,"name":"Grotek","slug":"grotek"}],"_links":{"self":[{"href":"https:\/\/puregrowshop.com\/fr\/wp-json\/wp\/v2\/product\/12570","targetHints":{"allow":["GET"]}}],"collection":[{"href":"https:\/\/puregrowshop.com\/fr\/wp-json\/wp\/v2\/product"}],"about":[{"href":"https:\/\/puregrowshop.com\/fr\/wp-json\/wp\/v2\/types\/product"}],"replies":[{"embeddable":true,"href":"https:\/\/puregrowshop.com\/fr\/wp-json\/wp\/v2\/comments?post=12570"}],"wp:featuredmedia":[{"embeddable":true,"href":"https:\/\/puregrowshop.com\/fr\/wp-json\/wp\/v2\/media\/12569"}],"wp:attachment":[{"href":"https:\/\/puregrowshop.com\/fr\/wp-json\/wp\/v2\/media?parent=12570"}],"wp:term":[{"taxonomy":"pwb-brand","embeddable":true,"href":"https:\/\/puregrowshop.com\/fr\/wp-json\/wp\/v2\/pwb-brand?post=12570"},{"taxonomy":"product_brand","embeddable":true,"href":"https:\/\/puregrowshop.com\/fr\/wp-json\/wp\/v2\/product_brand?post=12570"},{"taxonomy":"product_cat","embeddable":true,"href":"https:\/\/puregrowshop.com\/fr\/wp-json\/wp\/v2\/product_cat?post=12570"},{"taxonomy":"product_tag","embeddable":true,"href":"https:\/\/puregrowshop.com\/fr\/wp-json\/wp\/v2\/product_tag?post=12570"}],"curies":[{"name":"wp","href":"https:\/\/api.w.org\/{rel}","templated":true}]}}