{"id":12566,"date":"2024-10-28T20:45:03","date_gmt":"2024-10-28T20:45:03","guid":{"rendered":"https:\/\/puregrowshop.com\/monster-bloom-2-5-kg-grotek\/"},"modified":"2025-12-27T20:12:43","modified_gmt":"2025-12-27T20:12:43","slug":"monster-bloom-2-5-kg-grotek","status":"publish","type":"product","link":"https:\/\/puregrowshop.com\/fr\/monster-bloom-2-5-kg-grotek\/","title":{"rendered":"Monster Bloom  2.5 kg. Grotek"},"content":{"rendered":"<p>Monster Bloom de 2.5 kg de Grotek es un fertilizante concentrado dise\u00f1ado para maximizar el potencial de floraci\u00f3n de tus plantas. Ideal para cultivadores que buscan mejorar el rendimiento de sus cultivos, este producto es esencial para llevar tus plantas al siguiente nivel de producci\u00f3n.<\/p>\n<ul>\n<li>Peso: 2.74 kg, lo que te garantiza una cantidad suficiente para m\u00faltiples aplicaciones.<\/li>\n<li>F\u00f3rmula altamente concentrada, asegurando una liberaci\u00f3n efectiva de nutrientes.<\/li>\n<li>Especialmente formulado para la fase de floraci\u00f3n, optimizando el desarrollo de las flores.<\/li>\n<li>Compatible con diversos tipos de cultivo, tanto en interiores como exteriores.<\/li>\n<\/ul>\n<p>Monster Bloom potencia el tama\u00f1o y la densidad de las flores, lo que resulta en cosechas m\u00e1s abundantes y de mejor calidad. Su uso constante durante la fase de floraci\u00f3n promueve una absorci\u00f3n \u00f3ptima de nutrientes, fortaleciendo las plantas y mejorando su resistencia.<\/p>\n<p>Para obtener los mejores resultados, disuelve la cantidad recomendada en agua y aplica durante la fase de floraci\u00f3n, siguiendo las instrucciones del fabricante. Aseg\u00farate de almacenar el producto en un lugar fresco y seco para mantener su efectividad. Monster Bloom es la elecci\u00f3n perfecta para quienes buscan un rendimiento superior en su jard\u00edn.<\/p>\n","protected":false},"excerpt":{"rendered":"<p>Un enriquecedor de floraci\u00f3n de primera l\u00ednea, Monster Bloom\u2122 ha ganado una reputaci\u00f3n por su capacidad de fortalecer las plantas durante las etapas intermedias del desarrollo de flores. La alta concentraci\u00f3n de f\u00f3sforo juega un rol importante en el metabolismo de la planta. El potasio de la f\u00f3rmula mejora la calidad de las flores y frutas mientras influye en la fotos\u00edntesis, fortaleciendo la producci\u00f3n de almid\u00f3n dentro de la planta.<\/p>\n<p>Monster Bloom es altamente concentrado y su uso debe ir reduciendose antes de las \u00faltimas dos semanas de floraci\u00f3n. Esto asegurar\u00e1 que la planta tenga la oportunidad de metabolizar toda la potencia contenida en Monster Bloom. El resultado ser\u00e1 sabroso y abundante cultivo. Monster Bloom es un complemento y debe usarse como parte de un programa de fertilizaci\u00f3n completo.<\/p>\n","protected":false},"featured_media":12565,"comment_status":"open","ping_status":"closed","template":"","meta":{"_bst_post_transparent":"","_bst_post_title":"","_bst_post_layout":"","_bst_post_sidebar_id":"","_bst_post_content_style":"","_bst_post_vertical_padding":"","_bst_post_feature":"","_bst_post_feature_position":"","_bst_post_header":false,"_bst_post_footer":false},"pwb-brand":[171],"product_brand":[],"product_cat":[39],"product_tag":[],"class_list":{"0":"post-12566","1":"product","2":"type-product","3":"status-publish","4":"has-post-thumbnail","6":"pwb-brand-grotek","7":"product_cat-fertilizantes","8":"product_shipping_class-entre-1-kg-y-5-kg","10":"first","11":"instock","12":"sale","13":"taxable","14":"shipping-taxable","15":"purchasable","16":"product-type-simple","17":"entry","18":"content-bg","19":"loop-entry"},"brands":[{"id":171,"name":"Grotek","slug":"grotek"}],"_links":{"self":[{"href":"https:\/\/puregrowshop.com\/fr\/wp-json\/wp\/v2\/product\/12566","targetHints":{"allow":["GET"]}}],"collection":[{"href":"https:\/\/puregrowshop.com\/fr\/wp-json\/wp\/v2\/product"}],"about":[{"href":"https:\/\/puregrowshop.com\/fr\/wp-json\/wp\/v2\/types\/product"}],"replies":[{"embeddable":true,"href":"https:\/\/puregrowshop.com\/fr\/wp-json\/wp\/v2\/comments?post=12566"}],"wp:featuredmedia":[{"embeddable":true,"href":"https:\/\/puregrowshop.com\/fr\/wp-json\/wp\/v2\/media\/12565"}],"wp:attachment":[{"href":"https:\/\/puregrowshop.com\/fr\/wp-json\/wp\/v2\/media?parent=12566"}],"wp:term":[{"taxonomy":"pwb-brand","embeddable":true,"href":"https:\/\/puregrowshop.com\/fr\/wp-json\/wp\/v2\/pwb-brand?post=12566"},{"taxonomy":"product_brand","embeddable":true,"href":"https:\/\/puregrowshop.com\/fr\/wp-json\/wp\/v2\/product_brand?post=12566"},{"taxonomy":"product_cat","embeddable":true,"href":"https:\/\/puregrowshop.com\/fr\/wp-json\/wp\/v2\/product_cat?post=12566"},{"taxonomy":"product_tag","embeddable":true,"href":"https:\/\/puregrowshop.com\/fr\/wp-json\/wp\/v2\/product_tag?post=12566"}],"curies":[{"name":"wp","href":"https:\/\/api.w.org\/{rel}","templated":true}]}}