{"id":12564,"date":"2024-10-28T20:45:03","date_gmt":"2024-10-28T20:45:03","guid":{"rendered":"https:\/\/puregrowshop.com\/monster-bloom-5-kg-grotek\/"},"modified":"2025-12-27T20:12:43","modified_gmt":"2025-12-27T20:12:43","slug":"monster-bloom-5-kg-grotek","status":"publish","type":"product","link":"https:\/\/puregrowshop.com\/fr\/monster-bloom-5-kg-grotek\/","title":{"rendered":"Monster Bloom  5 kg. Grotek"},"content":{"rendered":"<p>Monster Bloom 5 kg de Grotek es un fertilizante de alto rendimiento dise\u00f1ado para maximizar el potencial de tus plantas durante la fase de floraci\u00f3n. Ideal para jardineros profesionales y aficionados, este producto promueve el desarrollo vigoroso de flores, asegurando cosechas abundantes y de alta calidad.<\/p>\n<ul>\n<li>Peso: 5.32 kg<\/li>\n<li>Categor\u00edas: Fertilizantes<\/li>\n<li>Incrementa la producci\u00f3n de flores<\/li>\n<li>Mejora la calidad del fruto<\/li>\n<li>Compatible con diversos sistemas de cultivo<\/li>\n<\/ul>\n<p>Monster Bloom act\u00faa como un potenciador de floraci\u00f3n al proporcionar nutrientes esenciales que fomentan un crecimiento robusto y una mayor producci\u00f3n de flores. Es ideal para aquellos que buscan mejorar el rendimiento y la calidad de sus cultivos, asegurando que las plantas alcancen su m\u00e1ximo potencial.<\/p>\n<p>Composici\u00f3n: Formulado con una alta concentraci\u00f3n de f\u00f3sforo y potasio, elementos clave para el desarrollo de flores grandes y saludables.<\/p>\n<p>Instrucciones de uso y dosificaci\u00f3n: Mezcle 6 gramos de Monster Bloom por cada 19 litros de agua durante la fase de floraci\u00f3n. Aplicar cada dos semanas para obtener resultados \u00f3ptimos. Ajuste seg\u00fan las necesidades espec\u00edficas de sus plantas y el sistema de cultivo utilizado.<\/p>\n","protected":false},"excerpt":{"rendered":"<p>Un enriquecedor de floraci\u00f3n de primera l\u00ednea, Monster Bloom\u2122 ha ganado una reputaci\u00f3n por su capacidad de fortalecer las plantas durante las etapas intermedias del desarrollo de flores. La alta concentraci\u00f3n de f\u00f3sforo juega un rol importante en el metabolismo de la planta. El potasio de la f\u00f3rmula mejora la calidad de las flores y frutas mientras influye en la fotos\u00edntesis, fortaleciendo la producci\u00f3n de almid\u00f3n dentro de la planta.<\/p>\n<p>Monster Bloom es altamente concentrado y su uso debe ir reduciendose antes de las \u00faltimas dos semanas de floraci\u00f3n. Esto asegurar\u00e1 que la planta tenga la oportunidad de metabolizar toda la potencia contenida en Monster Bloom. El resultado ser\u00e1 sabroso y abundante cultivo. Monster Bloom es un complemento y debe usarse como parte de un programa de fertilizaci\u00f3n completo.<\/p>\n","protected":false},"featured_media":12563,"comment_status":"open","ping_status":"closed","template":"","meta":{"_bst_post_transparent":"","_bst_post_title":"","_bst_post_layout":"","_bst_post_sidebar_id":"","_bst_post_content_style":"","_bst_post_vertical_padding":"","_bst_post_feature":"","_bst_post_feature_position":"","_bst_post_header":false,"_bst_post_footer":false},"pwb-brand":[171],"product_brand":[],"product_cat":[39],"product_tag":[],"class_list":{"0":"post-12564","1":"product","2":"type-product","3":"status-publish","4":"has-post-thumbnail","6":"pwb-brand-grotek","7":"product_cat-fertilizantes","9":"first","10":"instock","11":"sale","12":"taxable","13":"shipping-taxable","14":"purchasable","15":"product-type-simple","16":"entry","17":"content-bg","18":"loop-entry"},"brands":[{"id":171,"name":"Grotek","slug":"grotek"}],"_links":{"self":[{"href":"https:\/\/puregrowshop.com\/fr\/wp-json\/wp\/v2\/product\/12564","targetHints":{"allow":["GET"]}}],"collection":[{"href":"https:\/\/puregrowshop.com\/fr\/wp-json\/wp\/v2\/product"}],"about":[{"href":"https:\/\/puregrowshop.com\/fr\/wp-json\/wp\/v2\/types\/product"}],"replies":[{"embeddable":true,"href":"https:\/\/puregrowshop.com\/fr\/wp-json\/wp\/v2\/comments?post=12564"}],"wp:featuredmedia":[{"embeddable":true,"href":"https:\/\/puregrowshop.com\/fr\/wp-json\/wp\/v2\/media\/12563"}],"wp:attachment":[{"href":"https:\/\/puregrowshop.com\/fr\/wp-json\/wp\/v2\/media?parent=12564"}],"wp:term":[{"taxonomy":"pwb-brand","embeddable":true,"href":"https:\/\/puregrowshop.com\/fr\/wp-json\/wp\/v2\/pwb-brand?post=12564"},{"taxonomy":"product_brand","embeddable":true,"href":"https:\/\/puregrowshop.com\/fr\/wp-json\/wp\/v2\/product_brand?post=12564"},{"taxonomy":"product_cat","embeddable":true,"href":"https:\/\/puregrowshop.com\/fr\/wp-json\/wp\/v2\/product_cat?post=12564"},{"taxonomy":"product_tag","embeddable":true,"href":"https:\/\/puregrowshop.com\/fr\/wp-json\/wp\/v2\/product_tag?post=12564"}],"curies":[{"name":"wp","href":"https:\/\/api.w.org\/{rel}","templated":true}]}}