{"id":12554,"date":"2024-10-28T20:45:00","date_gmt":"2024-10-28T20:45:00","guid":{"rendered":"https:\/\/puregrowshop.com\/monster-grow-pro-130-gr-grotek\/"},"modified":"2025-12-27T20:12:34","modified_gmt":"2025-12-27T20:12:34","slug":"monster-grow-pro-130-gr-grotek","status":"publish","type":"product","link":"https:\/\/puregrowshop.com\/fr\/monster-grow-pro-130-gr-grotek\/","title":{"rendered":"Monster Grow Pro  130 gr. Grotek"},"content":{"rendered":"<p>Presentamos el &quot;Monster Grow Pro 130 gr. Grotek&quot;, un fertilizante de alto rendimiento dise\u00f1ado para maximizar el crecimiento y desarrollo de tus plantas. Especialmente formulado para proporcionar todos los nutrientes esenciales, este producto es ideal para cultivadores que buscan resultados profesionales.<\/p>\n<ul>\n<li>Peso: 130 gramos<\/li>\n<li>Categor\u00eda: Fertilizantes<\/li>\n<li>Alta concentraci\u00f3n de nutrientes<\/li>\n<li>F\u00f3rmula soluble en agua para una f\u00e1cil aplicaci\u00f3n<\/li>\n<li>Compatible con diferentes tipos de cultivos<\/li>\n<\/ul>\n<h4>Beneficios y Usos<\/h4>\n<p>El Monster Grow Pro es perfecto para impulsar el crecimiento vegetativo de tus plantas, garantizando un desarrollo vigoroso y un sistema radicular robusto. Su formulaci\u00f3n \u00fanica permite una absorci\u00f3n r\u00e1pida de nutrientes, favoreciendo un crecimiento m\u00e1s r\u00e1pido y saludable.<\/p>\n<p>Composici\u00f3n:<\/p>\n<p>Este fertilizante est\u00e1 compuesto por una mezcla equilibrada de nitr\u00f3geno, f\u00f3sforo, potasio y micronutrientes esenciales, cada uno cuidadosamente seleccionado para optimizar el crecimiento de las plantas.<\/p>\n<p>Instrucciones de uso y dosificaci\u00f3n:<\/p>\n<p>Disolver 1-2 gramos de Monster Grow Pro por litro de agua. Aplicar una vez por semana durante la fase de crecimiento vegetativo. Ajustar la dosificaci\u00f3n seg\u00fan las necesidades espec\u00edficas de tus plantas y condiciones de cultivo.<\/p>\n","protected":false},"excerpt":{"rendered":"<p>Monster Grow\u2122 proporciona nutrici\u00f3n para las plantas durante los per\u00edodos de m\u00e1ximo crecimiento vegetal. Estos nutrientes favorecen un crecimiento vigoroso y el calcio y magnesio a\u00f1adidos evitan las deficiencias nutritivas. Una f\u00f3rmula elaborada con la mitad de su concentraci\u00f3n normal, puede usarse para los esquejes nuevamente enraizados y la f\u00f3rmula con concentraci\u00f3n normal, asegura el crecimiento eficaz antes de entrar la etapa de floraci\u00f3n.<\/p>\n","protected":false},"featured_media":12553,"comment_status":"open","ping_status":"closed","template":"","meta":{"_bst_post_transparent":"","_bst_post_title":"","_bst_post_layout":"","_bst_post_sidebar_id":"","_bst_post_content_style":"","_bst_post_vertical_padding":"","_bst_post_feature":"","_bst_post_feature_position":"","_bst_post_header":false,"_bst_post_footer":false},"pwb-brand":[171],"product_brand":[],"product_cat":[39],"product_tag":[],"class_list":{"0":"post-12554","1":"product","2":"type-product","3":"status-publish","4":"has-post-thumbnail","6":"pwb-brand-grotek","7":"product_cat-fertilizantes","9":"first","10":"instock","11":"sale","12":"taxable","13":"shipping-taxable","14":"purchasable","15":"product-type-simple","16":"entry","17":"content-bg","18":"loop-entry"},"brands":[{"id":171,"name":"Grotek","slug":"grotek"}],"_links":{"self":[{"href":"https:\/\/puregrowshop.com\/fr\/wp-json\/wp\/v2\/product\/12554","targetHints":{"allow":["GET"]}}],"collection":[{"href":"https:\/\/puregrowshop.com\/fr\/wp-json\/wp\/v2\/product"}],"about":[{"href":"https:\/\/puregrowshop.com\/fr\/wp-json\/wp\/v2\/types\/product"}],"replies":[{"embeddable":true,"href":"https:\/\/puregrowshop.com\/fr\/wp-json\/wp\/v2\/comments?post=12554"}],"wp:featuredmedia":[{"embeddable":true,"href":"https:\/\/puregrowshop.com\/fr\/wp-json\/wp\/v2\/media\/12553"}],"wp:attachment":[{"href":"https:\/\/puregrowshop.com\/fr\/wp-json\/wp\/v2\/media?parent=12554"}],"wp:term":[{"taxonomy":"pwb-brand","embeddable":true,"href":"https:\/\/puregrowshop.com\/fr\/wp-json\/wp\/v2\/pwb-brand?post=12554"},{"taxonomy":"product_brand","embeddable":true,"href":"https:\/\/puregrowshop.com\/fr\/wp-json\/wp\/v2\/product_brand?post=12554"},{"taxonomy":"product_cat","embeddable":true,"href":"https:\/\/puregrowshop.com\/fr\/wp-json\/wp\/v2\/product_cat?post=12554"},{"taxonomy":"product_tag","embeddable":true,"href":"https:\/\/puregrowshop.com\/fr\/wp-json\/wp\/v2\/product_tag?post=12554"}],"curies":[{"name":"wp","href":"https:\/\/api.w.org\/{rel}","templated":true}]}}