{"id":12552,"date":"2024-10-28T20:45:00","date_gmt":"2024-10-28T20:45:00","guid":{"rendered":"https:\/\/puregrowshop.com\/monster-bloom-500-gr-grotek\/"},"modified":"2025-12-27T20:12:34","modified_gmt":"2025-12-27T20:12:34","slug":"monster-bloom-500-gr-grotek","status":"publish","type":"product","link":"https:\/\/puregrowshop.com\/fr\/monster-bloom-500-gr-grotek\/","title":{"rendered":"Monster Bloom   500 gr. Grotek"},"content":{"rendered":"<p>Presentamos Monster Bloom 500 gr. de Grotek, un fertilizante de alta calidad dise\u00f1ado para maximizar el potencial de floraci\u00f3n de sus plantas. Ideal para cultivadores que buscan mejorar la producci\u00f3n y calidad de sus cosechas, este producto es una herramienta esencial en el arsenal de cualquier horticultor.<\/p>\n<ul>\n<li>Peso: 0.56 kg<\/li>\n<li>Categor\u00eda: Fertilizantes<\/li>\n<li>F\u00f3rmula concentrada para resultados \u00f3ptimos<\/li>\n<li>Compatible con todo tipo de cultivos y sistemas de riego<\/li>\n<\/ul>\n<p>Monster Bloom est\u00e1 formulado para estimular una floraci\u00f3n abundante, aumentando el tama\u00f1o y densidad de las flores. Su uso regular garantiza cosechas m\u00e1s voluminosas y de mejor calidad, proporcionando a sus plantas los nutrientes cr\u00edticos necesarios durante la fase de floraci\u00f3n.<\/p>\n<p>La composici\u00f3n de Monster Bloom incluye una mezcla equilibrada de f\u00f3sforo y potasio, elementos esenciales para promover un crecimiento vigoroso y una floraci\u00f3n prol\u00edfica.<\/p>\n<p>Para su uso, disuelva 6 gramos de Monster Bloom por cada 19 litros de agua. Aplique esta soluci\u00f3n una vez a la semana durante la etapa de floraci\u00f3n, asegur\u00e1ndose de no exceder la dosis recomendada para evitar sobrealimentar las plantas.<\/p>\n","protected":false},"excerpt":{"rendered":"<p>Un enriquecedor de floraci\u00f3n de primera l\u00ednea, Monster Bloom\u2122 ha ganado una reputaci\u00f3n por su capacidad de fortalecer las plantas durante las etapas intermedias del desarrollo de flores. La alta concentraci\u00f3n de f\u00f3sforo juega un rol importante en el metabolismo de la planta. El potasio de la f\u00f3rmula mejora la calidad de las flores y frutas mientras influye en la fotos\u00edntesis, fortaleciendo la producci\u00f3n de almid\u00f3n dentro de la planta.<\/p>\n<p>Monster Bloom es altamente concentrado y su uso debe ir reduciendose antes de las \u00faltimas dos semanas de floraci\u00f3n. Esto asegurar\u00e1 que la planta tenga la oportunidad de metabolizar toda la potencia contenida en Monster Bloom. El resultado ser\u00e1 sabroso y abundante cultivo. Monster Bloom es un complemento y debe usarse como parte de un programa de fertilizaci\u00f3n completo.<\/p>\n","protected":false},"featured_media":12551,"comment_status":"open","ping_status":"closed","template":"","meta":{"_bst_post_transparent":"","_bst_post_title":"","_bst_post_layout":"","_bst_post_sidebar_id":"","_bst_post_content_style":"","_bst_post_vertical_padding":"","_bst_post_feature":"","_bst_post_feature_position":"","_bst_post_header":false,"_bst_post_footer":false},"pwb-brand":[171],"product_brand":[],"product_cat":[39],"product_tag":[],"class_list":{"0":"post-12552","1":"product","2":"type-product","3":"status-publish","4":"has-post-thumbnail","6":"pwb-brand-grotek","7":"product_cat-fertilizantes","9":"first","10":"instock","11":"sale","12":"taxable","13":"shipping-taxable","14":"purchasable","15":"product-type-simple","16":"entry","17":"content-bg","18":"loop-entry"},"brands":[{"id":171,"name":"Grotek","slug":"grotek"}],"_links":{"self":[{"href":"https:\/\/puregrowshop.com\/fr\/wp-json\/wp\/v2\/product\/12552","targetHints":{"allow":["GET"]}}],"collection":[{"href":"https:\/\/puregrowshop.com\/fr\/wp-json\/wp\/v2\/product"}],"about":[{"href":"https:\/\/puregrowshop.com\/fr\/wp-json\/wp\/v2\/types\/product"}],"replies":[{"embeddable":true,"href":"https:\/\/puregrowshop.com\/fr\/wp-json\/wp\/v2\/comments?post=12552"}],"wp:featuredmedia":[{"embeddable":true,"href":"https:\/\/puregrowshop.com\/fr\/wp-json\/wp\/v2\/media\/12551"}],"wp:attachment":[{"href":"https:\/\/puregrowshop.com\/fr\/wp-json\/wp\/v2\/media?parent=12552"}],"wp:term":[{"taxonomy":"pwb-brand","embeddable":true,"href":"https:\/\/puregrowshop.com\/fr\/wp-json\/wp\/v2\/pwb-brand?post=12552"},{"taxonomy":"product_brand","embeddable":true,"href":"https:\/\/puregrowshop.com\/fr\/wp-json\/wp\/v2\/product_brand?post=12552"},{"taxonomy":"product_cat","embeddable":true,"href":"https:\/\/puregrowshop.com\/fr\/wp-json\/wp\/v2\/product_cat?post=12552"},{"taxonomy":"product_tag","embeddable":true,"href":"https:\/\/puregrowshop.com\/fr\/wp-json\/wp\/v2\/product_tag?post=12552"}],"curies":[{"name":"wp","href":"https:\/\/api.w.org\/{rel}","templated":true}]}}