{"id":12550,"date":"2024-10-28T20:45:00","date_gmt":"2024-10-28T20:45:00","guid":{"rendered":"https:\/\/puregrowshop.com\/monster-bloom-130-gr-grotek\/"},"modified":"2025-12-27T20:12:34","modified_gmt":"2025-12-27T20:12:34","slug":"monster-bloom-130-gr-grotek","status":"publish","type":"product","link":"https:\/\/puregrowshop.com\/fr\/monster-bloom-130-gr-grotek\/","title":{"rendered":"Monster Bloom   130 gr. Grotek"},"content":{"rendered":"<p>Presentamos Monster Bloom 130 gr. de Grotek, el fertilizante de alto rendimiento dise\u00f1ado para maximizar el potencial de floraci\u00f3n de tus plantas. Ideal para cultivadores exigentes que buscan resultados excepcionales, este producto es un aliado indispensable para obtener cosechas abundantes y de calidad superior.<\/p>\n<ul>\n<li>Peso: 0.19 kg<\/li>\n<li>Categor\u00eda: Fertilizantes<\/li>\n<li>Formato: Polvo soluble<\/li>\n<li>Alta concentraci\u00f3n de f\u00f3sforo y potasio<\/li>\n<\/ul>\n<p>Los beneficios de Monster Bloom son notables: promueve la formaci\u00f3n de grandes flores y optimiza el desarrollo de los frutos, asegurando una cosecha rica y nutritiva. Su alta concentraci\u00f3n de nutrientes clave es perfecta para plantas en etapas avanzadas de floraci\u00f3n, mejorando no solo la cantidad sino tambi\u00e9n la calidad del cultivo.<\/p>\n<p>La composici\u00f3n de Monster Bloom incluye una f\u00f3rmula balanceada de f\u00f3sforo y potasio, elementos esenciales para el crecimiento de las plantas durante la fase de floraci\u00f3n.<\/p>\n<p>Para obtener los mejores resultados, disolver 6 gramos de Monster Bloom por cada 19 litros de agua. Aplicar durante las \u00faltimas 3 a 4 semanas de la fase de floraci\u00f3n. Aseg\u00farese de seguir las indicaciones de uso para maximizar el rendimiento de su cultivo y evitar la sobrefertilizaci\u00f3n.<\/p>\n","protected":false},"excerpt":{"rendered":"<p>Un enriquecedor de floraci\u00f3n de primera l\u00ednea, Monster Bloom\u2122 ha ganado una reputaci\u00f3n por su capacidad de fortalecer las plantas durante las etapas intermedias del desarrollo de flores. La alta concentraci\u00f3n de f\u00f3sforo juega un rol importante en el metabolismo de la planta. El potasio de la f\u00f3rmula mejora la calidad de las flores y frutas mientras influye en la fotos\u00edntesis, fortaleciendo la producci\u00f3n de almid\u00f3n dentro de la planta.<\/p>\n<p>Monster Bloom es altamente concentrado y su uso debe ir reduciendose antes de las \u00faltimas dos semanas de floraci\u00f3n. Esto asegurar\u00e1 que la planta tenga la oportunidad de metabolizar toda la potencia contenida en Monster Bloom. El resultado ser\u00e1 sabroso y abundante cultivo. Monster Bloom es un complemento y debe usarse como parte de un programa de fertilizaci\u00f3n completo.<\/p>\n","protected":false},"featured_media":12549,"comment_status":"open","ping_status":"closed","template":"","meta":{"_bst_post_transparent":"","_bst_post_title":"","_bst_post_layout":"","_bst_post_sidebar_id":"","_bst_post_content_style":"","_bst_post_vertical_padding":"","_bst_post_feature":"","_bst_post_feature_position":"","_bst_post_header":false,"_bst_post_footer":false},"pwb-brand":[171],"product_brand":[],"product_cat":[39],"product_tag":[],"class_list":{"0":"post-12550","1":"product","2":"type-product","3":"status-publish","4":"has-post-thumbnail","6":"pwb-brand-grotek","7":"product_cat-fertilizantes","9":"first","10":"instock","11":"sale","12":"taxable","13":"shipping-taxable","14":"purchasable","15":"product-type-simple","16":"entry","17":"content-bg","18":"loop-entry"},"brands":[{"id":171,"name":"Grotek","slug":"grotek"}],"_links":{"self":[{"href":"https:\/\/puregrowshop.com\/fr\/wp-json\/wp\/v2\/product\/12550","targetHints":{"allow":["GET"]}}],"collection":[{"href":"https:\/\/puregrowshop.com\/fr\/wp-json\/wp\/v2\/product"}],"about":[{"href":"https:\/\/puregrowshop.com\/fr\/wp-json\/wp\/v2\/types\/product"}],"replies":[{"embeddable":true,"href":"https:\/\/puregrowshop.com\/fr\/wp-json\/wp\/v2\/comments?post=12550"}],"wp:featuredmedia":[{"embeddable":true,"href":"https:\/\/puregrowshop.com\/fr\/wp-json\/wp\/v2\/media\/12549"}],"wp:attachment":[{"href":"https:\/\/puregrowshop.com\/fr\/wp-json\/wp\/v2\/media?parent=12550"}],"wp:term":[{"taxonomy":"pwb-brand","embeddable":true,"href":"https:\/\/puregrowshop.com\/fr\/wp-json\/wp\/v2\/pwb-brand?post=12550"},{"taxonomy":"product_brand","embeddable":true,"href":"https:\/\/puregrowshop.com\/fr\/wp-json\/wp\/v2\/product_brand?post=12550"},{"taxonomy":"product_cat","embeddable":true,"href":"https:\/\/puregrowshop.com\/fr\/wp-json\/wp\/v2\/product_cat?post=12550"},{"taxonomy":"product_tag","embeddable":true,"href":"https:\/\/puregrowshop.com\/fr\/wp-json\/wp\/v2\/product_tag?post=12550"}],"curies":[{"name":"wp","href":"https:\/\/api.w.org\/{rel}","templated":true}]}}