{"id":12546,"date":"2024-10-28T20:44:59","date_gmt":"2024-10-28T20:44:59","guid":{"rendered":"https:\/\/puregrowshop.com\/insta-green-4-lt-grotek\/"},"modified":"2026-02-17T09:23:20","modified_gmt":"2026-02-17T09:23:20","slug":"insta-green-4-lt-grotek","status":"publish","type":"product","link":"https:\/\/puregrowshop.com\/fr\/insta-green-4-lt-grotek\/","title":{"rendered":"Insta Green 4 lt. Grotek"},"content":{"rendered":"<p>Presentamos &quot;Insta Green 4 lt. Grotek&quot;, un fertilizante l\u00edquido dise\u00f1ado para revitalizar y fortalecer tus plantas de manera r\u00e1pida y eficiente. Ideal para aquellos que buscan un impulso inmediato en el verdor y la salud de sus cultivos, este producto es esencial para cualquier jardinero exigente.<\/p>\n<ul>\n<li>Peso: 4.9 kg<\/li>\n<li>Categor\u00eda: Fertilizantes<\/li>\n<li>Formato: L\u00edquido<\/li>\n<li>Volumen: 4 litros<\/li>\n<\/ul>\n<p>&quot;Insta Green 4 lt. Grotek&quot; ofrece una soluci\u00f3n poderosa para combatir la deficiencia de nutrientes, mejorando el color y la vitalidad de las hojas. Perfecto para plantas en estado de estr\u00e9s o con crecimiento ralentizado, este fertilizante garantiza resultados visibles en poco tiempo.<\/p>\n<p>La composici\u00f3n de &quot;Insta Green&quot; incluye una mezcla equilibrada de nutrientes esenciales que promueven la fotos\u00edntesis y el desarrollo celular, asegurando un crecimiento vigoroso y saludable.<\/p>\n<p>Para utilizar, agitar bien antes de usar. Diluir 5 ml por litro de agua y aplicar directamente al suelo o mediante riego foliar. Repetir semanalmente o seg\u00fan sea necesario para mantener un verdor \u00f3ptimo. Opta por &quot;Insta Green 4 lt. Grotek&quot; para dar a tus plantas el cuidado que merecen.<\/p>\n","protected":false},"excerpt":{"rendered":"<p>Insta-Green\u2122 se ha dise\u00f1ado para ayudar a los cultivadores cuando se requiera un aumento de nitr\u00f3geno para sus plantas. La f\u00f3rmula puede ayudar a disminuir el color amarillento y devolver un color verde exuberante a los esquejes, semilleros o plantas que demuestran indicios de subalimentaci\u00f3n. Utilice el producto hasta que las plantas hayan recuperado su vigor o alternativamente como una medida preventiva. El producto funciona mejor como aplicacion foliar, de esta forma se proporciona el m\u00e1ximo beneficio del hierro adicional de la f\u00f3rmula.<\/p>\n","protected":false},"featured_media":12545,"comment_status":"open","ping_status":"closed","template":"","meta":{"_bst_post_transparent":"","_bst_post_title":"","_bst_post_layout":"","_bst_post_sidebar_id":"","_bst_post_content_style":"","_bst_post_vertical_padding":"","_bst_post_feature":"","_bst_post_feature_position":"","_bst_post_header":false,"_bst_post_footer":false},"pwb-brand":[171],"product_brand":[],"product_cat":[39],"product_tag":[],"class_list":{"0":"post-12546","1":"product","2":"type-product","3":"status-publish","4":"has-post-thumbnail","6":"pwb-brand-grotek","7":"product_cat-fertilizantes","8":"product_shipping_class-entre-1-kg-y-5-kg","10":"first","11":"instock","12":"sale","13":"taxable","14":"shipping-taxable","15":"purchasable","16":"product-type-simple","17":"entry","18":"content-bg","19":"loop-entry"},"brands":[{"id":171,"name":"Grotek","slug":"grotek"}],"_links":{"self":[{"href":"https:\/\/puregrowshop.com\/fr\/wp-json\/wp\/v2\/product\/12546","targetHints":{"allow":["GET"]}}],"collection":[{"href":"https:\/\/puregrowshop.com\/fr\/wp-json\/wp\/v2\/product"}],"about":[{"href":"https:\/\/puregrowshop.com\/fr\/wp-json\/wp\/v2\/types\/product"}],"replies":[{"embeddable":true,"href":"https:\/\/puregrowshop.com\/fr\/wp-json\/wp\/v2\/comments?post=12546"}],"wp:featuredmedia":[{"embeddable":true,"href":"https:\/\/puregrowshop.com\/fr\/wp-json\/wp\/v2\/media\/12545"}],"wp:attachment":[{"href":"https:\/\/puregrowshop.com\/fr\/wp-json\/wp\/v2\/media?parent=12546"}],"wp:term":[{"taxonomy":"pwb-brand","embeddable":true,"href":"https:\/\/puregrowshop.com\/fr\/wp-json\/wp\/v2\/pwb-brand?post=12546"},{"taxonomy":"product_brand","embeddable":true,"href":"https:\/\/puregrowshop.com\/fr\/wp-json\/wp\/v2\/product_brand?post=12546"},{"taxonomy":"product_cat","embeddable":true,"href":"https:\/\/puregrowshop.com\/fr\/wp-json\/wp\/v2\/product_cat?post=12546"},{"taxonomy":"product_tag","embeddable":true,"href":"https:\/\/puregrowshop.com\/fr\/wp-json\/wp\/v2\/product_tag?post=12546"}],"curies":[{"name":"wp","href":"https:\/\/api.w.org\/{rel}","templated":true}]}}