{"id":12544,"date":"2024-10-28T20:44:59","date_gmt":"2024-10-28T20:44:59","guid":{"rendered":"https:\/\/puregrowshop.com\/cal-max-1-lt-grotek\/"},"modified":"2025-12-27T20:12:24","modified_gmt":"2025-12-27T20:12:24","slug":"cal-max-1-lt-grotek","status":"publish","type":"product","link":"https:\/\/puregrowshop.com\/fr\/cal-max-1-lt-grotek\/","title":{"rendered":"Cal Max  1 lt. Grotek"},"content":{"rendered":"<p><STRONG>Direcciones de uso:<\/STRONG> <BR>AGITESE BIEN antes de usarse.<BR>Hidroponia: Use 1-11\/2 cdt de Cal-Max por 1 gal\u00f3n (5 &#8211; 8 ml\/4 L) de soluci\u00f3n nutritiva.<BR>Aplicaci\u00f3n en tierra\/Aplicaci\u00f3n sin tierra: Use 1 cdt de Cal-Max por 1 gal\u00f3n (5ml\/4 L) de agua.<\/p>\n","protected":false},"excerpt":{"rendered":"<p>Durante los per\u00edodos de altas temperaturas y crecimiento acelerado, las plantas pueden desarrollar evitables carencias de nutrientes. Cal-Max fue creado para proporcionar el calcio, magnesio y hierro adicional necesario para apoyar la m\u00e1xima producci\u00f3n. Cal-Max puede utilizarse para tratar los problemas en cuanto surjan y tambi\u00e9n puede utilizarse como un complemento preventivo en su programa de alimentaci\u00f3n para evitar deficiencias, tales como necrosis marginal en la lechuga y podredumbre apical en los tomates. <\/p>\n","protected":false},"featured_media":12543,"comment_status":"open","ping_status":"closed","template":"","meta":{"_bst_post_transparent":"","_bst_post_title":"","_bst_post_layout":"","_bst_post_sidebar_id":"","_bst_post_content_style":"","_bst_post_vertical_padding":"","_bst_post_feature":"","_bst_post_feature_position":"","_bst_post_header":false,"_bst_post_footer":false},"pwb-brand":[171],"product_brand":[],"product_cat":[39],"product_tag":[],"class_list":{"0":"post-12544","1":"product","2":"type-product","3":"status-publish","4":"has-post-thumbnail","6":"pwb-brand-grotek","7":"product_cat-fertilizantes","9":"first","10":"instock","11":"sale","12":"taxable","13":"shipping-taxable","14":"purchasable","15":"product-type-simple","16":"entry","17":"content-bg","18":"loop-entry"},"brands":[{"id":171,"name":"Grotek","slug":"grotek"}],"_links":{"self":[{"href":"https:\/\/puregrowshop.com\/fr\/wp-json\/wp\/v2\/product\/12544","targetHints":{"allow":["GET"]}}],"collection":[{"href":"https:\/\/puregrowshop.com\/fr\/wp-json\/wp\/v2\/product"}],"about":[{"href":"https:\/\/puregrowshop.com\/fr\/wp-json\/wp\/v2\/types\/product"}],"replies":[{"embeddable":true,"href":"https:\/\/puregrowshop.com\/fr\/wp-json\/wp\/v2\/comments?post=12544"}],"wp:featuredmedia":[{"embeddable":true,"href":"https:\/\/puregrowshop.com\/fr\/wp-json\/wp\/v2\/media\/12543"}],"wp:attachment":[{"href":"https:\/\/puregrowshop.com\/fr\/wp-json\/wp\/v2\/media?parent=12544"}],"wp:term":[{"taxonomy":"pwb-brand","embeddable":true,"href":"https:\/\/puregrowshop.com\/fr\/wp-json\/wp\/v2\/pwb-brand?post=12544"},{"taxonomy":"product_brand","embeddable":true,"href":"https:\/\/puregrowshop.com\/fr\/wp-json\/wp\/v2\/product_brand?post=12544"},{"taxonomy":"product_cat","embeddable":true,"href":"https:\/\/puregrowshop.com\/fr\/wp-json\/wp\/v2\/product_cat?post=12544"},{"taxonomy":"product_tag","embeddable":true,"href":"https:\/\/puregrowshop.com\/fr\/wp-json\/wp\/v2\/product_tag?post=12544"}],"curies":[{"name":"wp","href":"https:\/\/api.w.org\/{rel}","templated":true}]}}