{"id":12540,"date":"2024-10-28T20:44:58","date_gmt":"2024-10-28T20:44:58","guid":{"rendered":"https:\/\/puregrowshop.com\/blossom-blaster-20-gr-grotek\/"},"modified":"2025-12-27T20:12:24","modified_gmt":"2025-12-27T20:12:24","slug":"blossom-blaster-20-gr-grotek","status":"publish","type":"product","link":"https:\/\/puregrowshop.com\/fr\/blossom-blaster-20-gr-grotek\/","title":{"rendered":"Blossom Blaster  20 gr. Grotek"},"content":{"rendered":"<p>Direcciones de uso:<BR>Hidroponia: Por cada 10 L (2.5 gal) de soluci\u00f3n de crecimiento en su deposito, mezcle 1 g (1\/4 de cucharada de te) de Blossom Blaster\u2122. A\u00f1ada Blossom Blaster directamente a su deposito cuando los brotes de las flores se vean estables. Mezcle bien. Repita dos semanas mas tarde. <BR>Aplicaci\u00f3n en tierra\/ Aplicaci\u00f3n sin tierra: Por cada 10 L (2.5 gal) de agua, mezcle 1 g (1\/4 de cucharada de te) de Blossom Blaster. Disuelva Blossom Blaster directamente en su jarra para regar. Riegue con 1\/2 L (1\/2 cuarto) por planta cuando las primeras plantas aparezcan. Repita dos semanas mas tarde.<\/p>\n","protected":false},"excerpt":{"rendered":"<p>Blossom Blaster\u2122 proporciona f\u00f3sforo para mejorar el desarrollo de ra\u00edces y fortalecer la floraci\u00f3n y fructificaci\u00f3n. El potasio juega un papel clave para transportar los az\u00facares producidos por la fotos\u00edntesis. Deber\u00eda agregar este potente complemento de floraci\u00f3n dos veces durante las 3 semanas iniciales de floraci\u00f3n. Blossom Blaster\u2122 es eficaz en todo medio de cultivo y compatible con todo nutriente base. <BR>No utilice el producto como aplicacion foliar. Utilice siempre el producto reci\u00e9n preparado. No lo agregue a las soluciones ya existentes.<BR><\/p>\n","protected":false},"featured_media":12539,"comment_status":"open","ping_status":"closed","template":"","meta":{"_bst_post_transparent":"","_bst_post_title":"","_bst_post_layout":"","_bst_post_sidebar_id":"","_bst_post_content_style":"","_bst_post_vertical_padding":"","_bst_post_feature":"","_bst_post_feature_position":"","_bst_post_header":false,"_bst_post_footer":false},"pwb-brand":[171],"product_brand":[],"product_cat":[39],"product_tag":[],"class_list":{"0":"post-12540","1":"product","2":"type-product","3":"status-publish","4":"has-post-thumbnail","6":"pwb-brand-grotek","7":"product_cat-fertilizantes","9":"first","10":"instock","11":"sale","12":"taxable","13":"shipping-taxable","14":"purchasable","15":"product-type-simple","16":"entry","17":"content-bg","18":"loop-entry"},"brands":[{"id":171,"name":"Grotek","slug":"grotek"}],"_links":{"self":[{"href":"https:\/\/puregrowshop.com\/fr\/wp-json\/wp\/v2\/product\/12540","targetHints":{"allow":["GET"]}}],"collection":[{"href":"https:\/\/puregrowshop.com\/fr\/wp-json\/wp\/v2\/product"}],"about":[{"href":"https:\/\/puregrowshop.com\/fr\/wp-json\/wp\/v2\/types\/product"}],"replies":[{"embeddable":true,"href":"https:\/\/puregrowshop.com\/fr\/wp-json\/wp\/v2\/comments?post=12540"}],"wp:featuredmedia":[{"embeddable":true,"href":"https:\/\/puregrowshop.com\/fr\/wp-json\/wp\/v2\/media\/12539"}],"wp:attachment":[{"href":"https:\/\/puregrowshop.com\/fr\/wp-json\/wp\/v2\/media?parent=12540"}],"wp:term":[{"taxonomy":"pwb-brand","embeddable":true,"href":"https:\/\/puregrowshop.com\/fr\/wp-json\/wp\/v2\/pwb-brand?post=12540"},{"taxonomy":"product_brand","embeddable":true,"href":"https:\/\/puregrowshop.com\/fr\/wp-json\/wp\/v2\/product_brand?post=12540"},{"taxonomy":"product_cat","embeddable":true,"href":"https:\/\/puregrowshop.com\/fr\/wp-json\/wp\/v2\/product_cat?post=12540"},{"taxonomy":"product_tag","embeddable":true,"href":"https:\/\/puregrowshop.com\/fr\/wp-json\/wp\/v2\/product_tag?post=12540"}],"curies":[{"name":"wp","href":"https:\/\/api.w.org\/{rel}","templated":true}]}}