{"id":12398,"date":"2024-10-28T20:02:03","date_gmt":"2024-10-28T20:02:03","guid":{"rendered":"https:\/\/puregrowshop.com\/npk-12-8-1-1-lt-bio-nova\/"},"modified":"2025-12-27T20:12:24","modified_gmt":"2025-12-27T20:12:24","slug":"npk-12-8-1-1-lt-bio-nova","status":"publish","type":"product","link":"https:\/\/puregrowshop.com\/fr\/npk-12-8-1-1-lt-bio-nova\/","title":{"rendered":"NPK 12.8.1 &#8211; 1 lt. Bio Nova"},"content":{"rendered":"<p>Presentamos el fertilizante l\u00edquido NPK 12.8.1 de Bio Nova, dise\u00f1ado para optimizar el crecimiento y la salud de tus plantas. Este producto es ideal para agricultores y jardineros que buscan un rendimiento superior y un desarrollo equilibrado en sus cultivos.<\/p>\n<ul>\n<li>Formula: NPK 12.8.1<\/li>\n<li>Contenido: 1 litro<\/li>\n<li>Peso: 1.45 kg<\/li>\n<li>Categor\u00eda: Fertilizantes<\/li>\n<\/ul>\n<p>Este fertilizante promueve un crecimiento vigoroso, mejora la floraci\u00f3n y aumenta la resistencia de las plantas a condiciones adversas. Es perfecto para su uso en diferentes tipos de cultivos, incluyendo hortalizas, flores y plantas ornamentales.<\/p>\n<p>El NPK 12.8.1 se compone de:<\/p>\n<ul>\n<li>Nitr\u00f3geno (N) para el crecimiento vegetativo<\/li>\n<li>F\u00f3sforo (P) para el desarrollo de ra\u00edces y flores<\/li>\n<li>Potasio (K) para la resistencia y la calidad del fruto<\/li>\n<\/ul>\n<p>Instrucciones de uso y dosificaci\u00f3n: Diluir 10 ml de producto en 1 litro de agua y aplicar durante el riego. Se recomienda su uso cada 1-2 semanas, adaptando la frecuencia seg\u00fan las necesidades espec\u00edficas de las plantas. Para mejores resultados, aplicar durante las fases de crecimiento y floraci\u00f3n.<\/p>\n","protected":false},"excerpt":{"rendered":"<p>Este producto contiene: 12 % N (nitrogeno) del que un 1 % es NO3 y un 11 % de NH2. Adem\u00e1s<br \/>el producto contiene 8 % P2O5 (f\u00f3sforo); 11 % K2O (potasio); MgO (magnesio) y elementos<br \/>traza como hierro, boro, manganeso, molibdeno y cobre.<br \/>Ademas de los abonos simples de N, P, y K BIO NOVA tambi\u00e9n ofrece combinaciones<br \/>completas N-P-K en proporciones definidas, como NPK 12-8-11. Esta combinaci\u00f3n es<br \/>especialmente indicada para tierra y para hidrocultivo y se combina bien con los dem\u00e1s<br \/>abonos minerales y elementos traza.<br \/>NPK 12-8-11 es muy barato<br \/>NPK 12-8-11 no contiene elementos lastre y actua muy r\u00e1pidamente.<\/p>\n<p>Una d\u00f3sis de 1:1000 aumenta la cantidad total de N en 9.5 mmol; la de P en 1.4<br \/>mmol y la de K en 3 mmol.<\/p>\n","protected":false},"featured_media":11468,"comment_status":"open","ping_status":"closed","template":"","meta":{"_bst_post_transparent":"","_bst_post_title":"","_bst_post_layout":"","_bst_post_sidebar_id":"","_bst_post_content_style":"","_bst_post_vertical_padding":"","_bst_post_feature":"","_bst_post_feature_position":"","_bst_post_header":false,"_bst_post_footer":false},"pwb-brand":[169],"product_brand":[],"product_cat":[39],"product_tag":[],"class_list":{"0":"post-12398","1":"product","2":"type-product","3":"status-publish","4":"has-post-thumbnail","6":"pwb-brand-bio-nova","7":"product_cat-fertilizantes","9":"first","10":"instock","11":"sale","12":"taxable","13":"shipping-taxable","14":"purchasable","15":"product-type-simple","16":"entry","17":"content-bg","18":"loop-entry"},"brands":[{"id":169,"name":"Bio Nova","slug":"bio-nova"}],"_links":{"self":[{"href":"https:\/\/puregrowshop.com\/fr\/wp-json\/wp\/v2\/product\/12398","targetHints":{"allow":["GET"]}}],"collection":[{"href":"https:\/\/puregrowshop.com\/fr\/wp-json\/wp\/v2\/product"}],"about":[{"href":"https:\/\/puregrowshop.com\/fr\/wp-json\/wp\/v2\/types\/product"}],"replies":[{"embeddable":true,"href":"https:\/\/puregrowshop.com\/fr\/wp-json\/wp\/v2\/comments?post=12398"}],"wp:featuredmedia":[{"embeddable":true,"href":"https:\/\/puregrowshop.com\/fr\/wp-json\/wp\/v2\/media\/11468"}],"wp:attachment":[{"href":"https:\/\/puregrowshop.com\/fr\/wp-json\/wp\/v2\/media?parent=12398"}],"wp:term":[{"taxonomy":"pwb-brand","embeddable":true,"href":"https:\/\/puregrowshop.com\/fr\/wp-json\/wp\/v2\/pwb-brand?post=12398"},{"taxonomy":"product_brand","embeddable":true,"href":"https:\/\/puregrowshop.com\/fr\/wp-json\/wp\/v2\/product_brand?post=12398"},{"taxonomy":"product_cat","embeddable":true,"href":"https:\/\/puregrowshop.com\/fr\/wp-json\/wp\/v2\/product_cat?post=12398"},{"taxonomy":"product_tag","embeddable":true,"href":"https:\/\/puregrowshop.com\/fr\/wp-json\/wp\/v2\/product_tag?post=12398"}],"curies":[{"name":"wp","href":"https:\/\/api.w.org\/{rel}","templated":true}]}}